{"id":2824,"date":"2024-06-18T14:10:13","date_gmt":"2024-06-18T12:10:13","guid":{"rendered":"https:\/\/isertessuti.agomir.com\/politique-de-confidentialite\/"},"modified":"2024-06-28T01:23:56","modified_gmt":"2024-06-27T23:23:56","slug":"politique-de-confidentialite","status":"publish","type":"page","link":"https:\/\/isertessuti.com\/fr\/politique-de-confidentialite\/","title":{"rendered":"Politique de confidentialit\u00e9"},"content":{"rendered":"\n<h4 class=\"wp-block-heading\" id=\"owner_of_the_data\">RESPONSABLE DU TRAITEMENT DES DONN\u00c9ES<\/h4>\n\n<p>ISER SRL<\/p>\n\n<p><strong>Adresse \u00e9lectronique du titulaire : info@isertessuti.com<\/strong><\/p>\n\n<h4 class=\"wp-block-heading\" id=\"types_of_data\">LES TYPES DE DONN\u00c9ES COLLECT\u00c9ES<\/h4>\n\n<p>Parmi les Donn\u00e9es personnelles collect\u00e9es par cette Application, de mani\u00e8re ind\u00e9pendante ou par l&rsquo;interm\u00e9diaire de tiers, figurent : Cookies ; Donn\u00e9es d&rsquo;utilisation ; nom ; email ; num\u00e9ro de t\u00e9l\u00e9phone ; nombre d&rsquo;Utilisateurs ; ville ; informations sur l&rsquo;appareil ; statistiques de session ; latitude (de la ville) ; longitude (de la ville) ; informations sur le navigateur.<\/p>\n\n<p>Des d\u00e9tails complets sur chaque type de donn\u00e9es personnelles collect\u00e9es sont fournis dans les sections correspondantes de la pr\u00e9sente politique de confidentialit\u00e9 ou par le biais de textes d&rsquo;information sp\u00e9cifiques affich\u00e9s avant la collecte des donn\u00e9es.<br\/>Les Donn\u00e9es Personnelles peuvent \u00eatre librement fournies par l&rsquo;Utilisateur ou, dans le cas des Donn\u00e9es de l&rsquo;Utilisateur, automatiquement collect\u00e9es lors de l&rsquo;utilisation de cette Application.<br\/>Sauf indication contraire, toutes les Donn\u00e9es demand\u00e9es par cette Application sont obligatoires. Si l&rsquo;Utilisateur refuse de les communiquer, cette Application peut \u00eatre dans l&rsquo;impossibilit\u00e9 de fournir le Service. Dans les cas o\u00f9 cette Application indique certaines Donn\u00e9es comme \u00e9tant facultatives, les Utilisateurs sont libres de ne pas les communiquer, sans que cela n&rsquo;ait de cons\u00e9quence sur la disponibilit\u00e9 du Service ou son fonctionnement.  <br\/>Les utilisateurs qui ont des doutes sur les donn\u00e9es obligatoires sont encourag\u00e9s \u00e0 contacter le contr\u00f4leur.<br\/>L&rsquo;utilisation \u00e9ventuelle de cookies &#8211; ou d&rsquo;autres outils de suivi &#8211; par cette application ou par les propri\u00e9taires de services tiers utilis\u00e9s par cette application a pour but de fournir le service demand\u00e9 par l&rsquo;utilisateur, en plus des autres objectifs d\u00e9crits dans le pr\u00e9sent document et dans la politique relative aux cookies.<\/p>\n\n<p>L&rsquo;utilisateur assume la responsabilit\u00e9 des donn\u00e9es personnelles de tiers obtenues, publi\u00e9es ou partag\u00e9es par le biais de cette application.<\/p>\n\n<div style=\"height:30px\" aria-hidden=\"true\" class=\"wp-block-spacer\"><\/div>\n\n<h4 class=\"wp-block-heading\" id=\"place_of_processing\">COMMENT ET O\u00d9 LES DONN\u00c9ES COLLECT\u00c9ES SONT TRAIT\u00c9ES<\/h4>\n\n<h5 class=\"wp-block-heading\">Modes de traitement<\/h5>\n\n<p>Le contr\u00f4leur prend des mesures de s\u00e9curit\u00e9 appropri\u00e9es pour emp\u00eacher l&rsquo;acc\u00e8s non autoris\u00e9, la divulgation, la modification ou la destruction des donn\u00e9es \u00e0 caract\u00e8re personnel.<br\/>Le traitement est effectu\u00e9 \u00e0 l&rsquo;aide d&rsquo;instruments informatiques et\/ou t\u00e9l\u00e9matiques, avec des m\u00e9thodes d&rsquo;organisation et des logiques strictement li\u00e9es aux finalit\u00e9s indiqu\u00e9es. Outre le Responsable du traitement, dans certains cas, d&rsquo;autres sujets impliqu\u00e9s dans l&rsquo;organisation de cette Application (administratifs, commerciaux, marketing, juridiques, administrateurs de syst\u00e8me) ou des sujets externes (tels que des prestataires de services techniques tiers, des courriers postaux, des fournisseurs d&rsquo;h\u00e9bergement, des soci\u00e9t\u00e9s informatiques, des agences de communication) \u00e9galement d\u00e9sign\u00e9s, si n\u00e9cessaire, comme Responsables du traitement par le Responsable du traitement, peuvent avoir acc\u00e8s aux Donn\u00e9es. La liste actualis\u00e9e des responsables du traitement des donn\u00e9es peut toujours \u00eatre demand\u00e9e au responsable du traitement des donn\u00e9es.  <\/p>\n\n<h5 class=\"wp-block-heading\">Lieu<\/h5>\n\n<p>Les donn\u00e9es sont trait\u00e9es dans les locaux du contr\u00f4leur et dans tout autre lieu o\u00f9 se trouvent les parties impliqu\u00e9es dans le traitement. Pour de plus amples informations, veuillez contacter le contr\u00f4leur des donn\u00e9es. <br\/>Les donn\u00e9es \u00e0 caract\u00e8re personnel de l&rsquo;utilisateur peuvent \u00eatre transf\u00e9r\u00e9es vers un pays autre que celui o\u00f9 se trouve l&rsquo;utilisateur. Pour plus d&rsquo;informations sur le lieu de traitement, l&rsquo;Utilisateur peut se r\u00e9f\u00e9rer \u00e0 la section sur les d\u00e9tails du traitement des donn\u00e9es personnelles. <\/p>\n\n<h5 class=\"wp-block-heading\">P\u00e9riode de conservation<\/h5>\n\n<p>Sauf indication contraire dans le pr\u00e9sent document, les donn\u00e9es \u00e0 caract\u00e8re personnel sont trait\u00e9es et conserv\u00e9es pendant la dur\u00e9e n\u00e9cessaire \u00e0 la r\u00e9alisation de la finalit\u00e9 pour laquelle elles ont \u00e9t\u00e9 collect\u00e9es et peuvent \u00eatre conserv\u00e9es pendant une p\u00e9riode plus longue en raison d&rsquo;une obligation l\u00e9gale ou sur la base du consentement de l&rsquo;utilisateur.<\/p>\n\n<div style=\"height:30px\" aria-hidden=\"true\" class=\"wp-block-spacer\"><\/div>\n\n<h4 class=\"wp-block-heading\" id=\"use_collected_data\">FINALIT\u00c9 DU TRAITEMENT DES DONN\u00c9ES<\/h4>\n\n<p>Les donn\u00e9es de l&rsquo;utilisateur sont collect\u00e9es pour permettre au responsable du traitement des donn\u00e9es de fournir le service, de se conformer aux obligations l\u00e9gales, de r\u00e9pondre aux demandes ou aux mesures d&rsquo;ex\u00e9cution, de prot\u00e9ger ses droits et int\u00e9r\u00eats (ou ceux des utilisateurs ou des tiers), de d\u00e9tecter toute activit\u00e9 malveillante ou frauduleuse, ainsi qu&rsquo;aux fins suivantes : Statistiques, contact avec l&rsquo;utilisateur, protection contre le SPAM, remarketing et ciblage comportemental, gestion des balises, affichage de contenu provenant de plateformes externes, enregistrement et authentification, plateforme et services d&rsquo;h\u00e9bergement, tests de performance du contenu et des fonctionnalit\u00e9s (tests A\/B), publicit\u00e9 et infrastructure d&rsquo;h\u00e9bergement et de backend.<br\/>Pour obtenir des informations d\u00e9taill\u00e9es sur les finalit\u00e9s du traitement et les donn\u00e9es \u00e0 caract\u00e8re personnel trait\u00e9es pour chaque finalit\u00e9, l&rsquo;utilisateur peut se r\u00e9f\u00e9rer \u00e0 la section \u00ab\u00a0D\u00e9tails du traitement des donn\u00e9es \u00e0 caract\u00e8re personnel\u00a0\u00bb.<\/p>\n\n<div style=\"height:30px\" aria-hidden=\"true\" class=\"wp-block-spacer\"><\/div>\n\n<h4 class=\"wp-block-heading\" id=\"data_processing_detailed_info\">D\u00c9TAILS SUR LE TRAITEMENT DES DONN\u00c9ES PERSONNELLES<\/h4>\n\n<p>Les donn\u00e9es \u00e0 caract\u00e8re personnel sont collect\u00e9es aux fins suivantes et en utilisant les services suivants :<\/p>\n\n<h5 class=\"wp-block-heading\"><strong>Contacter l&rsquo;utilisateur<\/strong><\/h5>\n\n<p><strong>FORMULAIRE DE CONTACT (CETTE APPLICATION)<\/strong><\/p>\n\n<p>L&rsquo;utilisateur, en remplissant le formulaire de contact avec ses donn\u00e9es, consent \u00e0 leur utilisation pour r\u00e9pondre aux demandes d&rsquo;information, de devis, ou de toute autre nature indiqu\u00e9e dans l&rsquo;en-t\u00eate du formulaire.<\/p>\n\n<p>Donn\u00e9es personnelles trait\u00e9es : courriel ; nom.<\/p>\n\n<p><strong>CONTACT PAR T\u00c9L\u00c9PHONE (CETTE DEMANDE)<\/strong><\/p>\n\n<p>Les utilisateurs qui ont fourni leur num\u00e9ro de t\u00e9l\u00e9phone peuvent \u00eatre contact\u00e9s \u00e0 des fins commerciales ou promotionnelles li\u00e9es \u00e0 cette application, ainsi que pour r\u00e9pondre \u00e0 des demandes d&rsquo;assistance.<\/p>\n\n<p>Donn\u00e9es personnelles trait\u00e9es : num\u00e9ro de t\u00e9l\u00e9phone.<\/p>\n\n<h5 class=\"wp-block-heading\"><strong>Gestion des balises<\/strong><\/h5>\n\n<p>Ce type de service est fonctionnel pour la gestion centralis\u00e9e des balises ou des scripts utilis\u00e9s sur cette application.<br\/>L&rsquo;utilisation de ces services entra\u00eene la circulation des donn\u00e9es de l&rsquo;utilisateur par leur interm\u00e9diaire et, le cas \u00e9ch\u00e9ant, leur conservation.<\/p>\n\n<p><strong>GOOGLE TAG MANAGER (GOOGLE LLC)<\/strong><\/p>\n\n<p>Google Tag Manager est un service de gestion des balises fourni par Google LLC.<\/p>\n\n<p>Donn\u00e9es personnelles trait\u00e9es : Cookies ; donn\u00e9es d&rsquo;utilisation.<\/p>\n\n<p>Lieu de traitement : \u00c9tats-Unis &#8211; <a href=\"https:\/\/www.google.com\/intl\/it\/policies\/privacy\/\" target=\"_blank\" rel=\"noreferrer noopener\">Politique de confidentialit\u00e9<\/a>.<\/p>\n\n<h5 class=\"wp-block-heading\"><strong>H\u00e9bergement et infrastructure dorsale<\/strong><\/h5>\n\n<p>Ces types de services ont pour fonction d&rsquo;h\u00e9berger les donn\u00e9es et les fichiers qui permettent \u00e0 cette application de fonctionner, de la distribuer et de fournir une infrastructure pr\u00eate \u00e0 l&#8217;emploi pour fournir des fonctionnalit\u00e9s sp\u00e9cifiques de cette application.<\/p>\n\n<p>Certains des services \u00e9num\u00e9r\u00e9s ci-dessous, le cas \u00e9ch\u00e9ant, peuvent fonctionner sur des serveurs g\u00e9ographiquement dispers\u00e9s, ce qui rend difficile la d\u00e9termination de l&#8217;emplacement r\u00e9el o\u00f9 les donn\u00e9es \u00e0 caract\u00e8re personnel sont stock\u00e9es.<\/p>\n\n<p><strong>GOOGLE RECAPTCHA (GOOGLE INC.)<\/strong><\/p>\n\n<p>Google reCAPTCHA est un service de protection contre le SPAM fourni par Google Inc.<br\/>L&rsquo;utilisation du syst\u00e8me reCAPTCHA est soumise aux r\u00e8gles de <a href=\"https:\/\/www.google.com\/intl\/it\/policies\/privacy\/\" target=\"_blank\" rel=\"noopener\">confidentialit\u00e9<\/a> et aux <a href=\"https:\/\/www.google.com\/intl\/it\/policies\/terms\/\" target=\"_blank\" rel=\"noopener\">conditions d&rsquo;utilisation<\/a> de Google. <\/p>\n\n<p>Pour comprendre l&rsquo;utilisation des donn\u00e9es par Google, veuillez vous r\u00e9f\u00e9rer \u00e0 la <a href=\"https:\/\/www.google.com\/intl\/it\/policies\/privacy\/partners\/\" target=\"_blank\" rel=\"noopener\">politique de partenariat de Google<\/a>.<\/p>\n\n<p>Donn\u00e9es personnelles trait\u00e9es : Cookies ; donn\u00e9es d&rsquo;utilisation.<\/p>\n\n<p>Lieu de traitement : \u00c9tats-Unis &#8211; <a href=\"https:\/\/business.safety.google\/privacy\/\" target=\"_blank\" rel=\"noreferrer noopener\">Politique de confidentialit\u00e9<\/a>.<\/p>\n\n<h5 class=\"wp-block-heading\">Publicit\u00e9<\/h5>\n\n<p>Ce type de service permet d&rsquo;utiliser les donn\u00e9es de l&rsquo;utilisateur \u00e0 des fins de communication commerciale. Ces communications sont affich\u00e9es sur cette application sous forme de banni\u00e8res et d&rsquo;autres formes de publicit\u00e9, \u00e9galement en relation avec les int\u00e9r\u00eats de l&rsquo;utilisateur. <br\/>Cela ne signifie pas que toutes les donn\u00e9es \u00e0 caract\u00e8re personnel sont utilis\u00e9es \u00e0 cette fin. Les donn\u00e9es et les conditions d&rsquo;utilisation sont expos\u00e9es ci-dessous. <br\/>Certains des services mentionn\u00e9s ci-dessous peuvent utiliser des outils de suivi pour identifier l&rsquo;utilisateur ou utiliser la technique de reciblage comportemental, c&rsquo;est-\u00e0-dire afficher des publicit\u00e9s adapt\u00e9es aux int\u00e9r\u00eats et au comportement de l&rsquo;utilisateur, \u00e9galement d\u00e9tect\u00e9s en dehors de cette application. Pour plus d&rsquo;informations \u00e0 ce sujet, nous vous sugg\u00e9rons de consulter les politiques de confidentialit\u00e9 des services respectifs. <br\/>En g\u00e9n\u00e9ral, les services de ce type offrent la possibilit\u00e9 de d\u00e9sactiver ce suivi. Outre la fonction de d\u00e9sactivation fournie par l&rsquo;un des services \u00e9num\u00e9r\u00e9s dans le pr\u00e9sent document, l&rsquo;utilisateur peut en savoir plus sur la mani\u00e8re de d\u00e9sactiver les publicit\u00e9s bas\u00e9es sur les centres d&rsquo;int\u00e9r\u00eat dans la section \u00ab\u00a0Comment d\u00e9sactiver la publicit\u00e9 bas\u00e9e sur les centres d&rsquo;int\u00e9r\u00eat\u00a0\u00bb du pr\u00e9sent document. <\/p>\n\n<p><strong>REMARKETING GOOGLE ADS (GOOGLE LLC)<\/strong><\/p>\n\n<p>Remarketing Google Ads est un service de remarketing et de ciblage comportemental fourni par Google LLC qui relie l&rsquo;activit\u00e9 de cette application au r\u00e9seau publicitaire Google Ads et au cookie DoubleClick. <\/p>\n\n<p>Les utilisateurs peuvent d\u00e9sactiver les cookies de Google pour la personnalisation des annonces en consultant les <a href=\"https:\/\/adssettings.google.com\/authenticated\" target=\"_blank\" rel=\"noopener\">param\u00e8tres des annonces<\/a> de Google.<\/p>\n\n<p>Donn\u00e9es personnelles trait\u00e9es : Cookies ; donn\u00e9es d&rsquo;utilisation.<\/p>\n\n<p>Lieu de traitement : \u00c9tats-Unis &#8211; <a href=\"https:\/\/policies.google.com\/privacy\" target=\"_blank\" rel=\"noreferrer noopener\">Politique de confidentialit\u00e9<\/a> &#8211; <a href=\"https:\/\/adssettings.google.com\/authenticated?hl=it\" target=\"_blank\" rel=\"noopener\">Opt Out<\/a>.<\/p>\n\n<p><strong>REMARKETING CON GOOGLE ANALYTICS (GOOGLE LLC)<\/strong><\/p>\n\n<p>Remarketing avec Google Analytics est un service de remarketing et de ciblage comportemental fourni par Google LLC qui relie les activit\u00e9s de suivi effectu\u00e9es par Google Analytics et ses cookies au r\u00e9seau publicitaire Google Ads et au cookie Doubleclick.<\/p>\n\n<p>Donn\u00e9es personnelles trait\u00e9es : Cookies ; donn\u00e9es d&rsquo;utilisation.<\/p>\n\n<p>Lieu de traitement : \u00c9tats-Unis &#8211; <a href=\"https:\/\/policies.google.com\/privacy\" target=\"_blank\" rel=\"noreferrer noopener\">Politique de confidentialit\u00e9<\/a> &#8211; <a href=\"https:\/\/adssettings.google.com\/authenticated?hl=it\" target=\"_blank\" rel=\"noopener\">Opt Out<\/a>.<\/p>\n\n<h5 class=\"wp-block-heading\">Plateforme et services d&rsquo;h\u00e9bergement<\/h5>\n\n<p>Ces services sont destin\u00e9s \u00e0 h\u00e9berger et \u00e0 exploiter des \u00e9l\u00e9ments cl\u00e9s de cette application, ce qui permet de fournir cette application \u00e0 partir d&rsquo;une plate-forme unique. Ces plateformes fournissent au Propri\u00e9taire une large gamme d&rsquo;outils tels que, par exemple, des outils analytiques, la gestion de l&rsquo;enregistrement des utilisateurs, la gestion des commentaires et des bases de donn\u00e9es, le commerce \u00e9lectronique, le traitement des paiements, etc. L&rsquo;utilisation de ces outils implique la collecte et le traitement de donn\u00e9es \u00e0 caract\u00e8re personnel.  <br\/>Certains de ces services fonctionnent par l&rsquo;interm\u00e9diaire de serveurs situ\u00e9s g\u00e9ographiquement \u00e0 diff\u00e9rents endroits, ce qui rend difficile la d\u00e9termination du lieu exact o\u00f9 les donn\u00e9es \u00e0 caract\u00e8re personnel sont stock\u00e9es.<\/p>\n\n<p><strong>WORDPRESS.COM (AUTOMATTIC INC.)<\/strong><\/p>\n\n<p>WordPress.com est une plateforme fournie par Automattic Inc. qui permet au Propri\u00e9taire de d\u00e9velopper, d&rsquo;exploiter et d&rsquo;h\u00e9berger cette Application. <\/p>\n\n<p>Donn\u00e9es \u00e0 caract\u00e8re personnel trait\u00e9es : divers types de donn\u00e9es tels que sp\u00e9cifi\u00e9s dans la politique de confidentialit\u00e9 du service.<\/p>\n\n<p>Lieu de traitement : \u00c9tats-Unis &#8211; <a href=\"https:\/\/automattic.com\/privacy\/\" target=\"_blank\" rel=\"noreferrer noopener\">Politique de confidentialit\u00e9<\/a>.<\/p>\n\n<h5 class=\"wp-block-heading\">Statistiques<\/h5>\n\n<p>Les services contenus dans cette section permettent au contr\u00f4leur des donn\u00e9es de surveiller et d&rsquo;analyser les donn\u00e9es relatives au trafic et servent \u00e0 suivre le comportement de l&rsquo;utilisateur.<\/p>\n\n<p><strong>GOOGLE ANALYTICS (UNIVERSAL ANALYTICS) CON IP ANONIMIZZATO (GOOGLE IRELAND LIMITED)<\/strong><\/p>\n\n<p>Google Analytics (Universal Analytics) est un service d&rsquo;analyse du Web fourni par Google Ireland Limited (\u00ab\u00a0Google\u00a0\u00bb). Google utilise les donn\u00e9es personnelles collect\u00e9es afin de suivre et d&rsquo;examiner l&rsquo;utilisation de cette application, de compiler des rapports et de les partager avec d&rsquo;autres services d\u00e9velopp\u00e9s par Google. <br\/>Google peut utiliser les donn\u00e9es personnelles pour contextualiser et personnaliser les annonces de son r\u00e9seau publicitaire.<br\/>Cette int\u00e9gration de Google Analytics anonymise votre adresse IP. L&rsquo;anonymisation fonctionne en abr\u00e9geant l&rsquo;adresse IP des utilisateurs \u00e0 l&rsquo;int\u00e9rieur des fronti\u00e8res des \u00c9tats membres de l&rsquo;Union europ\u00e9enne ou d&rsquo;autres pays signataires de l&rsquo;accord sur l&rsquo;Espace \u00e9conomique europ\u00e9en. Ce n&rsquo;est que dans des cas exceptionnels que l&rsquo;adresse IP est envoy\u00e9e aux serveurs de Google et abr\u00e9g\u00e9e aux \u00c9tats-Unis.   <\/p>\n\n<p>Pour comprendre l&rsquo;utilisation des donn\u00e9es par Google, veuillez vous r\u00e9f\u00e9rer \u00e0 la <a href=\"https:\/\/www.google.com\/intl\/it\/policies\/privacy\/partners\/\" target=\"_blank\" rel=\"noopener\">politique de partenariat de Google<\/a>.<\/p>\n\n<p>Donn\u00e9es personnelles trait\u00e9es : Donn\u00e9es d&rsquo;utilisation ; outil de suivi.<\/p>\n\n<p>Lieu de traitement : Irlande &#8211; <a href=\"https:\/\/business.safety.google\/privacy\/\" target=\"_blank\" rel=\"noreferrer noopener\">Politique de confidentialit\u00e9 <\/a> &#8211; <a href=\"https:\/\/tools.google.com\/dlpage\/gaoptout?hl=en\" target=\"_blank\" rel=\"noreferrer noopener\">Opt Out.<\/a><\/p>\n\n<p><strong>GOOGLE ANALYTICS 4 (GOOGLE IRELAND LIMITED)<\/strong><\/p>\n\n<p>Google Analytics est un service de statistiques fourni par Google Ireland Limited (\u00ab\u00a0Google\u00a0\u00bb). Google utilise les donn\u00e9es personnelles collect\u00e9es afin de suivre et d&rsquo;examiner l&rsquo;utilisation de cette application, de compiler des rapports et de les partager avec d&rsquo;autres services d\u00e9velopp\u00e9s par Google. <br\/>Google peut utiliser les donn\u00e9es personnelles pour contextualiser et personnaliser les annonces de son r\u00e9seau publicitaire.<br\/>Dans Google Analytics 4, les adresses IP sont utilis\u00e9es au moment de la collecte et sont ensuite supprim\u00e9es avant que les donn\u00e9es ne soient enregistr\u00e9es dans un centre de donn\u00e9es ou sur un serveur. Pour en savoir plus, consultez la <a href=\"\">documentation officielle de Google<\/a>.  <\/p>\n\n<p>Pour comprendre l&rsquo;utilisation des donn\u00e9es par Google, veuillez vous r\u00e9f\u00e9rer \u00e0 la <a href=\"https:\/\/www.google.com\/intl\/it\/policies\/privacy\/partners\/\" target=\"_blank\" rel=\"noopener\">politique de partenariat de Google<\/a>.<\/p>\n\n<p>Donn\u00e9es personnelles trait\u00e9es : ville ; donn\u00e9es d&rsquo;utilisation ; informations sur le navigateur ; informations sur l&rsquo;appareil ; latitude (de la ville) ; longitude (de la ville) ; nombre d&rsquo;utilisateurs ; statistiques de session ; outils de suivi.<\/p>\n\n<p>Lieu de traitement : Irlande &#8211; <a href=\"https:\/\/business.safety.google\/privacy\/\" target=\"_blank\" rel=\"noreferrer noopener\">Politique de confidentialit\u00e9 <\/a> &#8211; <a href=\"https:\/\/tools.google.com\/dlpage\/gaoptout?hl=it%22\" target=\"_blank\" rel=\"noopener\">Opt Out.<\/a><\/p>\n\n<h5 class=\"wp-block-heading\">Tests de performance du contenu et des fonctionnalit\u00e9s (tests A\/B)<\/h5>\n\n<p>Les services contenus dans cette section permettent au responsable du traitement de suivre et d&rsquo;analyser la r\u00e9ponse de l&rsquo;utilisateur, en termes de trafic ou de comportement, aux modifications de la structure, du texte ou de tout autre \u00e9l\u00e9ment de cette application.<\/p>\n\n<p><\/p>\n\n<h5 class=\"wp-block-heading\">Affichage de contenu provenant de plateformes externes<\/h5>\n\n<p>Ce type de service permet d&rsquo;afficher des contenus h\u00e9berg\u00e9s sur des plateformes externes directement \u00e0 partir des pages de cette application et d&rsquo;interagir avec eux.<br\/>Nel caso in cui sia installato un servizio di questo tipo, \u00e8 possibile che, anche nel caso gli Utenti non utilizzino il servizio, lo stesso raccolga dati di traffico relativi alle pagine in cui \u00e8 installato.<\/p>\n\n<p><strong>WIDGET GOOGLE MAPS (GOOGLE INC.)<\/strong><\/p>\n\n<p>Google Maps est un service d&rsquo;affichage de cartes exploit\u00e9 par Google Inc. qui permet \u00e0 cette application d&rsquo;int\u00e9grer ce contenu dans ses pages. <\/p>\n\n<p>Donn\u00e9es personnelles trait\u00e9es : Cookies ; donn\u00e9es d&rsquo;utilisation.<\/p>\n\n<p>Lieu de traitement : \u00c9tats-Unis &#8211; <a href=\"https:\/\/www.google.it\/intl\/it\/policies\/privacy\/\" target=\"_blank\" rel=\"noreferrer noopener\">Politique de confidentialit\u00e9<\/a>.<\/p>\n\n<p><strong>FONT AWESOME (FONTICONS, INC. )<\/strong><\/p>\n\n<p>Font Awesome est un service d&rsquo;affichage de styles de polices exploit\u00e9 par Fonticons, Inc. qui permet \u00e0 cette application d&rsquo;int\u00e9grer un tel contenu dans ses pages. <\/p>\n\n<p>Donn\u00e9es personnelles trait\u00e9es : Donn\u00e9es d&rsquo;utilisation.<\/p>\n\n<p>Lieu de traitement : \u00c9tats-Unis &#8211; <a href=\"https:\/\/fontawesome.com\/privacy\" target=\"_blank\" rel=\"noreferrer noopener\">Politique de confidentialit\u00e9<\/a>.<\/p>\n\n<p><strong>GOOGLE FONTS (GOOGLE IRELAND LIMITED)<\/strong><\/p>\n\n<p>Google Fonts est un service d&rsquo;affichage de polices de caract\u00e8res exploit\u00e9 par Google Ireland Limited, qui permet \u00e0 cette application d&rsquo;int\u00e9grer ce contenu dans ses pages.<\/p>\n\n<p>Donn\u00e9es personnelles trait\u00e9es : Donn\u00e9es d&rsquo;utilisation ; divers types de donn\u00e9es tels que sp\u00e9cifi\u00e9s par la politique de confidentialit\u00e9 du service.<\/p>\n\n<p>Lieu de traitement : Irlande &#8211; <a href=\"https:\/\/policies.google.com\/privacy\" target=\"_blank\" rel=\"noreferrer noopener\">Politique de confidentialit\u00e9<\/a>.<\/p>\n\n<p><strong>WIDGET VIDEO YOUTUBE SENZA COOKIE (GOOGLE IRELAND LIMITED)<\/strong><\/p>\n\n<p>YouTube est un service de visualisation de contenu vid\u00e9o exploit\u00e9 par Google Ireland Limited, qui permet \u00e0 cette application d&rsquo;int\u00e9grer ce contenu dans ses pages.<br\/>Ce widget est configur\u00e9 de mani\u00e8re \u00e0 ce que YouTube n&rsquo;enregistre pas d&rsquo;informations ni de cookies sur les utilisateurs de cette application, \u00e0 moins qu&rsquo;ils ne lisent la vid\u00e9o.<\/p>\n\n<p>Donn\u00e9es personnelles trait\u00e9es : Donn\u00e9es d&rsquo;utilisation.<\/p>\n\n<p>Lieu de traitement : Irlande &#8211; <a href=\"https:\/\/policies.google.com\/privacy\" target=\"_blank\" rel=\"noreferrer noopener\">Politique de confidentialit\u00e9<\/a>.<\/p>\n","protected":false},"excerpt":{"rendered":"<p>RESPONSABLE DU TRAITEMENT DES DONN\u00c9ES ISER SRL Adresse \u00e9lectronique du titulaire : info@isertessuti.com LES TYPES DE DONN\u00c9ES COLLECT\u00c9ES Parmi les Donn\u00e9es personnelles collect\u00e9es par cette Application, de mani\u00e8re ind\u00e9pendante ou par l&rsquo;interm\u00e9diaire de tiers, figurent : Cookies ; Donn\u00e9es d&rsquo;utilisation ; nom ; email ; num\u00e9ro de t\u00e9l\u00e9phone ; nombre d&rsquo;Utilisateurs ; ville ; informations [&hellip;]<\/p>\n","protected":false},"author":1,"featured_media":0,"parent":0,"menu_order":0,"comment_status":"closed","ping_status":"closed","template":"","meta":{"footnotes":""},"class_list":["post-2824","page","type-page","status-publish","hentry"],"_links":{"self":[{"href":"https:\/\/isertessuti.com\/fr\/wp-json\/wp\/v2\/pages\/2824","targetHints":{"allow":["GET"]}}],"collection":[{"href":"https:\/\/isertessuti.com\/fr\/wp-json\/wp\/v2\/pages"}],"about":[{"href":"https:\/\/isertessuti.com\/fr\/wp-json\/wp\/v2\/types\/page"}],"author":[{"embeddable":true,"href":"https:\/\/isertessuti.com\/fr\/wp-json\/wp\/v2\/users\/1"}],"replies":[{"embeddable":true,"href":"https:\/\/isertessuti.com\/fr\/wp-json\/wp\/v2\/comments?post=2824"}],"version-history":[{"count":1,"href":"https:\/\/isertessuti.com\/fr\/wp-json\/wp\/v2\/pages\/2824\/revisions"}],"predecessor-version":[{"id":2825,"href":"https:\/\/isertessuti.com\/fr\/wp-json\/wp\/v2\/pages\/2824\/revisions\/2825"}],"wp:attachment":[{"href":"https:\/\/isertessuti.com\/fr\/wp-json\/wp\/v2\/media?parent=2824"}],"curies":[{"name":"wp","href":"https:\/\/api.w.org\/{rel}","templated":true}]}}