{"id":2815,"date":"2024-06-26T09:32:25","date_gmt":"2024-06-26T07:32:25","guid":{"rendered":"https:\/\/isertessuti.agomir.com\/politique-de-cookies\/"},"modified":"2024-06-27T23:40:53","modified_gmt":"2024-06-27T21:40:53","slug":"politique-de-cookies","status":"publish","type":"page","link":"https:\/\/isertessuti.com\/fr\/politique-de-cookies\/","title":{"rendered":"Politique de cookies"},"content":{"rendered":"\n<p>Ce document contient des informations sur les technologies qui permettent \u00e0 cette application d&rsquo;atteindre les objectifs d\u00e9crits ci-dessous. Ces technologies permettent au Propri\u00e9taire de collecter et d&rsquo;enregistrer des informations (par exemple en utilisant des cookies) ou d&rsquo;utiliser des ressources (par exemple en ex\u00e9cutant un script) sur l&rsquo;appareil de l&rsquo;Utilisateur lorsque celui-ci interagit avec cette Application. <\/p>\n\n<p>Par souci de simplicit\u00e9, ces technologies sont bri\u00e8vement d\u00e9sign\u00e9es dans le pr\u00e9sent document par l&rsquo;expression \u00ab\u00a0outils de tra\u00e7age\u00a0\u00bb, \u00e0 moins qu&rsquo;il n&rsquo;y ait une raison de les diff\u00e9rencier.<br\/>Par exemple, bien que les cookies puissent \u00eatre utilis\u00e9s dans les navigateurs web et mobiles, il serait inappropri\u00e9 de parler de cookies dans le contexte des applications mobiles, puisqu&rsquo;il s&rsquo;agit d&rsquo;outils de tra\u00e7age qui n\u00e9cessitent la pr\u00e9sence d&rsquo;un navigateur. C&rsquo;est pourquoi, dans le pr\u00e9sent document, le terme \u00ab\u00a0cookie\u00a0\u00bb n&rsquo;est utilis\u00e9 que pour d\u00e9signer sp\u00e9cifiquement ce type particulier d&rsquo;outil de tra\u00e7age. <\/p>\n\n<p>Certaines des finalit\u00e9s pour lesquelles les outils de suivi sont utilis\u00e9s peuvent \u00e9galement n\u00e9cessiter le consentement de l&rsquo;utilisateur. Si le consentement est donn\u00e9, il peut \u00eatre librement r\u00e9voqu\u00e9 \u00e0 tout moment en suivant les instructions contenues dans le pr\u00e9sent document. <\/p>\n\n<p>Cette application utilise des outils de suivi g\u00e9r\u00e9s directement par le propri\u00e9taire (commun\u00e9ment appel\u00e9s outils de suivi \u00ab\u00a0de premi\u00e8re partie\u00a0\u00bb) et des outils de suivi qui permettent des services fournis par des tiers (commun\u00e9ment appel\u00e9s outils de suivi \u00ab\u00a0de tierce partie\u00a0\u00bb). Sauf indication contraire dans le pr\u00e9sent document, ces tiers ont acc\u00e8s \u00e0 leurs outils de suivi respectifs. <br\/>La dur\u00e9e et l&rsquo;expiration des cookies et des outils de suivi similaires peuvent varier en fonction de ce qui est d\u00e9fini par le responsable du traitement des donn\u00e9es ou par chaque fournisseur tiers. Certains d&rsquo;entre eux expirent \u00e0 la fin de la session de navigation de l&rsquo;utilisateur. <br\/>Outre ce qui est sp\u00e9cifi\u00e9 dans la description de chacune des cat\u00e9gories ci-dessous, les utilisateurs peuvent obtenir des informations plus d\u00e9taill\u00e9es et actualis\u00e9es sur la dur\u00e9e, ainsi que toute autre information pertinente &#8211; telle que la pr\u00e9sence d&rsquo;autres outils de suivi &#8211; dans les politiques de confidentialit\u00e9 des fournisseurs tiers respectifs (via les liens fournis) ou en contactant le contr\u00f4leur.<\/p>\n\n<h4 class=\"wp-block-heading\">les activit\u00e9s strictement n\u00e9cessaires pour assurer le fonctionnement de cette application et la fourniture du service<\/h4>\n\n<p>Cette application utilise des cookies commun\u00e9ment appel\u00e9s \u00ab\u00a0techniques\u00a0\u00bb ou d&rsquo;autres outils de suivi similaires pour effectuer des activit\u00e9s strictement n\u00e9cessaires pour assurer le fonctionnement ou la fourniture du service.<\/p>\n\n<h5 class=\"wp-block-heading\">OUTILS DE SUIVI DE TIERS<\/h5>\n\n<p><strong>Protection contre le SPAM<\/strong><br\/>Ce type de services analyse le trafic de cette application, contenant potentiellement les donn\u00e9es personnelles des utilisateurs, afin de le filtrer du trafic, des messages et des contenus reconnus comme SPAM.<\/p>\n\n<p>GOOGLE RECAPTCHA (GOOGLE INC.)<br\/>Google reCAPTCHA est un service de protection contre le SPAM fourni par Google Inc.<br\/>L&rsquo;utilisation du syst\u00e8me reCAPTCHA est soumise aux r\u00e8gles de <a href=\"https:\/\/www.google.com\/intl\/it\/policies\/privacy\/\" target=\"_blank\" rel=\"noopener\">confidentialit\u00e9<\/a> et aux <a href=\"https:\/\/www.google.com\/intl\/it\/policies\/terms\/\" target=\"_blank\" rel=\"noopener\">conditions d&rsquo;utilisation<\/a> de Google. <br\/>Pour comprendre l&rsquo;utilisation des donn\u00e9es par Google, veuillez vous r\u00e9f\u00e9rer \u00e0 la <a href=\"https:\/\/www.google.com\/intl\/it\/policies\/privacy\/partners\/\" target=\"_blank\" rel=\"noopener\">politique de partenariat de Google<\/a>.<br\/>Donn\u00e9es personnelles trait\u00e9es : Cookies et donn\u00e9es d&rsquo;utilisation.<br\/>Lieu de traitement : \u00c9tats-Unis &#8211; <a href=\"https:\/\/business.safety.google\/privacy\/\" target=\"_blank\" rel=\"noreferrer noopener\">Politique de confidentialit\u00e9<\/a>.<\/p>\n\n<p>Dur\u00e9e de stockage :<\/p>\n\n<ul class=\"wp-block-list\">\n<li>GRECAPTCHA : dur\u00e9e de la session<\/li>\n\n\n\n<li>rc::a : ind\u00e9fini<\/li>\n\n\n\n<li>rc::b : dur\u00e9e de la session<\/li>\n\n\n\n<li>rc::c : dur\u00e9e de la session<\/li>\n<\/ul>\n\n<p><strong>Gestion des balises<\/strong><br\/>Ce type de service est fonctionnel pour la gestion centralis\u00e9e des balises ou des scripts utilis\u00e9s sur cette application.<br\/>L&rsquo;utilisation de ces services entra\u00eene la circulation des donn\u00e9es de l&rsquo;utilisateur par leur interm\u00e9diaire et, le cas \u00e9ch\u00e9ant, leur conservation.<\/p>\n\n<p>GOOGLE TAG MANAGER (GOOGLE LLC)<br\/>Google Tag Manager est un service de gestion des balises fourni par Google LLC.<br\/>Donn\u00e9es personnelles trait\u00e9es : Cookies et donn\u00e9es d&rsquo;utilisation.<br\/>Lieu de traitement : \u00c9tats-Unis &#8211; <a href=\"https:\/\/www.google.com\/intl\/it\/policies\/privacy\/\" target=\"_blank\" rel=\"noreferrer noopener\">Politique de confidentialit\u00e9<\/a>.<\/p>\n\n<h4 class=\"wp-block-heading\">Autres activit\u00e9s impliquant l&rsquo;utilisation d&rsquo;outils de suivi<\/h4>\n\n<p><strong>Affichage de contenu provenant de plateformes externes<\/strong><br\/>Ce type de service permet d&rsquo;afficher des contenus h\u00e9berg\u00e9s sur des plateformes externes directement \u00e0 partir des pages de cette application et d&rsquo;interagir avec eux.<br\/>Nel caso in cui sia installato un servizio di questo tipo, \u00e8 possibile che, anche nel caso gli Utenti non utilizzino il servizio, lo stesso raccolga dati di traffico relativi alle pagine in cui \u00e8 installato.<\/p>\n\n<p>WIDGET GOOGLE MAPS (GOOGLE INC.)<br\/>Google Maps est un service d&rsquo;affichage de cartes exploit\u00e9 par Google Inc. qui permet \u00e0 cette application d&rsquo;int\u00e9grer ce contenu dans ses pages. <br\/>Dati personali trattati: Cookie e dati di utilizzo.<br\/>Lieu de traitement : \u00c9tats-Unis &#8211; <a href=\"https:\/\/www.google.it\/intl\/it\/policies\/privacy\/\" target=\"_blank\" rel=\"noreferrer noopener\">Politique de confidentialit\u00e9<\/a>.<\/p>\n\n<p>WIDGET VIDEO YOUTUBE (GOOGLE IRELAND LIMITED)<br\/>YouTube est un service de visualisation de contenu vid\u00e9o exploit\u00e9 par Google Ireland Limited, qui permet \u00e0 cette application d&rsquo;int\u00e9grer ce contenu dans ses pages.<br\/>Donn\u00e9es personnelles trait\u00e9es : Cookies et donn\u00e9es d&rsquo;utilisation.<br\/>Lieu de traitement : Irlande &#8211; <a href=\"https:\/\/policies.google.com\/privacy\" target=\"_blank\" rel=\"noreferrer noopener\">Politique de confidentialit\u00e9<\/a>.<\/p>\n\n<p>Dur\u00e9e de stockage :<\/p>\n\n<ul class=\"wp-block-list\">\n<li>PREF: 8 mois<\/li>\n\n\n\n<li>VISITOR_INFO1_LIVE: 8 mois<\/li>\n\n\n\n<li>YSC: dur\u00e9e de la session<\/li>\n<\/ul>\n\n<h5 class=\"wp-block-heading\">MESURE<\/h5>\n\n<p>Cette application utilise des outils de suivi pour mesurer le trafic et analyser le comportement des utilisateurs afin d&rsquo;am\u00e9liorer le service.<\/p>\n\n<p><strong>Services de statistiques anonymes<\/strong><br\/>Les services de cette section permettent au contr\u00f4leur des donn\u00e9es de traiter et de g\u00e9rer des statistiques de mani\u00e8re anonyme gr\u00e2ce \u00e0 l&rsquo;utilisation d&rsquo;outils de suivi de premi\u00e8re partie.<\/p>\n\n<p>GOOGLE ANALYTICS (UNIVERSAL ANALYTICS) CON IP ANONIMIZZATO (GOOGLE IRELAND LIMITED)<br\/>Google Analytics (Universal Analytics) est un service d&rsquo;analyse du Web fourni par Google Ireland Limited (\u00ab\u00a0Google\u00a0\u00bb). Google utilise les donn\u00e9es personnelles collect\u00e9es afin de suivre et d&rsquo;examiner l&rsquo;utilisation de cette application, de compiler des rapports et de les partager avec d&rsquo;autres services d\u00e9velopp\u00e9s par Google. <br\/>Google peut utiliser les donn\u00e9es personnelles pour contextualiser et personnaliser les annonces de son r\u00e9seau publicitaire.<br\/>Cette int\u00e9gration de Google Analytics anonymise votre adresse IP. L&rsquo;anonymisation fonctionne en abr\u00e9geant l&rsquo;adresse IP des utilisateurs \u00e0 l&rsquo;int\u00e9rieur des fronti\u00e8res des \u00c9tats membres de l&rsquo;Union europ\u00e9enne ou d&rsquo;autres pays signataires de l&rsquo;accord sur l&rsquo;Espace \u00e9conomique europ\u00e9en. Ce n&rsquo;est que dans des cas exceptionnels que l&rsquo;adresse IP est envoy\u00e9e aux serveurs de Google et abr\u00e9g\u00e9e aux \u00c9tats-Unis.   <br\/>Pour comprendre l&rsquo;utilisation des donn\u00e9es par Google, veuillez vous r\u00e9f\u00e9rer \u00e0 la <a href=\"https:\/\/www.google.com\/intl\/it\/policies\/privacy\/partners\/\" target=\"_blank\" rel=\"noopener\">politique de partenariat de Google<\/a>.<br\/>Donn\u00e9es personnelles trait\u00e9es : Donn\u00e9es d&rsquo;utilisation et outil de suivi.<br\/>Lieu de traitement : Irlande &#8211; <a href=\"https:\/\/business.safety.google\/privacy\/\" target=\"_blank\" rel=\"noreferrer noopener\">Politique de confidentialit\u00e9 <\/a> &#8211; <a href=\"https:\/\/tools.google.com\/dlpage\/gaoptout?hl=en\" target=\"_blank\" rel=\"noreferrer noopener\">Opt Out.<\/a><\/p>\n\n<p>Dur\u00e9e de stockage :<\/p>\n\n<ul class=\"wp-block-list\">\n<li>AMP_TOKEN: 1 heure<\/li>\n\n\n\n<li>_ga: 2 ans<\/li>\n\n\n\n<li>_gac*: 3 mois<\/li>\n\n\n\n<li>_gat: 1 minute<\/li>\n\n\n\n<li>_gid: 1 jour<\/li>\n<\/ul>\n\n<p><strong>WORDPRESS STAT (AUTOMATTIC INC.)<\/strong><br\/>WordPress Stats est un service de statistiques fourni par Automattic Inc.<br\/>Donn\u00e9es personnelles trait\u00e9es : Cookies et donn\u00e9es d&rsquo;utilisation.<br\/>Lieu de traitement : \u00c9tats-Unis &#8211; <a href=\"https:\/\/automattic.com\/privacy\/\" target=\"_blank\" rel=\"noreferrer noopener\">Politique de confidentialit\u00e9<\/a>.<\/p>\n\n<p>Dur\u00e9e de stockage :<\/p>\n\n<p>Google Analytics est un service de statistiques fourni par Google Ireland Limited (\u00ab\u00a0Google\u00a0\u00bb). Google utilise les donn\u00e9es personnelles collect\u00e9es afin de suivre et d&rsquo;examiner l&rsquo;utilisation de cette application, de compiler des rapports et de les partager avec d&rsquo;autres services d\u00e9velopp\u00e9s par Google. <br\/>Google peut utiliser les donn\u00e9es personnelles pour contextualiser et personnaliser les annonces de son r\u00e9seau publicitaire.<br\/>Dans Google Analytics 4, les adresses IP sont utilis\u00e9es au moment de la collecte et sont ensuite supprim\u00e9es avant que les donn\u00e9es ne soient enregistr\u00e9es dans un centre de donn\u00e9es ou sur un serveur. Pour en savoir plus, consultez la <a href=\"\">documentation officielle de Google<\/a>.  <br\/>Pour comprendre l&rsquo;utilisation des donn\u00e9es par Google, veuillez vous r\u00e9f\u00e9rer \u00e0 la <a href=\"https:\/\/www.google.com\/intl\/it\/policies\/privacy\/partners\/\" target=\"_blank\" rel=\"noopener\">politique de partenariat de Google<\/a>.<br\/>Donn\u00e9es personnelles trait\u00e9es : ville, donn\u00e9es d&rsquo;utilisation, informations sur le navigateur, informations sur l&rsquo;appareil, latitude (de la ville), longitude (de la ville), nombre d&rsquo;utilisateurs, statistiques de session et outils de suivi.<br\/>Lieu de traitement : Irlande &#8211; <a href=\"https:\/\/business.safety.google\/privacy\/\" target=\"_blank\" rel=\"noreferrer noopener\">Politique de confidentialit\u00e9 <\/a> &#8211; <a href=\"https:\/\/tools.google.com\/dlpage\/gaoptout?hl=it%22\" target=\"_blank\" rel=\"noopener\">Opt Out.<\/a><\/p>\n\n<p>Dur\u00e9e de stockage :<\/p>\n\n<ul class=\"wp-block-list\">\n<li>_ga: 2 ans<\/li>\n\n\n\n<li>_ga_*: 2 ans<\/li>\n<\/ul>\n\n<p><\/p>\n\n<h5 class=\"wp-block-heading\">MARKETING<\/h5>\n\n<p>Cette application utilise des outils de suivi pour fournir un contenu commercial personnalis\u00e9 bas\u00e9 sur le comportement de l&rsquo;utilisateur et pour g\u00e9rer, diffuser et suivre les publicit\u00e9s.<\/p>\n\n<p><strong>Remarketing et ciblage comportemental<\/strong><br\/>Ce type de service permet \u00e0 cette application et \u00e0 ses partenaires de communiquer, d&rsquo;optimiser et de diffuser des publicit\u00e9s bas\u00e9es sur l&rsquo;utilisation pass\u00e9e de cette application par l&rsquo;utilisateur.<br\/>Cette activit\u00e9 est facilit\u00e9e par le suivi des donn\u00e9es d&rsquo;utilisation et l&rsquo;utilisation d&rsquo;outils de suivi pour collecter des informations qui sont ensuite transf\u00e9r\u00e9es \u00e0 des partenaires charg\u00e9s des activit\u00e9s de remarketing et de ciblage comportemental.<br\/>Certains services proposent une option de remarketing bas\u00e9e sur des listes d&rsquo;adresses \u00e9lectroniques.<br\/>In aggiunta alle funzionalit\u00e0 di opt-out offerte dai servizi di seguito riportati, l&rsquo;Utente pu\u00f2 effettuare l\u2019opt-out visitando la <a href=\"http:\/\/optout.networkadvertising.org\/\" target=\"_blank\" rel=\"noopener\">pagina di opt-out della Network Advertising Initiative<\/a>.<\/p>\n\n<p><strong>Les utilisateurs peuvent \u00e9galement refuser certaines fonctions publicitaires par le biais des options de configuration de l&rsquo;appareil correspondant, telles que les options de configuration de la publicit\u00e9 sur l&rsquo;appareil mobile ou la configuration de la publicit\u00e9 g\u00e9n\u00e9rique.<\/strong>.<\/p>\n\n<p>REMARKETING GOOGLE ADS (GOOGLE LLC)<br\/>Remarketing Google Ads est un service de remarketing et de ciblage comportemental fourni par Google LLC qui relie l&rsquo;activit\u00e9 de cette application au r\u00e9seau publicitaire Google Ads et au cookie DoubleClick. <br\/>Les utilisateurs peuvent d\u00e9sactiver les cookies de Google pour la personnalisation des annonces en consultant les <a href=\"https:\/\/adssettings.google.com\/authenticated\" target=\"_blank\" rel=\"noopener\">param\u00e8tres des annonces<\/a> de Google.<br\/>Donn\u00e9es personnelles trait\u00e9es : Cookies et donn\u00e9es d&rsquo;utilisation.<br\/>Lieu de traitement : \u00c9tats-Unis &#8211; <a href=\"https:\/\/policies.google.com\/privacy\" target=\"_blank\" rel=\"noreferrer noopener\">Politique de confidentialit\u00e9<\/a> &#8211; <a href=\"https:\/\/adssettings.google.com\/authenticated?hl=it\" target=\"_blank\" rel=\"noopener\">Opt Out<\/a>.<\/p>\n\n<p>Dur\u00e9e de stockage :<\/p>\n\n<ul class=\"wp-block-list\">\n<li>AID : 2 ans<\/li>\n\n\n\n<li>ANID: 2 ans<\/li>\n\n\n\n<li>Conversion: 3 mois<\/li>\n\n\n\n<li>DSID: 14 jours<\/li>\n\n\n\n<li>FCNEC: 1 ann\u00e9e<\/li>\n\n\n\n<li>FLC: 10 secondes<\/li>\n\n\n\n<li>FPAU: 3 mois<\/li>\n\n\n\n<li>FPGCLAW: 3 mois<\/li>\n\n\n\n<li>FPGCLDC: 3 mois<\/li>\n\n\n\n<li>FPGCLGB: 3 mois<\/li>\n\n\n\n<li>IDE: 2 ans<\/li>\n\n\n\n<li>NID: 6 mois<\/li>\n\n\n\n<li>RUL: 1 ann\u00e9e<\/li>\n\n\n\n<li>TAID: 14 jours<\/li>\n\n\n\n<li>__gads: 2 ans<\/li>\n\n\n\n<li>__gsas: 2 ans<\/li>\n\n\n\n<li>_gac_: 3 mois<\/li>\n\n\n\n<li>_gac_gb_: 3 mois<\/li>\n\n\n\n<li>_gcl_ag: 3 mois<\/li>\n\n\n\n<li>_gcl_au: 3 mois<\/li>\n\n\n\n<li>_gcl_aw: 3 mois<\/li>\n\n\n\n<li>_gcl_dc: 3 mois<\/li>\n\n\n\n<li>_gcl_gb: 3 mois<\/li>\n\n\n\n<li>_gcl_gf: 3 mois<\/li>\n\n\n\n<li>_gcl_gs: 3 mois<\/li>\n\n\n\n<li>_gcl_ha: 3 mois<\/li>\n\n\n\n<li>id: 2 ans<\/li>\n\n\n\n<li>test_cookie : 15 minutes<\/li>\n<\/ul>\n\n<p>REMARKETING CON GOOGLE ANALYTICS (GOOGLE LLC)<br\/>Remarketing avec Google Analytics est un service de remarketing et de ciblage comportemental fourni par Google LLC qui relie les activit\u00e9s de suivi effectu\u00e9es par Google Analytics et ses cookies au r\u00e9seau publicitaire Google Ads et au cookie Doubleclick.<br\/>Donn\u00e9es personnelles trait\u00e9es : Cookies et donn\u00e9es d&rsquo;utilisation.<br\/>Lieu de traitement : \u00c9tats-Unis &#8211; <a href=\"https:\/\/policies.google.com\/privacy\" target=\"_blank\" rel=\"noreferrer noopener\">Politique de confidentialit\u00e9<\/a> &#8211; <a href=\"https:\/\/adssettings.google.com\/authenticated?hl=it\" target=\"_blank\" rel=\"noopener\">Opt Out<\/a>.<\/p>\n\n<p>Dur\u00e9e de stockage :<\/p>\n\n<ul class=\"wp-block-list\">\n<li>test_cookie : 15 minutes<\/li>\n\n\n\n<li>IDE: 2 ans<\/li>\n\n\n\n<li>_gcl_*: 3 mois<\/li>\n<\/ul>\n\n<h4 class=\"wp-block-heading\" id=\"manage_cookies\">Comment g\u00e9rer ses pr\u00e9f\u00e9rences et donner ou r\u00e9voquer son consentement<\/h4>\n\n<p>Il existe plusieurs fa\u00e7ons de g\u00e9rer les pr\u00e9f\u00e9rences en mati\u00e8re d&rsquo;outils de suivi et de donner ou de retirer son consentement, le cas \u00e9ch\u00e9ant :<\/p>\n\n<p>Les utilisateurs peuvent g\u00e9rer leurs pr\u00e9f\u00e9rences en mati\u00e8re d&rsquo;outils de suivi directement via les param\u00e8tres de leur appareil &#8211; par exemple, ils peuvent emp\u00eacher l&rsquo;utilisation ou le stockage d&rsquo;outils de suivi.<\/p>\n\n<p>En outre, lorsque l&rsquo;utilisation des outils de suivi d\u00e9pend du consentement, l&rsquo;utilisateur peut donner ou r\u00e9voquer ce consentement en d\u00e9finissant ses pr\u00e9f\u00e9rences dans le cadre de la politique en mati\u00e8re de cookies ou en mettant \u00e0 jour ces pr\u00e9f\u00e9rences via le widget de confidentialit\u00e9 pour les pr\u00e9f\u00e9rences de consentement, le cas \u00e9ch\u00e9ant.<\/p>\n\n<p>Gr\u00e2ce \u00e0 des fonctions sp\u00e9ciales du navigateur ou de l&rsquo;appareil, il est \u00e9galement possible de supprimer les outils de suivi pr\u00e9c\u00e9demment enregistr\u00e9s, y compris ceux utilis\u00e9s pour enregistrer les pr\u00e9f\u00e9rences de consentement initialement exprim\u00e9es par l&rsquo;utilisateur.<\/p>\n\n<p>Les autres outils de tra\u00e7age pr\u00e9sents dans la m\u00e9moire locale du navigateur peuvent \u00eatre supprim\u00e9s en effa\u00e7ant l&rsquo;historique de navigation.<\/p>\n\n<p>En ce qui concerne les outils de suivi de tiers, les utilisateurs peuvent g\u00e9rer leurs pr\u00e9f\u00e9rences en visitant le lien d&rsquo;exclusion correspondant (s&rsquo;il existe), en utilisant les outils d\u00e9crits dans la politique de confidentialit\u00e9 du tiers ou en contactant directement le tiers.<\/p>\n\n<h5 class=\"wp-block-heading\">IDENTIFIER LES PARAM\u00c8TRES DE L&rsquo;OUTIL DE SUIVI<\/h5>\n\n<p>Les utilisateurs peuvent, par exemple, trouver des informations sur la mani\u00e8re de g\u00e9rer les cookies dans certains des navigateurs les plus populaires aux adresses suivantes :<\/p>\n\n<ul class=\"wp-block-list\">\n<li><a href=\"https:\/\/support.google.com\/chrome\/answer\/95647?hl=it&amp;p=cpn_cookies\" target=\"_blank\" rel=\"noreferrer noopener\"><\/a><a href=\"https:\/\/support.google.com\/chrome\/answer\/95647?hl=it&amp;p=cpn_cookies\" target=\"_blank\" rel=\"noopener\">Google Chrome<\/a><\/li>\n\n\n\n<li><a href=\"https:\/\/support.mozilla.org\/it\/kb\/Attivare%20e%20disattivare%20i%20cookie\" target=\"_blank\" rel=\"noreferrer noopener\"><\/a><a href=\"https:\/\/support.mozilla.org\/it\/kb\/Attivare%20e%20disattivare%20i%20cookie\" target=\"_blank\" rel=\"noopener\">Mozilla Firefox<\/a><\/li>\n\n\n\n<li><a href=\"https:\/\/support.apple.com\/it-it\/guide\/safari\/manage-cookies-and-website-data-sfri11471\/\" target=\"_blank\" rel=\"noreferrer noopener\"><\/a><a href=\"https:\/\/support.apple.com\/it-it\/guide\/safari\/manage-cookies-and-website-data-sfri11471\/\" target=\"_blank\" rel=\"noopener\">Apple Safari<\/a><\/li>\n\n\n\n<li><a href=\"http:\/\/windows.microsoft.com\/it-it\/windows-vista\/block-or-allow-cookies\" target=\"_blank\" rel=\"noreferrer noopener\"><\/a><a href=\"http:\/\/windows.microsoft.com\/it-it\/windows-vista\/block-or-allow-cookies\" target=\"_blank\" rel=\"noopener\">Microsoft Internet Explorer<\/a><\/li>\n\n\n\n<li><a href=\"https:\/\/support.microsoft.com\/it-it\/help\/4027947\" target=\"_blank\" rel=\"noreferrer noopener\"><\/a><a href=\"https:\/\/support.microsoft.com\/it-it\/help\/4027947\" target=\"_blank\" rel=\"noopener\">Microsoft Edge<\/a><\/li>\n\n\n\n<li><a href=\"https:\/\/support.brave.com\/hc\/articles\/360022806212-How-do-I-use-Shields-while-browsing\" target=\"_blank\" rel=\"noreferrer noopener\"><\/a><a href=\"https:\/\/support.brave.com\/hc\/articles\/360022806212-How-do-I-use-Shields-while-browsing\" target=\"_blank\" rel=\"noopener\">Brave<\/a><\/li>\n\n\n\n<li><a href=\"https:\/\/help.opera.com\/latest\/web-preferences\/#cookies\" target=\"_blank\" rel=\"noreferrer noopener\"><\/a><a href=\"https:\/\/help.opera.com\/latest\/web-preferences\/#cookies\" target=\"_blank\" rel=\"noopener\">Opera<\/a><\/li>\n<\/ul>\n\n<p>Les utilisateurs peuvent \u00e9galement g\u00e9rer certains outils de suivi des applications mobiles en les d\u00e9sactivant via les param\u00e8tres appropri\u00e9s de l&rsquo;appareil, tels que les param\u00e8tres de publicit\u00e9 mobile ou les param\u00e8tres de suivi en g\u00e9n\u00e9ral (les utilisateurs peuvent consulter les param\u00e8tres de leur appareil pour trouver le param\u00e8tre appropri\u00e9).<\/p>\n\n<h5 class=\"wp-block-heading\">COMMENT D\u00c9SACTIVER LA PUBLICIT\u00c9 BAS\u00c9E SUR LES INT\u00c9R\u00caTS<\/h5>\n\n<p>Nonobstant ce qui pr\u00e9c\u00e8de, les utilisateurs sont inform\u00e9s de la possibilit\u00e9 d&rsquo;utiliser les informations sur <a target=\"_blank\" rel=\"noreferrer noopener\" href=\"http:\/\/www.youronlinechoices.eu\/\">YourOnlineChoices<\/a> (UE et Royaume-Uni), <a target=\"_blank\" rel=\"noreferrer noopener\" href=\"https:\/\/thenai.org\/about-online-advertising\/\">Network Advertising Initiative<\/a> (USA) et <a target=\"_blank\" rel=\"noreferrer noopener\" href=\"https:\/\/www.aboutads.info\/consumers\/\">Digital Advertising Alliance<\/a> (USA), <a target=\"_blank\" rel=\"noreferrer noopener\" href=\"https:\/\/youradchoices.ca\/understanding-online-advertising\/\">DAAC<\/a> (Canada), <a target=\"_blank\" rel=\"noreferrer noopener\" href=\"http:\/\/www.ddai.info\/optout\">DDAI<\/a> (Japon) ou d&rsquo;autres services similaires. Ces services permettent de g\u00e9rer les pr\u00e9f\u00e9rences de suivi de la plupart des outils publicitaires. Le contr\u00f4leur conseille donc aux utilisateurs d&rsquo;utiliser ces ressources en plus des informations fournies dans le pr\u00e9sent document. <\/p>\n\n<p>La Digital Advertising Alliance propose \u00e9galement une application appel\u00e9e <a target=\"_blank\" rel=\"noreferrer noopener\" href=\"https:\/\/youradchoices.com\/appchoices\">AppChoices <\/a> qui aide les utilisateurs \u00e0 contr\u00f4ler la publicit\u00e9 comportementale sur les applications mobiles.<\/p>\n\n<h5 class=\"wp-block-heading\">LES CONS\u00c9QUENCES DU REFUS D&rsquo;UTILISER LES OUTILS DE SUIVI<\/h5>\n\n<p>Les utilisateurs sont libres d&rsquo;autoriser ou non l&rsquo;utilisation des outils de suivi. Toutefois, veuillez noter que les outils de suivi permettent \u00e0 cette application de fournir aux utilisateurs une meilleure exp\u00e9rience et des fonctionnalit\u00e9s avanc\u00e9es (conform\u00e9ment aux objectifs d\u00e9crits dans le pr\u00e9sent document). Par cons\u00e9quent, si l&rsquo;utilisateur d\u00e9cide de bloquer l&rsquo;utilisation des outils de suivi, il se peut que le propri\u00e9taire ne soit pas en mesure de fournir les fonctionnalit\u00e9s correspondantes.  <\/p>\n\n<h4 class=\"wp-block-heading\" id=\"owner_of_the_data\">Contr\u00f4leur des donn\u00e9es<\/h4>\n\n<p>ISER SRL<\/p>\n\n<p><strong>Adresse \u00e9lectronique du titulaire : info@isertessuti.com<\/strong><\/p>\n\n<p>\u00c9tant donn\u00e9 que l&rsquo;utilisation d&rsquo;outils de suivi de tiers sur cette application ne peut \u00eatre enti\u00e8rement contr\u00f4l\u00e9e par le Propri\u00e9taire, toute r\u00e9f\u00e9rence sp\u00e9cifique \u00e0 des outils de suivi de tiers doit \u00eatre consid\u00e9r\u00e9e comme purement indicative. Pour obtenir des informations compl\u00e8tes, les utilisateurs sont invit\u00e9s \u00e0 consulter la politique de confidentialit\u00e9 des services tiers respectifs \u00e9num\u00e9r\u00e9s dans ce document. <\/p>\n\n<p>Compte tenu de la complexit\u00e9 objective de l&rsquo;identification des technologies de suivi, les utilisateurs sont invit\u00e9s \u00e0 contacter le responsable du traitement des donn\u00e9es s&rsquo;ils souhaitent obtenir de plus amples informations sur l&rsquo;utilisation de ces technologies sur cette application.<\/p>\n","protected":false},"excerpt":{"rendered":"<p>Ce document contient des informations sur les technologies qui permettent \u00e0 cette application d&rsquo;atteindre les objectifs d\u00e9crits ci-dessous. Ces technologies permettent au Propri\u00e9taire de collecter et d&rsquo;enregistrer des informations (par exemple en utilisant des cookies) ou d&rsquo;utiliser des ressources (par exemple en ex\u00e9cutant un script) sur l&rsquo;appareil de l&rsquo;Utilisateur lorsque celui-ci interagit avec cette Application. [&hellip;]<\/p>\n","protected":false},"author":1,"featured_media":0,"parent":0,"menu_order":0,"comment_status":"closed","ping_status":"closed","template":"","meta":{"footnotes":""},"class_list":["post-2815","page","type-page","status-publish","hentry"],"_links":{"self":[{"href":"https:\/\/isertessuti.com\/fr\/wp-json\/wp\/v2\/pages\/2815","targetHints":{"allow":["GET"]}}],"collection":[{"href":"https:\/\/isertessuti.com\/fr\/wp-json\/wp\/v2\/pages"}],"about":[{"href":"https:\/\/isertessuti.com\/fr\/wp-json\/wp\/v2\/types\/page"}],"author":[{"embeddable":true,"href":"https:\/\/isertessuti.com\/fr\/wp-json\/wp\/v2\/users\/1"}],"replies":[{"embeddable":true,"href":"https:\/\/isertessuti.com\/fr\/wp-json\/wp\/v2\/comments?post=2815"}],"version-history":[{"count":1,"href":"https:\/\/isertessuti.com\/fr\/wp-json\/wp\/v2\/pages\/2815\/revisions"}],"predecessor-version":[{"id":2816,"href":"https:\/\/isertessuti.com\/fr\/wp-json\/wp\/v2\/pages\/2815\/revisions\/2816"}],"wp:attachment":[{"href":"https:\/\/isertessuti.com\/fr\/wp-json\/wp\/v2\/media?parent=2815"}],"curies":[{"name":"wp","href":"https:\/\/api.w.org\/{rel}","templated":true}]}}