{"id":2151,"date":"2024-06-18T15:30:30","date_gmt":"2024-06-18T13:30:30","guid":{"rendered":"https:\/\/isertessuti.agomir.com\/tissus-generiques\/jacquard-et-tissus-speciaux\/"},"modified":"2024-06-27T11:14:42","modified_gmt":"2024-06-27T09:14:42","slug":"jacquard-et-tissus-speciaux","status":"publish","type":"page","link":"https:\/\/isertessuti.com\/fr\/tissus-generiques\/jacquard-et-tissus-speciaux\/","title":{"rendered":"Jacquard et tissus speciaux"},"content":{"rendered":"\t\t<div data-elementor-type=\"wp-page\" data-elementor-id=\"2151\" class=\"elementor elementor-2151 elementor-94\" data-elementor-post-type=\"page\">\n\t\t\t\t<div class=\"elementor-element elementor-element-8d05447 e-con-full e-flex e-con e-parent\" data-id=\"8d05447\" data-element_type=\"container\">\n\t\t\t\t<div class=\"elementor-element elementor-element-34a095f elementor-widget elementor-widget-template\" data-id=\"34a095f\" data-element_type=\"widget\" data-widget_type=\"template.default\">\n\t\t\t\t<div class=\"elementor-widget-container\">\n\t\t\t\t\t\t\t<div class=\"elementor-template\">\n\t\t\t\t\t<div data-elementor-type=\"container\" data-elementor-id=\"2585\" class=\"elementor elementor-2585 elementor-360\" data-elementor-post-type=\"elementor_library\">\n\t\t\t\t<div class=\"elementor-element elementor-element-329602fc e-con-full e-flex e-con e-parent\" data-id=\"329602fc\" data-element_type=\"container\" data-settings=\"{&quot;background_background&quot;:&quot;classic&quot;}\">\n\t\t\t\t<div class=\"elementor-element elementor-element-20e047a elementor-arrows-position-inside elementor-widget elementor-widget-image-carousel\" data-id=\"20e047a\" data-element_type=\"widget\" data-settings=\"{&quot;slides_to_show&quot;:&quot;1&quot;,&quot;navigation&quot;:&quot;arrows&quot;,&quot;autoplay_speed&quot;:3000,&quot;effect&quot;:&quot;fade&quot;,&quot;speed&quot;:800,&quot;autoplay&quot;:&quot;yes&quot;,&quot;pause_on_hover&quot;:&quot;yes&quot;,&quot;pause_on_interaction&quot;:&quot;yes&quot;,&quot;infinite&quot;:&quot;yes&quot;}\" data-widget_type=\"image-carousel.default\">\n\t\t\t\t<div class=\"elementor-widget-container\">\n\t\t\t\t\t\t\t<div class=\"elementor-image-carousel-wrapper swiper\" role=\"region\" aria-roledescription=\"carousel\" aria-label=\"Carrousel d\u2019images\" dir=\"ltr\">\n\t\t\t<div class=\"elementor-image-carousel swiper-wrapper swiper-image-stretch\" aria-live=\"off\">\n\t\t\t\t\t\t\t\t<div class=\"swiper-slide\" role=\"group\" aria-roledescription=\"slide\" aria-label=\"1 sur 9\"><figure class=\"swiper-slide-inner\"><img decoding=\"async\" class=\"swiper-slide-image\" src=\"https:\/\/isertessuti.com\/wp-content\/uploads\/2024\/06\/Abbigliamento-tessuti-jacquard-33.webp\" alt=\"Abbigliamento-tessuti-jacquard-33\" title=\"Iser Tessuti -\"><\/figure><\/div><div class=\"swiper-slide\" role=\"group\" aria-roledescription=\"slide\" aria-label=\"2 sur 9\"><figure class=\"swiper-slide-inner\"><img decoding=\"async\" class=\"swiper-slide-image\" src=\"https:\/\/isertessuti.com\/wp-content\/uploads\/2024\/06\/Iser-Tessuti-Slider-home-3-1536x787.webp\" alt=\"Iser-Tessuti-Slider-home-3\" title=\"Iser Tessuti -\"><\/figure><\/div><div class=\"swiper-slide\" role=\"group\" aria-roledescription=\"slide\" aria-label=\"3 sur 9\"><figure class=\"swiper-slide-inner\"><img decoding=\"async\" class=\"swiper-slide-image\" src=\"https:\/\/isertessuti.com\/wp-content\/uploads\/2024\/06\/Tessuti-stampati-pelletteria-16.webp\" alt=\"Tessuti-stampati-pelletteria-16\" title=\"Iser Tessuti -\"><\/figure><\/div><div class=\"swiper-slide\" role=\"group\" aria-roledescription=\"slide\" aria-label=\"4 sur 9\"><figure class=\"swiper-slide-inner\"><img decoding=\"async\" class=\"swiper-slide-image\" src=\"https:\/\/isertessuti.com\/wp-content\/uploads\/2024\/06\/Abbigliamento-tessuti-jacquard-27.webp\" alt=\"Abbigliamento-tessuti-jacquard-27\" title=\"Iser Tessuti -\"><\/figure><\/div><div class=\"swiper-slide\" role=\"group\" aria-roledescription=\"slide\" aria-label=\"5 sur 9\"><figure class=\"swiper-slide-inner\"><img decoding=\"async\" class=\"swiper-slide-image\" src=\"https:\/\/isertessuti.com\/wp-content\/uploads\/2024\/06\/Abbigliamento-tessuti-jacquard-31.webp\" alt=\"Abbigliamento-tessuti-jacquard-31\" title=\"Iser Tessuti -\"><\/figure><\/div><div class=\"swiper-slide\" role=\"group\" aria-roledescription=\"slide\" aria-label=\"6 sur 9\"><figure class=\"swiper-slide-inner\"><img decoding=\"async\" class=\"swiper-slide-image\" src=\"https:\/\/isertessuti.com\/wp-content\/uploads\/2024\/06\/Abbigliamento-tessuti-jacquard-2.webp\" alt=\"Abbigliamento-tessuti-jacquard-2\" title=\"Iser Tessuti -\"><\/figure><\/div><div class=\"swiper-slide\" role=\"group\" aria-roledescription=\"slide\" aria-label=\"7 sur 9\"><figure class=\"swiper-slide-inner\"><img decoding=\"async\" class=\"swiper-slide-image\" src=\"https:\/\/isertessuti.com\/wp-content\/uploads\/2024\/06\/Iser-Tessuti-abbigliamento-rasi-5.webp\" alt=\"Iser-Tessuti-abbigliamento-rasi-5\" title=\"Iser Tessuti -\"><\/figure><\/div><div class=\"swiper-slide\" role=\"group\" aria-roledescription=\"slide\" aria-label=\"8 sur 9\"><figure class=\"swiper-slide-inner\"><img decoding=\"async\" class=\"swiper-slide-image\" src=\"https:\/\/isertessuti.com\/wp-content\/uploads\/2024\/06\/Iser-Tessuti-Slider-home-5-1536x787.webp\" alt=\"Iser-Tessuti-Slider-home-5\" title=\"Iser Tessuti -\"><\/figure><\/div><div class=\"swiper-slide\" role=\"group\" aria-roledescription=\"slide\" aria-label=\"9 sur 9\"><figure class=\"swiper-slide-inner\"><img decoding=\"async\" class=\"swiper-slide-image\" src=\"https:\/\/isertessuti.com\/wp-content\/uploads\/2024\/06\/Tessuto-jacquard-pelletteria-3.webp\" alt=\"Tessuto-jacquard-pelletteria-3\" title=\"Iser Tessuti -\"><\/figure><\/div>\t\t\t<\/div>\n\t\t\t\t\t\t\t\t\t\t\t\t<div class=\"elementor-swiper-button elementor-swiper-button-prev\" role=\"button\" tabindex=\"0\">\n\t\t\t\t\t\t<svg aria-hidden=\"true\" class=\"e-font-icon-svg e-eicon-chevron-left\" viewBox=\"0 0 1000 1000\" xmlns=\"http:\/\/www.w3.org\/2000\/svg\"><path d=\"M646 125C629 125 613 133 604 142L308 442C296 454 292 471 292 487 292 504 296 521 308 533L604 854C617 867 629 875 646 875 663 875 679 871 692 858 704 846 713 829 713 812 713 796 708 779 692 767L438 487 692 225C700 217 708 204 708 187 708 171 704 154 692 142 675 129 663 125 646 125Z\"><\/path><\/svg>\t\t\t\t\t<\/div>\n\t\t\t\t\t<div class=\"elementor-swiper-button elementor-swiper-button-next\" role=\"button\" tabindex=\"0\">\n\t\t\t\t\t\t<svg aria-hidden=\"true\" class=\"e-font-icon-svg e-eicon-chevron-right\" viewBox=\"0 0 1000 1000\" xmlns=\"http:\/\/www.w3.org\/2000\/svg\"><path d=\"M696 533C708 521 713 504 713 487 713 471 708 454 696 446L400 146C388 133 375 125 354 125 338 125 325 129 313 142 300 154 292 171 292 187 292 204 296 221 308 233L563 492 304 771C292 783 288 800 288 817 288 833 296 850 308 863 321 871 338 875 354 875 371 875 388 867 400 854L696 533Z\"><\/path><\/svg>\t\t\t\t\t<\/div>\n\t\t\t\t\n\t\t\t\t\t\t\t\t\t<\/div>\n\t\t\t\t\t\t<\/div>\n\t\t\t\t<\/div>\n\t\t\t\t<\/div>\n\t\t\t\t<\/div>\n\t\t\t\t<\/div>\n\t\t\t\t\t\t<\/div>\n\t\t\t\t<\/div>\n\t\t\t\t<\/div>\n\t\t<div class=\"elementor-element elementor-element-1ba26c9 e-flex e-con-boxed e-con e-parent\" data-id=\"1ba26c9\" data-element_type=\"container\">\n\t\t\t\t\t<div class=\"e-con-inner\">\n\t\t<div class=\"elementor-element elementor-element-4493b8c e-con-full e-flex e-con e-child\" data-id=\"4493b8c\" data-element_type=\"container\">\n\t\t\t\t<div class=\"elementor-element elementor-element-2c5e80e elementor-widget elementor-widget-heading\" data-id=\"2c5e80e\" data-element_type=\"widget\" data-widget_type=\"heading.default\">\n\t\t\t\t<div class=\"elementor-widget-container\">\n\t\t\t\t\t<h6 class=\"elementor-heading-title elementor-size-default\"><a href=\"https:\/\/isertessuti.agomir.com\/fr\/tissus-generiques\/\" target=\"_blank\" rel=\"noopener\">TISSUS G\u00c9N\u00c9RIQUES<\/a><\/h6>\t\t\t\t<\/div>\n\t\t\t\t<\/div>\n\t\t\t\t<div class=\"elementor-element elementor-element-a25541e elementor-widget elementor-widget-text-editor\" data-id=\"a25541e\" data-element_type=\"widget\" data-widget_type=\"text-editor.default\">\n\t\t\t\t<div class=\"elementor-widget-container\">\n\t\t\t\t\t\t\t\t\t<p>Il s\u2019agit de <strong>tissus jacquard \u201cpersonnalis\u00e9s\u201d avec les logotypes ou les motifs demand\u00e9s par le client<\/strong>.<br \/>Comme tous nos tissus, nos tissus jacquard sont \u00e9galement de haute qualit\u00e9 et Made in Italy.<\/p>\n\t\t\t\t\t\t\t\t<\/div>\n\t\t\t\t<\/div>\n\t\t\t\t<div class=\"elementor-element elementor-element-46eb513 elementor-align-right elementor-widget elementor-widget-button\" data-id=\"46eb513\" data-element_type=\"widget\" data-widget_type=\"button.default\">\n\t\t\t\t<div class=\"elementor-widget-container\">\n\t\t\t\t\t\t\t\t\t<div class=\"elementor-button-wrapper\">\n\t\t\t\t\t<a class=\"elementor-button elementor-button-link elementor-size-sm\" href=\"https:\/\/isertessuti.agomir.com\/contatti\/\" target=\"_blank\" rel=\"noopener\">\n\t\t\t\t\t\t<span class=\"elementor-button-content-wrapper\">\n\t\t\t\t\t\t<span class=\"elementor-button-icon\">\n\t\t\t\t<svg xmlns=\"http:\/\/www.w3.org\/2000\/svg\" id=\"Livello_2\" viewBox=\"0 0 666.67 466.67\"><defs><style>.cls-1{stroke-width:0px;}<\/style><\/defs><g id=\"Livello_1-2\"><path class=\"cls-1\" d=\"m666.67,233.33c0-11.91-6.25-22.35-15.64-28.25-1.73-2.52-3.7-4.9-5.9-7.11L456.9,9.76c-13.02-13.02-34.12-13.02-47.14,0-13.02,13.02-13.02,34.12,0,47.14l143.1,143.1H33.33c-18.41,0-33.33,14.92-33.33,33.33s14.92,33.33,33.33,33.33h519.53l-143.1,143.1c-13.02,13.02-13.02,34.12,0,47.14,6.51,6.51,15.04,9.76,23.57,9.76s17.06-3.25,23.57-9.76l188.21-188.21c2.21-2.21,4.17-4.59,5.91-7.11,9.39-5.9,15.64-16.34,15.64-28.25Z\"><\/path><\/g><\/svg>\t\t\t<\/span>\n\t\t\t\t\t\t\t\t\t<span class=\"elementor-button-text\">Contacts<\/span>\n\t\t\t\t\t<\/span>\n\t\t\t\t\t<\/a>\n\t\t\t\t<\/div>\n\t\t\t\t\t\t\t\t<\/div>\n\t\t\t\t<\/div>\n\t\t\t\t<\/div>\n\t\t<div class=\"elementor-element elementor-element-b50ff8a e-con-full e-flex e-con e-child\" data-id=\"b50ff8a\" data-element_type=\"container\">\n\t\t\t\t<div class=\"elementor-element elementor-element-1af2efd elementor-widget elementor-widget-image\" data-id=\"1af2efd\" data-element_type=\"widget\" data-widget_type=\"image.default\">\n\t\t\t\t<div class=\"elementor-widget-container\">\n\t\t\t\t\t\t\t\t\t\t\t\t\t\t\t<img fetchpriority=\"high\" decoding=\"async\" width=\"800\" height=\"533\" src=\"https:\/\/isertessuti.com\/wp-content\/uploads\/2024\/06\/Tessuti-jacquard-generici-6.webp\" class=\"attachment-large size-large wp-image-2152\" alt=\"Iser Tessuti -\" srcset=\"https:\/\/isertessuti.com\/wp-content\/uploads\/2024\/06\/Tessuti-jacquard-generici-6.webp 816w, https:\/\/isertessuti.com\/wp-content\/uploads\/2024\/06\/Tessuti-jacquard-generici-6-300x200.webp 300w, https:\/\/isertessuti.com\/wp-content\/uploads\/2024\/06\/Tessuti-jacquard-generici-6-768x512.webp 768w\" sizes=\"(max-width: 800px) 100vw, 800px\" title=\"Iser Tessuti -\">\t\t\t\t\t\t\t\t\t\t\t\t\t\t\t<\/div>\n\t\t\t\t<\/div>\n\t\t\t\t<\/div>\n\t\t\t\t\t<\/div>\n\t\t\t\t<\/div>\n\t\t<div class=\"elementor-element elementor-element-ce9d954 e-con-full e-flex e-con e-parent\" data-id=\"ce9d954\" data-element_type=\"container\">\n\t\t\t\t<div class=\"elementor-element elementor-element-b1e7f89 elementor-widget elementor-widget-gallery\" data-id=\"b1e7f89\" data-element_type=\"widget\" data-settings=\"{&quot;gap&quot;:{&quot;unit&quot;:&quot;px&quot;,&quot;size&quot;:8,&quot;sizes&quot;:[]},&quot;aspect_ratio&quot;:&quot;4:3&quot;,&quot;columns_tablet&quot;:4,&quot;columns_mobile&quot;:2,&quot;gap_tablet&quot;:{&quot;unit&quot;:&quot;px&quot;,&quot;size&quot;:4,&quot;sizes&quot;:[]},&quot;gap_mobile&quot;:{&quot;unit&quot;:&quot;px&quot;,&quot;size&quot;:4,&quot;sizes&quot;:[]},&quot;lazyload&quot;:&quot;yes&quot;,&quot;gallery_layout&quot;:&quot;grid&quot;,&quot;columns&quot;:4,&quot;link_to&quot;:&quot;file&quot;,&quot;overlay_background&quot;:&quot;yes&quot;,&quot;content_hover_animation&quot;:&quot;fade-in&quot;}\" data-widget_type=\"gallery.default\">\n\t\t\t\t<div class=\"elementor-widget-container\">\n\t\t\t\t\t\t\t<div class=\"elementor-gallery__container\">\n\t\t\t\t\t\t\t<a class=\"e-gallery-item elementor-gallery-item elementor-animated-content\" href=\"https:\/\/isertessuti.com\/wp-content\/uploads\/2024\/06\/Tessuti-jacquard-generici-2.webp\" data-elementor-open-lightbox=\"yes\" data-elementor-lightbox-slideshow=\"b1e7f89\" data-e-action-hash=\"#elementor-action%3Aaction%3Dlightbox%26settings%3DeyJpZCI6ODQ1LCJ1cmwiOiJodHRwczpcL1wvaXNlcnRlc3N1dGkuY29tXC93cC1jb250ZW50XC91cGxvYWRzXC8yMDI0XC8wNlwvVGVzc3V0aS1qYWNxdWFyZC1nZW5lcmljaS0yLndlYnAiLCJzbGlkZXNob3ciOiJiMWU3Zjg5In0%3D\">\n\t\t\t\t\t<div class=\"e-gallery-image elementor-gallery-item__image\" data-thumbnail=\"https:\/\/isertessuti.com\/wp-content\/uploads\/2024\/06\/Tessuti-jacquard-generici-2-768x512.webp\" data-width=\"768\" data-height=\"512\" aria-label=\"\" role=\"img\" ><\/div>\n\t\t\t\t\t\t\t\t\t\t\t<div class=\"elementor-gallery-item__overlay\"><\/div>\n\t\t\t\t\t\t\t\t\t\t\t\t\t\t<\/a>\n\t\t\t\t\t\t\t<a class=\"e-gallery-item elementor-gallery-item elementor-animated-content\" href=\"https:\/\/isertessuti.com\/wp-content\/uploads\/2024\/06\/Tessuti-jacquard-generici-5.webp\" data-elementor-open-lightbox=\"yes\" data-elementor-lightbox-slideshow=\"b1e7f89\" data-e-action-hash=\"#elementor-action%3Aaction%3Dlightbox%26settings%3DeyJpZCI6ODQ4LCJ1cmwiOiJodHRwczpcL1wvaXNlcnRlc3N1dGkuY29tXC93cC1jb250ZW50XC91cGxvYWRzXC8yMDI0XC8wNlwvVGVzc3V0aS1qYWNxdWFyZC1nZW5lcmljaS01LndlYnAiLCJzbGlkZXNob3ciOiJiMWU3Zjg5In0%3D\">\n\t\t\t\t\t<div class=\"e-gallery-image elementor-gallery-item__image\" data-thumbnail=\"https:\/\/isertessuti.com\/wp-content\/uploads\/2024\/06\/Tessuti-jacquard-generici-5-768x512.webp\" data-width=\"768\" data-height=\"512\" aria-label=\"\" role=\"img\" ><\/div>\n\t\t\t\t\t\t\t\t\t\t\t<div class=\"elementor-gallery-item__overlay\"><\/div>\n\t\t\t\t\t\t\t\t\t\t\t\t\t\t<\/a>\n\t\t\t\t\t\t\t<a class=\"e-gallery-item elementor-gallery-item elementor-animated-content\" href=\"https:\/\/isertessuti.com\/wp-content\/uploads\/2024\/06\/Tessuti-jacquard-generici-3.webp\" data-elementor-open-lightbox=\"yes\" data-elementor-lightbox-slideshow=\"b1e7f89\" data-e-action-hash=\"#elementor-action%3Aaction%3Dlightbox%26settings%3DeyJpZCI6ODQ2LCJ1cmwiOiJodHRwczpcL1wvaXNlcnRlc3N1dGkuY29tXC93cC1jb250ZW50XC91cGxvYWRzXC8yMDI0XC8wNlwvVGVzc3V0aS1qYWNxdWFyZC1nZW5lcmljaS0zLndlYnAiLCJzbGlkZXNob3ciOiJiMWU3Zjg5In0%3D\">\n\t\t\t\t\t<div class=\"e-gallery-image elementor-gallery-item__image\" data-thumbnail=\"https:\/\/isertessuti.com\/wp-content\/uploads\/2024\/06\/Tessuti-jacquard-generici-3-768x512.webp\" data-width=\"768\" data-height=\"512\" aria-label=\"\" role=\"img\" ><\/div>\n\t\t\t\t\t\t\t\t\t\t\t<div class=\"elementor-gallery-item__overlay\"><\/div>\n\t\t\t\t\t\t\t\t\t\t\t\t\t\t<\/a>\n\t\t\t\t\t\t\t<a class=\"e-gallery-item elementor-gallery-item elementor-animated-content\" href=\"https:\/\/isertessuti.com\/wp-content\/uploads\/2024\/06\/Tessuti-jacquard-generici-4.webp\" data-elementor-open-lightbox=\"yes\" data-elementor-lightbox-slideshow=\"b1e7f89\" data-e-action-hash=\"#elementor-action%3Aaction%3Dlightbox%26settings%3DeyJpZCI6ODQ3LCJ1cmwiOiJodHRwczpcL1wvaXNlcnRlc3N1dGkuY29tXC93cC1jb250ZW50XC91cGxvYWRzXC8yMDI0XC8wNlwvVGVzc3V0aS1qYWNxdWFyZC1nZW5lcmljaS00LndlYnAiLCJzbGlkZXNob3ciOiJiMWU3Zjg5In0%3D\">\n\t\t\t\t\t<div class=\"e-gallery-image elementor-gallery-item__image\" data-thumbnail=\"https:\/\/isertessuti.com\/wp-content\/uploads\/2024\/06\/Tessuti-jacquard-generici-4-768x512.webp\" data-width=\"768\" data-height=\"512\" aria-label=\"\" role=\"img\" ><\/div>\n\t\t\t\t\t\t\t\t\t\t\t<div class=\"elementor-gallery-item__overlay\"><\/div>\n\t\t\t\t\t\t\t\t\t\t\t\t\t\t<\/a>\n\t\t\t\t\t\t\t<a class=\"e-gallery-item elementor-gallery-item elementor-animated-content\" href=\"https:\/\/isertessuti.com\/wp-content\/uploads\/2024\/06\/Tessuti-jacquard-generici-7.webp\" data-elementor-open-lightbox=\"yes\" data-elementor-lightbox-slideshow=\"b1e7f89\" data-e-action-hash=\"#elementor-action%3Aaction%3Dlightbox%26settings%3DeyJpZCI6ODUwLCJ1cmwiOiJodHRwczpcL1wvaXNlcnRlc3N1dGkuY29tXC93cC1jb250ZW50XC91cGxvYWRzXC8yMDI0XC8wNlwvVGVzc3V0aS1qYWNxdWFyZC1nZW5lcmljaS03LndlYnAiLCJzbGlkZXNob3ciOiJiMWU3Zjg5In0%3D\">\n\t\t\t\t\t<div class=\"e-gallery-image elementor-gallery-item__image\" data-thumbnail=\"https:\/\/isertessuti.com\/wp-content\/uploads\/2024\/06\/Tessuti-jacquard-generici-7-768x512.webp\" data-width=\"768\" data-height=\"512\" aria-label=\"\" role=\"img\" ><\/div>\n\t\t\t\t\t\t\t\t\t\t\t<div class=\"elementor-gallery-item__overlay\"><\/div>\n\t\t\t\t\t\t\t\t\t\t\t\t\t\t<\/a>\n\t\t\t\t\t\t\t<a class=\"e-gallery-item elementor-gallery-item elementor-animated-content\" href=\"https:\/\/isertessuti.com\/wp-content\/uploads\/2024\/06\/Tessuti-jacquard-generici-8.webp\" data-elementor-open-lightbox=\"yes\" data-elementor-lightbox-slideshow=\"b1e7f89\" data-e-action-hash=\"#elementor-action%3Aaction%3Dlightbox%26settings%3DeyJpZCI6ODQ5LCJ1cmwiOiJodHRwczpcL1wvaXNlcnRlc3N1dGkuY29tXC93cC1jb250ZW50XC91cGxvYWRzXC8yMDI0XC8wNlwvVGVzc3V0aS1qYWNxdWFyZC1nZW5lcmljaS04LndlYnAiLCJzbGlkZXNob3ciOiJiMWU3Zjg5In0%3D\">\n\t\t\t\t\t<div class=\"e-gallery-image elementor-gallery-item__image\" data-thumbnail=\"https:\/\/isertessuti.com\/wp-content\/uploads\/2024\/06\/Tessuti-jacquard-generici-8-768x512.webp\" data-width=\"768\" data-height=\"512\" aria-label=\"\" role=\"img\" ><\/div>\n\t\t\t\t\t\t\t\t\t\t\t<div class=\"elementor-gallery-item__overlay\"><\/div>\n\t\t\t\t\t\t\t\t\t\t\t\t\t\t<\/a>\n\t\t\t\t\t\t\t<a class=\"e-gallery-item elementor-gallery-item elementor-animated-content\" href=\"https:\/\/isertessuti.com\/wp-content\/uploads\/2024\/06\/Tessuti-jacquard-generici-1.webp\" data-elementor-open-lightbox=\"yes\" data-elementor-lightbox-slideshow=\"b1e7f89\" data-e-action-hash=\"#elementor-action%3Aaction%3Dlightbox%26settings%3DeyJpZCI6ODQ0LCJ1cmwiOiJodHRwczpcL1wvaXNlcnRlc3N1dGkuY29tXC93cC1jb250ZW50XC91cGxvYWRzXC8yMDI0XC8wNlwvVGVzc3V0aS1qYWNxdWFyZC1nZW5lcmljaS0xLndlYnAiLCJzbGlkZXNob3ciOiJiMWU3Zjg5In0%3D\">\n\t\t\t\t\t<div class=\"e-gallery-image elementor-gallery-item__image\" data-thumbnail=\"https:\/\/isertessuti.com\/wp-content\/uploads\/2024\/06\/Tessuti-jacquard-generici-1-768x512.webp\" data-width=\"768\" data-height=\"512\" aria-label=\"\" role=\"img\" ><\/div>\n\t\t\t\t\t\t\t\t\t\t\t<div class=\"elementor-gallery-item__overlay\"><\/div>\n\t\t\t\t\t\t\t\t\t\t\t\t\t\t<\/a>\n\t\t\t\t\t\t\t<a class=\"e-gallery-item elementor-gallery-item elementor-animated-content\" href=\"https:\/\/isertessuti.com\/wp-content\/uploads\/2024\/06\/Tessuti-jacquard-generici-9.webp\" data-elementor-open-lightbox=\"yes\" data-elementor-lightbox-slideshow=\"b1e7f89\" data-e-action-hash=\"#elementor-action%3Aaction%3Dlightbox%26settings%3DeyJpZCI6ODU0LCJ1cmwiOiJodHRwczpcL1wvaXNlcnRlc3N1dGkuY29tXC93cC1jb250ZW50XC91cGxvYWRzXC8yMDI0XC8wNlwvVGVzc3V0aS1qYWNxdWFyZC1nZW5lcmljaS05LndlYnAiLCJzbGlkZXNob3ciOiJiMWU3Zjg5In0%3D\">\n\t\t\t\t\t<div class=\"e-gallery-image elementor-gallery-item__image\" data-thumbnail=\"https:\/\/isertessuti.com\/wp-content\/uploads\/2024\/06\/Tessuti-jacquard-generici-9-768x512.webp\" data-width=\"768\" data-height=\"512\" aria-label=\"\" role=\"img\" ><\/div>\n\t\t\t\t\t\t\t\t\t\t\t<div class=\"elementor-gallery-item__overlay\"><\/div>\n\t\t\t\t\t\t\t\t\t\t\t\t\t\t<\/a>\n\t\t\t\t\t<\/div>\n\t\t\t\t\t<\/div>\n\t\t\t\t<\/div>\n\t\t\t\t<\/div>\n\t\t\t\t<\/div>\n\t\t","protected":false},"excerpt":{"rendered":"<p>TISSUS G\u00c9N\u00c9RIQUES Il s\u2019agit de tissus jacquard \u201cpersonnalis\u00e9s\u201d avec les logotypes ou les motifs demand\u00e9s par le client.Comme tous nos tissus, nos tissus jacquard sont \u00e9galement de haute qualit\u00e9 et Made in Italy. Contacts<\/p>\n","protected":false},"author":1,"featured_media":0,"parent":2131,"menu_order":0,"comment_status":"closed","ping_status":"closed","template":"","meta":{"footnotes":""},"class_list":["post-2151","page","type-page","status-publish","hentry"],"_links":{"self":[{"href":"https:\/\/isertessuti.com\/fr\/wp-json\/wp\/v2\/pages\/2151","targetHints":{"allow":["GET"]}}],"collection":[{"href":"https:\/\/isertessuti.com\/fr\/wp-json\/wp\/v2\/pages"}],"about":[{"href":"https:\/\/isertessuti.com\/fr\/wp-json\/wp\/v2\/types\/page"}],"author":[{"embeddable":true,"href":"https:\/\/isertessuti.com\/fr\/wp-json\/wp\/v2\/users\/1"}],"replies":[{"embeddable":true,"href":"https:\/\/isertessuti.com\/fr\/wp-json\/wp\/v2\/comments?post=2151"}],"version-history":[{"count":1,"href":"https:\/\/isertessuti.com\/fr\/wp-json\/wp\/v2\/pages\/2151\/revisions"}],"predecessor-version":[{"id":2160,"href":"https:\/\/isertessuti.com\/fr\/wp-json\/wp\/v2\/pages\/2151\/revisions\/2160"}],"up":[{"embeddable":true,"href":"https:\/\/isertessuti.com\/fr\/wp-json\/wp\/v2\/pages\/2131"}],"wp:attachment":[{"href":"https:\/\/isertessuti.com\/fr\/wp-json\/wp\/v2\/media?parent=2151"}],"curies":[{"name":"wp","href":"https:\/\/api.w.org\/{rel}","templated":true}]}}