{"id":2034,"date":"2024-06-18T15:18:03","date_gmt":"2024-06-18T13:18:03","guid":{"rendered":"https:\/\/isertessuti.agomir.com\/nos-ateliers\/travaux\/"},"modified":"2024-06-27T09:53:01","modified_gmt":"2024-06-27T07:53:01","slug":"travaux","status":"publish","type":"page","link":"https:\/\/isertessuti.com\/fr\/nos-ateliers\/travaux\/","title":{"rendered":"Travaux"},"content":{"rendered":"\t\t<div data-elementor-type=\"wp-page\" data-elementor-id=\"2034\" class=\"elementor elementor-2034 elementor-52\" data-elementor-post-type=\"page\">\n\t\t\t\t<div class=\"elementor-element elementor-element-5d0ad87 e-con-full e-flex e-con e-parent\" data-id=\"5d0ad87\" data-element_type=\"container\">\n\t\t\t\t<div class=\"elementor-element elementor-element-b13c99b elementor-widget elementor-widget-template\" data-id=\"b13c99b\" data-element_type=\"widget\" data-widget_type=\"template.default\">\n\t\t\t\t<div class=\"elementor-widget-container\">\n\t\t\t\t\t\t\t<div class=\"elementor-template\">\n\t\t\t\t\t<div data-elementor-type=\"container\" data-elementor-id=\"2585\" class=\"elementor elementor-2585 elementor-360\" data-elementor-post-type=\"elementor_library\">\n\t\t\t\t<div class=\"elementor-element elementor-element-329602fc e-con-full e-flex e-con e-parent\" data-id=\"329602fc\" data-element_type=\"container\" data-settings=\"{&quot;background_background&quot;:&quot;classic&quot;}\">\n\t\t\t\t<div class=\"elementor-element elementor-element-20e047a elementor-arrows-position-inside elementor-widget elementor-widget-image-carousel\" data-id=\"20e047a\" data-element_type=\"widget\" data-settings=\"{&quot;slides_to_show&quot;:&quot;1&quot;,&quot;navigation&quot;:&quot;arrows&quot;,&quot;autoplay_speed&quot;:3000,&quot;effect&quot;:&quot;fade&quot;,&quot;speed&quot;:800,&quot;autoplay&quot;:&quot;yes&quot;,&quot;pause_on_hover&quot;:&quot;yes&quot;,&quot;pause_on_interaction&quot;:&quot;yes&quot;,&quot;infinite&quot;:&quot;yes&quot;}\" data-widget_type=\"image-carousel.default\">\n\t\t\t\t<div class=\"elementor-widget-container\">\n\t\t\t\t\t\t\t<div class=\"elementor-image-carousel-wrapper swiper\" role=\"region\" aria-roledescription=\"carousel\" aria-label=\"Carrousel d\u2019images\" dir=\"ltr\">\n\t\t\t<div class=\"elementor-image-carousel swiper-wrapper swiper-image-stretch\" aria-live=\"off\">\n\t\t\t\t\t\t\t\t<div class=\"swiper-slide\" role=\"group\" aria-roledescription=\"slide\" aria-label=\"1 sur 9\"><figure class=\"swiper-slide-inner\"><img decoding=\"async\" class=\"swiper-slide-image\" src=\"https:\/\/isertessuti.com\/wp-content\/uploads\/2024\/06\/Abbigliamento-tessuti-jacquard-33.webp\" alt=\"Abbigliamento-tessuti-jacquard-33\" title=\"Iser Tessuti -\"><\/figure><\/div><div class=\"swiper-slide\" role=\"group\" aria-roledescription=\"slide\" aria-label=\"2 sur 9\"><figure class=\"swiper-slide-inner\"><img decoding=\"async\" class=\"swiper-slide-image\" src=\"https:\/\/isertessuti.com\/wp-content\/uploads\/2024\/06\/Iser-Tessuti-Slider-home-3-1536x787.webp\" alt=\"Iser-Tessuti-Slider-home-3\" title=\"Iser Tessuti -\"><\/figure><\/div><div class=\"swiper-slide\" role=\"group\" aria-roledescription=\"slide\" aria-label=\"3 sur 9\"><figure class=\"swiper-slide-inner\"><img decoding=\"async\" class=\"swiper-slide-image\" src=\"https:\/\/isertessuti.com\/wp-content\/uploads\/2024\/06\/Tessuti-stampati-pelletteria-16.webp\" alt=\"Tessuti-stampati-pelletteria-16\" title=\"Iser Tessuti -\"><\/figure><\/div><div class=\"swiper-slide\" role=\"group\" aria-roledescription=\"slide\" aria-label=\"4 sur 9\"><figure class=\"swiper-slide-inner\"><img decoding=\"async\" class=\"swiper-slide-image\" src=\"https:\/\/isertessuti.com\/wp-content\/uploads\/2024\/06\/Abbigliamento-tessuti-jacquard-27.webp\" alt=\"Abbigliamento-tessuti-jacquard-27\" title=\"Iser Tessuti -\"><\/figure><\/div><div class=\"swiper-slide\" role=\"group\" aria-roledescription=\"slide\" aria-label=\"5 sur 9\"><figure class=\"swiper-slide-inner\"><img decoding=\"async\" class=\"swiper-slide-image\" src=\"https:\/\/isertessuti.com\/wp-content\/uploads\/2024\/06\/Abbigliamento-tessuti-jacquard-31.webp\" alt=\"Abbigliamento-tessuti-jacquard-31\" title=\"Iser Tessuti -\"><\/figure><\/div><div class=\"swiper-slide\" role=\"group\" aria-roledescription=\"slide\" aria-label=\"6 sur 9\"><figure class=\"swiper-slide-inner\"><img decoding=\"async\" class=\"swiper-slide-image\" src=\"https:\/\/isertessuti.com\/wp-content\/uploads\/2024\/06\/Abbigliamento-tessuti-jacquard-2.webp\" alt=\"Abbigliamento-tessuti-jacquard-2\" title=\"Iser Tessuti -\"><\/figure><\/div><div class=\"swiper-slide\" role=\"group\" aria-roledescription=\"slide\" aria-label=\"7 sur 9\"><figure class=\"swiper-slide-inner\"><img decoding=\"async\" class=\"swiper-slide-image\" src=\"https:\/\/isertessuti.com\/wp-content\/uploads\/2024\/06\/Iser-Tessuti-abbigliamento-rasi-5.webp\" alt=\"Iser-Tessuti-abbigliamento-rasi-5\" title=\"Iser Tessuti -\"><\/figure><\/div><div class=\"swiper-slide\" role=\"group\" aria-roledescription=\"slide\" aria-label=\"8 sur 9\"><figure class=\"swiper-slide-inner\"><img decoding=\"async\" class=\"swiper-slide-image\" src=\"https:\/\/isertessuti.com\/wp-content\/uploads\/2024\/06\/Iser-Tessuti-Slider-home-5-1536x787.webp\" alt=\"Iser-Tessuti-Slider-home-5\" title=\"Iser Tessuti -\"><\/figure><\/div><div class=\"swiper-slide\" role=\"group\" aria-roledescription=\"slide\" aria-label=\"9 sur 9\"><figure class=\"swiper-slide-inner\"><img decoding=\"async\" class=\"swiper-slide-image\" src=\"https:\/\/isertessuti.com\/wp-content\/uploads\/2024\/06\/Tessuto-jacquard-pelletteria-3.webp\" alt=\"Tessuto-jacquard-pelletteria-3\" title=\"Iser Tessuti -\"><\/figure><\/div>\t\t\t<\/div>\n\t\t\t\t\t\t\t\t\t\t\t\t<div class=\"elementor-swiper-button elementor-swiper-button-prev\" role=\"button\" tabindex=\"0\">\n\t\t\t\t\t\t<svg aria-hidden=\"true\" class=\"e-font-icon-svg e-eicon-chevron-left\" viewBox=\"0 0 1000 1000\" xmlns=\"http:\/\/www.w3.org\/2000\/svg\"><path d=\"M646 125C629 125 613 133 604 142L308 442C296 454 292 471 292 487 292 504 296 521 308 533L604 854C617 867 629 875 646 875 663 875 679 871 692 858 704 846 713 829 713 812 713 796 708 779 692 767L438 487 692 225C700 217 708 204 708 187 708 171 704 154 692 142 675 129 663 125 646 125Z\"><\/path><\/svg>\t\t\t\t\t<\/div>\n\t\t\t\t\t<div class=\"elementor-swiper-button elementor-swiper-button-next\" role=\"button\" tabindex=\"0\">\n\t\t\t\t\t\t<svg aria-hidden=\"true\" class=\"e-font-icon-svg e-eicon-chevron-right\" viewBox=\"0 0 1000 1000\" xmlns=\"http:\/\/www.w3.org\/2000\/svg\"><path d=\"M696 533C708 521 713 504 713 487 713 471 708 454 696 446L400 146C388 133 375 125 354 125 338 125 325 129 313 142 300 154 292 171 292 187 292 204 296 221 308 233L563 492 304 771C292 783 288 800 288 817 288 833 296 850 308 863 321 871 338 875 354 875 371 875 388 867 400 854L696 533Z\"><\/path><\/svg>\t\t\t\t\t<\/div>\n\t\t\t\t\n\t\t\t\t\t\t\t\t\t<\/div>\n\t\t\t\t\t\t<\/div>\n\t\t\t\t<\/div>\n\t\t\t\t<\/div>\n\t\t\t\t<\/div>\n\t\t\t\t<\/div>\n\t\t\t\t\t\t<\/div>\n\t\t\t\t<\/div>\n\t\t\t\t<\/div>\n\t\t<div class=\"elementor-element elementor-element-a5be607 e-flex e-con-boxed e-con e-parent\" data-id=\"a5be607\" data-element_type=\"container\">\n\t\t\t\t\t<div class=\"e-con-inner\">\n\t\t<div class=\"elementor-element elementor-element-1be2fd4 e-con-full e-flex e-con e-child\" data-id=\"1be2fd4\" data-element_type=\"container\">\n\t\t\t\t<div class=\"elementor-element elementor-element-aead874 elementor-widget elementor-widget-text-editor\" data-id=\"aead874\" data-element_type=\"widget\" data-widget_type=\"text-editor.default\">\n\t\t\t\t<div class=\"elementor-widget-container\">\n\t\t\t\t\t\t\t\t\t<p>ISER Srl ex\u00e9cute <strong>diff\u00e9rents types de travaux<\/strong> \u00e0 la fois sur les \u00e9toffes qu\u2019elle produit elle-m\u00eame et sur des tissus gr\u00e8ges pour le compte de tiers. ISER effectue:<\/p>\n\t\t\t\t\t\t\t\t<\/div>\n\t\t\t\t<\/div>\n\t\t\t\t<div class=\"elementor-element elementor-element-ad3ff35 elementor-icon-list--layout-traditional elementor-list-item-link-full_width elementor-widget elementor-widget-icon-list\" data-id=\"ad3ff35\" data-element_type=\"widget\" data-widget_type=\"icon-list.default\">\n\t\t\t\t<div class=\"elementor-widget-container\">\n\t\t\t\t\t\t\t<ul class=\"elementor-icon-list-items\">\n\t\t\t\t\t\t\t<li class=\"elementor-icon-list-item\">\n\t\t\t\t\t\t\t\t\t\t\t<span class=\"elementor-icon-list-icon\">\n\t\t\t\t\t\t\t<svg xmlns=\"http:\/\/www.w3.org\/2000\/svg\" xmlns:xlink=\"http:\/\/www.w3.org\/1999\/xlink\" id=\"Livello_1\" x=\"0px\" y=\"0px\" viewBox=\"0 0 800 800\" style=\"enable-background:new 0 0 800 800;\" xml:space=\"preserve\"><g>\t<path d=\"M250.4,771c-94.2-37.9-170-110.4-212.9-202.1c-80.7-172.5-27.4-378.6,126-491.7c102.4-75.5,236-96.9,357.1-58.9  c9.7,3,16.5,5.8,20.5,8.4c36.9,23.7,20.5,81-23.6,81.7c-9.7,0.2-19.4-3.9-30-7.1C408.6,77.7,322.5,87.8,250.8,127  c-102,55.7-163.7,163-162,279C91,552.3,197.4,677.1,340.2,705.2c143.9,28.3,288-48.3,345.6-182.9c21.2-49.5,29-101.4,23.5-155.7  c-3.5-35.2,30.9-61.2,63-46c15.2,7.2,23.7,19.8,25.5,37.8c16.1,155.2-60.7,309-196.5,387.4C494.1,807.6,365.5,817.3,250.4,771z\"><\/path>\t<path d=\"M366.5,521.6c-57-46.5-114.1-93-171.3-139.4c-17-13.8-22.3-36.5-12.2-56.1c11-21.4,38.1-30,59.5-18.7  c5.7,3,11.2,7.7,16.8,12.2c44,35.9,88,71.7,131.9,107.6c0.3,0.2,0.6,0.2,0.8-0.1c95.2-107.7,190.4-215.3,285.6-323.1  c31.7-35.8,91-3,75.5,43.4c-2,5.9-4.7,10.9-8.3,14.9C642.4,278.3,540,394.2,437.4,510c-7.1,8-12.3,13.2-15.8,15.6  C404.3,537.5,383.2,535.2,366.5,521.6z\"><\/path><\/g><\/svg>\t\t\t\t\t\t<\/span>\n\t\t\t\t\t\t\t\t\t\t<span class=\"elementor-icon-list-text\"><b>R\u00e9sinages\/Enduisages<\/b> \u00e0 l\u2019aide d\u2019une installation d\u2019enduisage avanc\u00e9e avec un four \u00e0 rameuse \u00e0 picots<\/span>\n\t\t\t\t\t\t\t\t\t<\/li>\n\t\t\t\t\t\t\t\t<li class=\"elementor-icon-list-item\">\n\t\t\t\t\t\t\t\t\t\t\t<span class=\"elementor-icon-list-icon\">\n\t\t\t\t\t\t\t<svg xmlns=\"http:\/\/www.w3.org\/2000\/svg\" xmlns:xlink=\"http:\/\/www.w3.org\/1999\/xlink\" id=\"Livello_1\" x=\"0px\" y=\"0px\" viewBox=\"0 0 800 800\" style=\"enable-background:new 0 0 800 800;\" xml:space=\"preserve\"><g>\t<path d=\"M250.4,771c-94.2-37.9-170-110.4-212.9-202.1c-80.7-172.5-27.4-378.6,126-491.7c102.4-75.5,236-96.9,357.1-58.9  c9.7,3,16.5,5.8,20.5,8.4c36.9,23.7,20.5,81-23.6,81.7c-9.7,0.2-19.4-3.9-30-7.1C408.6,77.7,322.5,87.8,250.8,127  c-102,55.7-163.7,163-162,279C91,552.3,197.4,677.1,340.2,705.2c143.9,28.3,288-48.3,345.6-182.9c21.2-49.5,29-101.4,23.5-155.7  c-3.5-35.2,30.9-61.2,63-46c15.2,7.2,23.7,19.8,25.5,37.8c16.1,155.2-60.7,309-196.5,387.4C494.1,807.6,365.5,817.3,250.4,771z\"><\/path>\t<path d=\"M366.5,521.6c-57-46.5-114.1-93-171.3-139.4c-17-13.8-22.3-36.5-12.2-56.1c11-21.4,38.1-30,59.5-18.7  c5.7,3,11.2,7.7,16.8,12.2c44,35.9,88,71.7,131.9,107.6c0.3,0.2,0.6,0.2,0.8-0.1c95.2-107.7,190.4-215.3,285.6-323.1  c31.7-35.8,91-3,75.5,43.4c-2,5.9-4.7,10.9-8.3,14.9C642.4,278.3,540,394.2,437.4,510c-7.1,8-12.3,13.2-15.8,15.6  C404.3,537.5,383.2,535.2,366.5,521.6z\"><\/path><\/g><\/svg>\t\t\t\t\t\t<\/span>\n\t\t\t\t\t\t\t\t\t\t<span class=\"elementor-icon-list-text\"><b>Teinture sur \u00e9chantillon<\/b>, gr\u00e2ce \u00e0 son laboratoire avanc\u00e9 d\u2019\u00e9chantillonnage de couleur des tissus qui permet de r\u00e9aliser la tonalit\u00e9 de couleur requise par le client en partant d\u2019un \u00e9chantillon<\/span>\n\t\t\t\t\t\t\t\t\t<\/li>\n\t\t\t\t\t\t\t\t<li class=\"elementor-icon-list-item\">\n\t\t\t\t\t\t\t\t\t\t\t<span class=\"elementor-icon-list-icon\">\n\t\t\t\t\t\t\t<svg xmlns=\"http:\/\/www.w3.org\/2000\/svg\" xmlns:xlink=\"http:\/\/www.w3.org\/1999\/xlink\" id=\"Livello_1\" x=\"0px\" y=\"0px\" viewBox=\"0 0 800 800\" style=\"enable-background:new 0 0 800 800;\" xml:space=\"preserve\"><g>\t<path d=\"M250.4,771c-94.2-37.9-170-110.4-212.9-202.1c-80.7-172.5-27.4-378.6,126-491.7c102.4-75.5,236-96.9,357.1-58.9  c9.7,3,16.5,5.8,20.5,8.4c36.9,23.7,20.5,81-23.6,81.7c-9.7,0.2-19.4-3.9-30-7.1C408.6,77.7,322.5,87.8,250.8,127  c-102,55.7-163.7,163-162,279C91,552.3,197.4,677.1,340.2,705.2c143.9,28.3,288-48.3,345.6-182.9c21.2-49.5,29-101.4,23.5-155.7  c-3.5-35.2,30.9-61.2,63-46c15.2,7.2,23.7,19.8,25.5,37.8c16.1,155.2-60.7,309-196.5,387.4C494.1,807.6,365.5,817.3,250.4,771z\"><\/path>\t<path d=\"M366.5,521.6c-57-46.5-114.1-93-171.3-139.4c-17-13.8-22.3-36.5-12.2-56.1c11-21.4,38.1-30,59.5-18.7  c5.7,3,11.2,7.7,16.8,12.2c44,35.9,88,71.7,131.9,107.6c0.3,0.2,0.6,0.2,0.8-0.1c95.2-107.7,190.4-215.3,285.6-323.1  c31.7-35.8,91-3,75.5,43.4c-2,5.9-4.7,10.9-8.3,14.9C642.4,278.3,540,394.2,437.4,510c-7.1,8-12.3,13.2-15.8,15.6  C404.3,537.5,383.2,535.2,366.5,521.6z\"><\/path><\/g><\/svg>\t\t\t\t\t\t<\/span>\n\t\t\t\t\t\t\t\t\t\t<span class=\"elementor-icon-list-text\"><b>Personnalisation<\/b> avec logotype gr\u00e2ce \u00e0 la pr\u00e9sence de 22 m\u00e9tiers jacquard destin\u00e9s au tissage de logotypes et de dessins personnalis\u00e9s fournis par les clients sur le tissu proprement dit<\/span>\n\t\t\t\t\t\t\t\t\t<\/li>\n\t\t\t\t\t\t\t\t<li class=\"elementor-icon-list-item\">\n\t\t\t\t\t\t\t\t\t\t\t<span class=\"elementor-icon-list-icon\">\n\t\t\t\t\t\t\t<svg xmlns=\"http:\/\/www.w3.org\/2000\/svg\" xmlns:xlink=\"http:\/\/www.w3.org\/1999\/xlink\" id=\"Livello_1\" x=\"0px\" y=\"0px\" viewBox=\"0 0 800 800\" style=\"enable-background:new 0 0 800 800;\" xml:space=\"preserve\"><g>\t<path d=\"M250.4,771c-94.2-37.9-170-110.4-212.9-202.1c-80.7-172.5-27.4-378.6,126-491.7c102.4-75.5,236-96.9,357.1-58.9  c9.7,3,16.5,5.8,20.5,8.4c36.9,23.7,20.5,81-23.6,81.7c-9.7,0.2-19.4-3.9-30-7.1C408.6,77.7,322.5,87.8,250.8,127  c-102,55.7-163.7,163-162,279C91,552.3,197.4,677.1,340.2,705.2c143.9,28.3,288-48.3,345.6-182.9c21.2-49.5,29-101.4,23.5-155.7  c-3.5-35.2,30.9-61.2,63-46c15.2,7.2,23.7,19.8,25.5,37.8c16.1,155.2-60.7,309-196.5,387.4C494.1,807.6,365.5,817.3,250.4,771z\"><\/path>\t<path d=\"M366.5,521.6c-57-46.5-114.1-93-171.3-139.4c-17-13.8-22.3-36.5-12.2-56.1c11-21.4,38.1-30,59.5-18.7  c5.7,3,11.2,7.7,16.8,12.2c44,35.9,88,71.7,131.9,107.6c0.3,0.2,0.6,0.2,0.8-0.1c95.2-107.7,190.4-215.3,285.6-323.1  c31.7-35.8,91-3,75.5,43.4c-2,5.9-4.7,10.9-8.3,14.9C642.4,278.3,540,394.2,437.4,510c-7.1,8-12.3,13.2-15.8,15.6  C404.3,537.5,383.2,535.2,366.5,521.6z\"><\/path><\/g><\/svg>\t\t\t\t\t\t<\/span>\n\t\t\t\t\t\t\t\t\t\t<span class=\"elementor-icon-list-text\"><b>Laminage\/gaufrage<\/b> de tissus avec d\u2019autres fibres ou mat\u00e9riaux pour obtenir des effets particuliers selon les sp\u00e9cifications du client<\/span>\n\t\t\t\t\t\t\t\t\t<\/li>\n\t\t\t\t\t\t\t\t<li class=\"elementor-icon-list-item\">\n\t\t\t\t\t\t\t\t\t\t\t<span class=\"elementor-icon-list-icon\">\n\t\t\t\t\t\t\t<svg xmlns=\"http:\/\/www.w3.org\/2000\/svg\" xmlns:xlink=\"http:\/\/www.w3.org\/1999\/xlink\" id=\"Livello_1\" x=\"0px\" y=\"0px\" viewBox=\"0 0 800 800\" style=\"enable-background:new 0 0 800 800;\" xml:space=\"preserve\"><g>\t<path d=\"M250.4,771c-94.2-37.9-170-110.4-212.9-202.1c-80.7-172.5-27.4-378.6,126-491.7c102.4-75.5,236-96.9,357.1-58.9  c9.7,3,16.5,5.8,20.5,8.4c36.9,23.7,20.5,81-23.6,81.7c-9.7,0.2-19.4-3.9-30-7.1C408.6,77.7,322.5,87.8,250.8,127  c-102,55.7-163.7,163-162,279C91,552.3,197.4,677.1,340.2,705.2c143.9,28.3,288-48.3,345.6-182.9c21.2-49.5,29-101.4,23.5-155.7  c-3.5-35.2,30.9-61.2,63-46c15.2,7.2,23.7,19.8,25.5,37.8c16.1,155.2-60.7,309-196.5,387.4C494.1,807.6,365.5,817.3,250.4,771z\"><\/path>\t<path d=\"M366.5,521.6c-57-46.5-114.1-93-171.3-139.4c-17-13.8-22.3-36.5-12.2-56.1c11-21.4,38.1-30,59.5-18.7  c5.7,3,11.2,7.7,16.8,12.2c44,35.9,88,71.7,131.9,107.6c0.3,0.2,0.6,0.2,0.8-0.1c95.2-107.7,190.4-215.3,285.6-323.1  c31.7-35.8,91-3,75.5,43.4c-2,5.9-4.7,10.9-8.3,14.9C642.4,278.3,540,394.2,437.4,510c-7.1,8-12.3,13.2-15.8,15.6  C404.3,537.5,383.2,535.2,366.5,521.6z\"><\/path><\/g><\/svg>\t\t\t\t\t\t<\/span>\n\t\t\t\t\t\t\t\t\t\t<span class=\"elementor-icon-list-text\"><b>Impression personnalis\u00e9e<\/b> sur tissus, en diff\u00e9rentes couleurs, avec des logotypes ou des motifs personnalis\u00e9s.<\/span>\n\t\t\t\t\t\t\t\t\t<\/li>\n\t\t\t\t\t\t<\/ul>\n\t\t\t\t\t\t<\/div>\n\t\t\t\t<\/div>\n\t\t\t\t<div class=\"elementor-element elementor-element-5a96116 elementor-align-right elementor-widget elementor-widget-button\" data-id=\"5a96116\" data-element_type=\"widget\" data-widget_type=\"button.default\">\n\t\t\t\t<div class=\"elementor-widget-container\">\n\t\t\t\t\t\t\t\t\t<div class=\"elementor-button-wrapper\">\n\t\t\t\t\t<a class=\"elementor-button elementor-button-link elementor-size-sm\" href=\"https:\/\/isertessuti.agomir.com\/contatti\/\" target=\"_blank\" rel=\"noopener\">\n\t\t\t\t\t\t<span class=\"elementor-button-content-wrapper\">\n\t\t\t\t\t\t<span class=\"elementor-button-icon\">\n\t\t\t\t<svg xmlns=\"http:\/\/www.w3.org\/2000\/svg\" id=\"Livello_2\" viewBox=\"0 0 666.67 466.67\"><defs><style>.cls-1{stroke-width:0px;}<\/style><\/defs><g id=\"Livello_1-2\"><path class=\"cls-1\" d=\"m666.67,233.33c0-11.91-6.25-22.35-15.64-28.25-1.73-2.52-3.7-4.9-5.9-7.11L456.9,9.76c-13.02-13.02-34.12-13.02-47.14,0-13.02,13.02-13.02,34.12,0,47.14l143.1,143.1H33.33c-18.41,0-33.33,14.92-33.33,33.33s14.92,33.33,33.33,33.33h519.53l-143.1,143.1c-13.02,13.02-13.02,34.12,0,47.14,6.51,6.51,15.04,9.76,23.57,9.76s17.06-3.25,23.57-9.76l188.21-188.21c2.21-2.21,4.17-4.59,5.91-7.11,9.39-5.9,15.64-16.34,15.64-28.25Z\"><\/path><\/g><\/svg>\t\t\t<\/span>\n\t\t\t\t\t\t\t\t\t<span class=\"elementor-button-text\">Contacts<\/span>\n\t\t\t\t\t<\/span>\n\t\t\t\t\t<\/a>\n\t\t\t\t<\/div>\n\t\t\t\t\t\t\t\t<\/div>\n\t\t\t\t<\/div>\n\t\t\t\t<\/div>\n\t\t<div class=\"elementor-element elementor-element-49494db e-con-full e-flex e-con e-child\" data-id=\"49494db\" data-element_type=\"container\">\n\t\t\t\t<div class=\"elementor-element elementor-element-b95b079 elementor-arrows-position-inside elementor-widget elementor-widget-image-carousel\" data-id=\"b95b079\" data-element_type=\"widget\" data-settings=\"{&quot;slides_to_show&quot;:&quot;1&quot;,&quot;navigation&quot;:&quot;arrows&quot;,&quot;autoplay&quot;:&quot;yes&quot;,&quot;pause_on_hover&quot;:&quot;yes&quot;,&quot;pause_on_interaction&quot;:&quot;yes&quot;,&quot;autoplay_speed&quot;:5000,&quot;infinite&quot;:&quot;yes&quot;,&quot;effect&quot;:&quot;slide&quot;,&quot;speed&quot;:500}\" data-widget_type=\"image-carousel.default\">\n\t\t\t\t<div class=\"elementor-widget-container\">\n\t\t\t\t\t\t\t<div class=\"elementor-image-carousel-wrapper swiper\" role=\"region\" aria-roledescription=\"carousel\" aria-label=\"Carrousel d\u2019images\" dir=\"ltr\">\n\t\t\t<div class=\"elementor-image-carousel swiper-wrapper swiper-image-stretch\" aria-live=\"off\">\n\t\t\t\t\t\t\t\t<div class=\"swiper-slide\" role=\"group\" aria-roledescription=\"slide\" aria-label=\"1 sur 4\"><a data-elementor-open-lightbox=\"yes\" data-elementor-lightbox-slideshow=\"b95b079\" data-e-action-hash=\"#elementor-action%3Aaction%3Dlightbox%26settings%3DeyJpZCI6ODY1LCJ1cmwiOiJodHRwczpcL1wvaXNlcnRlc3N1dGkuY29tXC93cC1jb250ZW50XC91cGxvYWRzXC8yMDI0XC8wNlwvQ2hpc2lhbW8tSXNlcnRlc3N1dGktMzUud2VicCIsInNsaWRlc2hvdyI6ImI5NWIwNzkifQ%3D%3D\" href=\"https:\/\/isertessuti.com\/wp-content\/uploads\/2024\/06\/Chisiamo-Isertessuti-35.webp\"><figure class=\"swiper-slide-inner\"><img decoding=\"async\" class=\"swiper-slide-image\" src=\"https:\/\/isertessuti.com\/wp-content\/uploads\/2024\/06\/Chisiamo-Isertessuti-35-1024x680.webp\" alt=\"Chisiamo-Isertessuti-35\" title=\"Iser Tessuti -\"><\/figure><\/a><\/div><div class=\"swiper-slide\" role=\"group\" aria-roledescription=\"slide\" aria-label=\"2 sur 4\"><a data-elementor-open-lightbox=\"yes\" data-elementor-lightbox-slideshow=\"b95b079\" data-e-action-hash=\"#elementor-action%3Aaction%3Dlightbox%26settings%3DeyJpZCI6ODY0LCJ1cmwiOiJodHRwczpcL1wvaXNlcnRlc3N1dGkuY29tXC93cC1jb250ZW50XC91cGxvYWRzXC8yMDI0XC8wNlwvQ2hpc2lhbW8tSXNlcnRlc3N1dGktMjAud2VicCIsInNsaWRlc2hvdyI6ImI5NWIwNzkifQ%3D%3D\" href=\"https:\/\/isertessuti.com\/wp-content\/uploads\/2024\/06\/Chisiamo-Isertessuti-20.webp\"><figure class=\"swiper-slide-inner\"><img decoding=\"async\" class=\"swiper-slide-image\" src=\"https:\/\/isertessuti.com\/wp-content\/uploads\/2024\/06\/Chisiamo-Isertessuti-20-1024x680.webp\" alt=\"Chisiamo-Isertessuti-20\" title=\"Iser Tessuti -\"><\/figure><\/a><\/div><div class=\"swiper-slide\" role=\"group\" aria-roledescription=\"slide\" aria-label=\"3 sur 4\"><a data-elementor-open-lightbox=\"yes\" data-elementor-lightbox-slideshow=\"b95b079\" data-e-action-hash=\"#elementor-action%3Aaction%3Dlightbox%26settings%3DeyJpZCI6ODYwLCJ1cmwiOiJodHRwczpcL1wvaXNlcnRlc3N1dGkuY29tXC93cC1jb250ZW50XC91cGxvYWRzXC8yMDI0XC8wNlwvQ2hpc2lhbW8tSXNlcnRlc3N1dGktNTAud2VicCIsInNsaWRlc2hvdyI6ImI5NWIwNzkifQ%3D%3D\" href=\"https:\/\/isertessuti.com\/wp-content\/uploads\/2024\/06\/Chisiamo-Isertessuti-50.webp\"><figure class=\"swiper-slide-inner\"><img decoding=\"async\" class=\"swiper-slide-image\" src=\"https:\/\/isertessuti.com\/wp-content\/uploads\/2024\/06\/Chisiamo-Isertessuti-50-1024x680.webp\" alt=\"Chisiamo-Isertessuti-50\" title=\"Iser Tessuti -\"><\/figure><\/a><\/div><div class=\"swiper-slide\" role=\"group\" aria-roledescription=\"slide\" aria-label=\"4 sur 4\"><a data-elementor-open-lightbox=\"yes\" data-elementor-lightbox-slideshow=\"b95b079\" data-e-action-hash=\"#elementor-action%3Aaction%3Dlightbox%26settings%3DeyJpZCI6ODU5LCJ1cmwiOiJodHRwczpcL1wvaXNlcnRlc3N1dGkuY29tXC93cC1jb250ZW50XC91cGxvYWRzXC8yMDI0XC8wNlwvQ2hpc2lhbW8tSXNlcnRlc3N1dGktNTUud2VicCIsInNsaWRlc2hvdyI6ImI5NWIwNzkifQ%3D%3D\" href=\"https:\/\/isertessuti.com\/wp-content\/uploads\/2024\/06\/Chisiamo-Isertessuti-55.webp\"><figure class=\"swiper-slide-inner\"><img decoding=\"async\" class=\"swiper-slide-image\" src=\"https:\/\/isertessuti.com\/wp-content\/uploads\/2024\/06\/Chisiamo-Isertessuti-55-1024x680.webp\" alt=\"Chisiamo-Isertessuti-55\" title=\"Iser Tessuti -\"><\/figure><\/a><\/div>\t\t\t<\/div>\n\t\t\t\t\t\t\t\t\t\t\t\t<div class=\"elementor-swiper-button elementor-swiper-button-prev\" role=\"button\" tabindex=\"0\">\n\t\t\t\t\t\t<svg aria-hidden=\"true\" class=\"e-font-icon-svg e-eicon-chevron-left\" viewBox=\"0 0 1000 1000\" xmlns=\"http:\/\/www.w3.org\/2000\/svg\"><path d=\"M646 125C629 125 613 133 604 142L308 442C296 454 292 471 292 487 292 504 296 521 308 533L604 854C617 867 629 875 646 875 663 875 679 871 692 858 704 846 713 829 713 812 713 796 708 779 692 767L438 487 692 225C700 217 708 204 708 187 708 171 704 154 692 142 675 129 663 125 646 125Z\"><\/path><\/svg>\t\t\t\t\t<\/div>\n\t\t\t\t\t<div class=\"elementor-swiper-button elementor-swiper-button-next\" role=\"button\" tabindex=\"0\">\n\t\t\t\t\t\t<svg aria-hidden=\"true\" class=\"e-font-icon-svg e-eicon-chevron-right\" viewBox=\"0 0 1000 1000\" xmlns=\"http:\/\/www.w3.org\/2000\/svg\"><path d=\"M696 533C708 521 713 504 713 487 713 471 708 454 696 446L400 146C388 133 375 125 354 125 338 125 325 129 313 142 300 154 292 171 292 187 292 204 296 221 308 233L563 492 304 771C292 783 288 800 288 817 288 833 296 850 308 863 321 871 338 875 354 875 371 875 388 867 400 854L696 533Z\"><\/path><\/svg>\t\t\t\t\t<\/div>\n\t\t\t\t\n\t\t\t\t\t\t\t\t\t<\/div>\n\t\t\t\t\t\t<\/div>\n\t\t\t\t<\/div>\n\t\t\t\t<\/div>\n\t\t\t\t\t<\/div>\n\t\t\t\t<\/div>\n\t\t\t\t<\/div>\n\t\t","protected":false},"excerpt":{"rendered":"<p>ISER Srl ex\u00e9cute diff\u00e9rents types de travaux \u00e0 la fois sur les \u00e9toffes qu\u2019elle produit elle-m\u00eame et sur des tissus gr\u00e8ges pour le compte de tiers. ISER effectue: R\u00e9sinages\/Enduisages \u00e0 l\u2019aide d\u2019une installation d\u2019enduisage avanc\u00e9e avec un four \u00e0 rameuse \u00e0 picots Teinture sur \u00e9chantillon, gr\u00e2ce \u00e0 son laboratoire avanc\u00e9 d\u2019\u00e9chantillonnage de couleur des tissus [&hellip;]<\/p>\n","protected":false},"author":1,"featured_media":0,"parent":2030,"menu_order":0,"comment_status":"closed","ping_status":"closed","template":"","meta":{"footnotes":""},"class_list":["post-2034","page","type-page","status-publish","hentry"],"_links":{"self":[{"href":"https:\/\/isertessuti.com\/fr\/wp-json\/wp\/v2\/pages\/2034","targetHints":{"allow":["GET"]}}],"collection":[{"href":"https:\/\/isertessuti.com\/fr\/wp-json\/wp\/v2\/pages"}],"about":[{"href":"https:\/\/isertessuti.com\/fr\/wp-json\/wp\/v2\/types\/page"}],"author":[{"embeddable":true,"href":"https:\/\/isertessuti.com\/fr\/wp-json\/wp\/v2\/users\/1"}],"replies":[{"embeddable":true,"href":"https:\/\/isertessuti.com\/fr\/wp-json\/wp\/v2\/comments?post=2034"}],"version-history":[{"count":1,"href":"https:\/\/isertessuti.com\/fr\/wp-json\/wp\/v2\/pages\/2034\/revisions"}],"predecessor-version":[{"id":2035,"href":"https:\/\/isertessuti.com\/fr\/wp-json\/wp\/v2\/pages\/2034\/revisions\/2035"}],"up":[{"embeddable":true,"href":"https:\/\/isertessuti.com\/fr\/wp-json\/wp\/v2\/pages\/2030"}],"wp:attachment":[{"href":"https:\/\/isertessuti.com\/fr\/wp-json\/wp\/v2\/media?parent=2034"}],"curies":[{"name":"wp","href":"https:\/\/api.w.org\/{rel}","templated":true}]}}