{"id":2828,"date":"2024-06-18T14:10:13","date_gmt":"2024-06-18T12:10:13","guid":{"rendered":"https:\/\/isertessuti.agomir.com\/politica-de-privacidad\/"},"modified":"2024-06-28T01:39:01","modified_gmt":"2024-06-27T23:39:01","slug":"politica-de-privacidad","status":"publish","type":"page","link":"https:\/\/isertessuti.com\/es\/politica-de-privacidad\/","title":{"rendered":"Pol\u00edtica de privacidad"},"content":{"rendered":"\n<h4 class=\"wp-block-heading\" id=\"owner_of_the_data\">CONTROLADOR DE DATOS<\/h4>\n\n<p>ISER SRL<\/p>\n\n<p><strong>Direcci\u00f3n de correo electr\u00f3nico del titular:<\/strong> info@isertessuti.com<\/p>\n\n<h4 class=\"wp-block-heading\" id=\"types_of_data\">TIPOS DE DATOS RECOGIDOS<\/h4>\n\n<p>Entre los Datos Personales recogidos por esta Aplicaci\u00f3n, de forma independiente o a trav\u00e9s de terceros, se encuentran: Cookies; Datos de Uso; nombre; correo electr\u00f3nico; n\u00famero de tel\u00e9fono; n\u00famero de Usuarios; ciudad; informaci\u00f3n del dispositivo; estad\u00edsticas de sesi\u00f3n; latitud (de la ciudad); longitud (de la ciudad); informaci\u00f3n del navegador.<\/p>\n\n<p>Los detalles completos sobre cada tipo de Datos Personales recogidos se proporcionan en las secciones pertinentes de esta pol\u00edtica de privacidad o a trav\u00e9s de textos informativos espec\u00edficos mostrados antes de la recogida de los Datos.<br\/>Los Datos Personales pueden ser proporcionados libremente por el Usuario o, en el caso de los Datos de Usuario, recogidos autom\u00e1ticamente durante el uso de esta Aplicaci\u00f3n.<br\/>Salvo que se especifique lo contrario, todos los Datos solicitados por esta Aplicaci\u00f3n son obligatorios. Si el Usuario se niega a comunicarlos, puede resultar imposible para esta Aplicaci\u00f3n prestar el Servicio. En los casos en que esta Aplicaci\u00f3n indique determinados Datos como opcionales, los Usuarios son libres de abstenerse de comunicar dichos Datos, sin que ello tenga ninguna consecuencia sobre la disponibilidad del Servicio o su funcionamiento.  <br\/>Se recomienda a los usuarios que tengan dudas sobre qu\u00e9 Datos son obligatorios que se pongan en contacto con el Responsable del Tratamiento.<br\/>El posible uso de Cookies -o de otras herramientas de seguimiento- por parte de esta Aplicaci\u00f3n o de los titulares de servicios de terceros utilizados por esta Aplicaci\u00f3n tiene como finalidad la prestaci\u00f3n del Servicio solicitado por el Usuario, adem\u00e1s de las finalidades adicionales descritas en este documento y en la Pol\u00edtica de Cookies.<\/p>\n\n<p>El Usuario asume la responsabilidad de los Datos Personales de terceros obtenidos, publicados o compartidos a trav\u00e9s de esta Aplicaci\u00f3n.<\/p>\n\n<div style=\"height:30px\" aria-hidden=\"true\" class=\"wp-block-spacer\"><\/div>\n\n<h4 class=\"wp-block-heading\" id=\"place_of_processing\">C\u00d3MO Y D\u00d3NDE SE TRATAN LOS DATOS RECOGIDOS<\/h4>\n\n<h5 class=\"wp-block-heading\">Modalidades de tratamiento<\/h5>\n\n<p>El Responsable del Tratamiento toma las medidas de seguridad adecuadas para impedir el acceso, la divulgaci\u00f3n, la modificaci\u00f3n o la destrucci\u00f3n no autorizados de los Datos Personales.<br\/>El tratamiento se realiza mediante instrumentos inform\u00e1ticos y\/o telem\u00e1ticos, con modalidades organizativas y l\u00f3gicas estrictamente relacionadas con las finalidades indicadas. Adem\u00e1s del Titular, en algunos casos, podr\u00e1n tener acceso a los Datos otros sujetos implicados en la organizaci\u00f3n de esta Aplicaci\u00f3n (administrativos, comerciales, de marketing, jur\u00eddicos, administradores de sistemas) o sujetos externos (como terceros proveedores de servicios t\u00e9cnicos, mensajeros postales, proveedores de hosting, sociedades inform\u00e1ticas, agencias de comunicaci\u00f3n) tambi\u00e9n designados, si fuera necesario, como Encargados del Tratamiento por el Titular. La lista actualizada de Encargados del Tratamiento puede solicitarse siempre al Responsable del Tratamiento.  <\/p>\n\n<h5 class=\"wp-block-heading\">Lugar<\/h5>\n\n<p>Los Datos se tratan en los locales del Responsable del tratamiento y en cualquier otro lugar donde se encuentren las partes implicadas en el tratamiento. Para m\u00e1s informaci\u00f3n, p\u00f3ngase en contacto con el Responsable del Tratamiento. <br\/>Sus Datos Personales pueden ser transferidos a un pa\u00eds distinto del pa\u00eds en el que se encuentra. Para m\u00e1s informaci\u00f3n sobre el lugar de procesamiento, el Usuario puede consultar la secci\u00f3n de detalles del procesamiento de Datos Personales. <\/p>\n\n<h5 class=\"wp-block-heading\">Per\u00edodo de conservaci\u00f3n<\/h5>\n\n<p>Salvo que se indique lo contrario en el presente documento, los Datos Personales se tratan y conservan durante el tiempo requerido por la finalidad para la que se recogieron y pueden conservarse durante un per\u00edodo m\u00e1s largo debido a cualquier obligaci\u00f3n legal o sobre la base del consentimiento de los Usuarios.<\/p>\n\n<div style=\"height:30px\" aria-hidden=\"true\" class=\"wp-block-spacer\"><\/div>\n\n<h4 class=\"wp-block-heading\" id=\"use_collected_data\">FINALIDAD DEL TRATAMIENTO DE DATOS<\/h4>\n\n<p>Los Datos de Usuario se recopilan para que el Responsable del Tratamiento pueda prestar el Servicio, cumplir con obligaciones legales, responder a solicitudes o acciones coercitivas, proteger sus derechos e intereses (o los de los Usuarios o terceros), detectar cualquier actividad maliciosa o fraudulenta, as\u00ed como para los siguientes fines: Estad\u00edsticas, Contactar con el Usuario, Protecci\u00f3n contra el SPAM, Remarketing y behavioral targeting, Gesti\u00f3n de etiquetas, Visualizaci\u00f3n de contenidos de plataformas externas, Registro y autenticaci\u00f3n, Servicios de plataforma y hosting, Pruebas de rendimiento de contenidos y funcionalidades (A\/B testing), Publicidad y Hosting e infraestructura backend.<br\/>Para obtener informaci\u00f3n detallada sobre los fines del tratamiento y los Datos Personales tratados para cada fin, el Usuario puede consultar la secci\u00f3n \u00abDetalles del tratamiento de Datos Personales\u00bb.<\/p>\n\n<div style=\"height:30px\" aria-hidden=\"true\" class=\"wp-block-spacer\"><\/div>\n\n<h4 class=\"wp-block-heading\" id=\"data_processing_detailed_info\">DETALLES SOBRE EL TRATAMIENTO DE DATOS PERSONALES<\/h4>\n\n<p>Los Datos Personales se recogen para los siguientes fines y utilizando los siguientes servicios:<\/p>\n\n<h5 class=\"wp-block-heading\"><strong>Contactar con el usuario<\/strong><\/h5>\n\n<p><strong>FORMULARIO DE CONTACTO (ESTA APLICACI\u00d3N)<\/strong><\/p>\n\n<p>El Usuario, al cumplimentar el formulario de contacto con sus Datos, consiente su utilizaci\u00f3n para responder a solicitudes de informaci\u00f3n, presupuestos, o de cualquier otra naturaleza indicada en el encabezamiento del formulario.<\/p>\n\n<p>Datos personales tratados: correo electr\u00f3nico; nombre.<\/p>\n\n<p><strong>CONTACTO POR TEL\u00c9FONO (ESTA SOLICITUD)<\/strong><\/p>\n\n<p>Los usuarios que hayan facilitado su n\u00famero de tel\u00e9fono podr\u00e1n ser contactados con fines comerciales o promocionales relacionados con esta Aplicaci\u00f3n, as\u00ed como para atender solicitudes de soporte.<\/p>\n\n<p>Datos personales tratados: n\u00famero de tel\u00e9fono.<\/p>\n\n<h5 class=\"wp-block-heading\"><strong>Gesti\u00f3n de etiquetas<\/strong><\/h5>\n\n<p>Este tipo de servicio es funcional para la gesti\u00f3n centralizada de etiquetas o scripts utilizados en esta Aplicaci\u00f3n.<br\/>La utilizaci\u00f3n de dichos servicios conlleva el flujo de Datos de Usuario a trav\u00e9s de los mismos y, en su caso, su conservaci\u00f3n.<\/p>\n\n<p><strong>GOOGLE TAG MANAGER (GOOGLE LLC)<\/strong><\/p>\n\n<p>Google Tag Manager es un servicio de gesti\u00f3n de etiquetas proporcionado por Google LLC.<\/p>\n\n<p>Datos personales tratados: Cookies; Datos de uso.<\/p>\n\n<p>Lugar de procesamiento: Estados Unidos &#8211; <a href=\"https:\/\/www.google.com\/intl\/it\/policies\/privacy\/\" target=\"_blank\" rel=\"noreferrer noopener\">Pol\u00edtica de privacidad<\/a>.<\/p>\n\n<h5 class=\"wp-block-heading\"><strong>Infraestructura de alojamiento y backend<\/strong><\/h5>\n\n<p>Estos tipos de servicios tienen la funci\u00f3n de alojar Datos y archivos que permiten el funcionamiento de esta Aplicaci\u00f3n, posibilitan su distribuci\u00f3n y proporcionan una infraestructura lista para usar para ofrecer funcionalidades espec\u00edficas de esta Aplicaci\u00f3n.<\/p>\n\n<p>Algunos de los servicios enumerados a continuaci\u00f3n, en su caso, pueden operar en servidores dispersos geogr\u00e1ficamente, lo que dificulta la determinaci\u00f3n de la ubicaci\u00f3n real en la que se almacenan los Datos Personales.<\/p>\n\n<p><strong>GOOGLE RECAPTCHA (GOOGLE INC.)<\/strong><\/p>\n\n<p>Google reCAPTCHA es un servicio de protecci\u00f3n contra el SPAM prestado por Google Inc.<br\/>El uso del sistema reCAPTCHA est\u00e1 sujeto a la <a href=\"https:\/\/www.google.com\/intl\/it\/policies\/privacy\/\" target=\"_blank\" rel=\"noopener\">pol\u00edtica de privacidad<\/a> y a las <a href=\"https:\/\/www.google.com\/intl\/it\/policies\/terms\/\" target=\"_blank\" rel=\"noopener\">condiciones<\/a> de uso de Google. <\/p>\n\n<p>Para conocer el uso que hace Google de los datos, consulte la <a href=\"https:\/\/www.google.com\/intl\/it\/policies\/privacy\/partners\/\" target=\"_blank\" rel=\"noopener\">Pol\u00edtica de socios de Google<\/a>.<\/p>\n\n<p>Datos personales tratados: Cookies; Datos de uso.<\/p>\n\n<p>Lugar de procesamiento: Estados Unidos &#8211; <a href=\"https:\/\/business.safety.google\/privacy\/\" target=\"_blank\" rel=\"noreferrer noopener\">Pol\u00edtica de privacidad<\/a>.<\/p>\n\n<h5 class=\"wp-block-heading\">Publicidad<\/h5>\n\n<p>Este tipo de servicio permite que los Datos del Usuario sean utilizados con fines de comunicaci\u00f3n comercial. Estas comunicaciones se muestran en esta Aplicaci\u00f3n en forma de banners y otras formas de publicidad, tambi\u00e9n en relaci\u00f3n con los intereses del Usuario. <br\/>Esto no significa que todos los Datos Personales se utilicen con este fin. A continuaci\u00f3n se exponen los datos y las condiciones de uso. <br\/>Algunos de los servicios mencionados a continuaci\u00f3n pueden utilizar Herramientas de Seguimiento para identificar al Usuario o utilizar la t\u00e9cnica de behavioral retargeting, es decir, mostrar anuncios adaptados a los intereses y comportamiento del Usuario, tambi\u00e9n detectados fuera de esta Aplicaci\u00f3n. Para m\u00e1s informaci\u00f3n al respecto, le sugerimos que consulte las pol\u00edticas de privacidad de los respectivos servicios. <br\/>Por lo general, los servicios de este tipo ofrecen la posibilidad de desactivar dicho seguimiento. Adem\u00e1s de cualquier funci\u00f3n de desactivaci\u00f3n que ofrezca cualquiera de los servicios enumerados en este documento, el Usuario puede obtener m\u00e1s informaci\u00f3n sobre c\u00f3mo desactivar la publicidad basada en intereses en la secci\u00f3n \u00abC\u00f3mo desactivar la publicidad basada en intereses\u00bb de este documento. <\/p>\n\n<p><strong>REMARKETING GOOGLE ADS (GOOGLE LLC)<\/strong><\/p>\n\n<p>Remarketing Google Ads es un servicio de remarketing y behavioral targeting prestado por Google LLC que vincula la actividad de esta Aplicaci\u00f3n con la red publicitaria Google Ads y la cookie de DoubleClick. <\/p>\n\n<p>Los usuarios pueden inhabilitar las cookies de Google para la personalizaci\u00f3n de anuncios visitando la <a href=\"https:\/\/adssettings.google.com\/authenticated\" target=\"_blank\" rel=\"noopener\">Configuraci\u00f3n de anuncios<\/a> de Google.<\/p>\n\n<p>Datos personales tratados: Cookies; Datos de uso.<\/p>\n\n<p>Lugar de procesamiento: Estados Unidos &#8211; <a href=\"https:\/\/policies.google.com\/privacy\" target=\"_blank\" rel=\"noreferrer noopener\">Pol\u00edtica de privacidad<\/a> &#8211; <a href=\"https:\/\/adssettings.google.com\/authenticated?hl=it\" target=\"_blank\" rel=\"noopener\">Opt Out<\/a>.<\/p>\n\n<p><strong>REMARKETING CON GOOGLE ANALYTICS (GOOGLE LLC)<\/strong><\/p>\n\n<p>El remarketing con Google Analytics es un servicio de remarketing y segmentaci\u00f3n por comportamiento prestado por Google LLC que vincula la actividad de seguimiento realizada por Google Analytics y sus cookies con la red publicitaria Google Ads y la cookie Doubleclick.<\/p>\n\n<p>Datos personales tratados: Cookies; Datos de uso.<\/p>\n\n<p>Lugar de procesamiento: Estados Unidos &#8211; <a href=\"https:\/\/policies.google.com\/privacy\" target=\"_blank\" rel=\"noreferrer noopener\">Pol\u00edtica de privacidad<\/a> &#8211; <a href=\"https:\/\/adssettings.google.com\/authenticated?hl=it\" target=\"_blank\" rel=\"noopener\">Opt Out<\/a>.<\/p>\n\n<h5 class=\"wp-block-heading\">Plataforma y servicios de alojamiento<\/h5>\n\n<p>Estos servicios est\u00e1n destinados a alojar y operar componentes clave de esta Aplicaci\u00f3n, haciendo posible la entrega de esta Aplicaci\u00f3n desde una \u00fanica plataforma. Estas plataformas proporcionan al Propietario una amplia gama de herramientas como, por ejemplo, herramientas anal\u00edticas, gesti\u00f3n de registro de usuarios, gesti\u00f3n de comentarios y bases de datos, comercio electr\u00f3nico, procesamiento de pagos, etc. El uso de dichas herramientas implica la recogida y el tratamiento de Datos Personales.  <br\/>Algunos de estos servicios operan a trav\u00e9s de servidores ubicados geogr\u00e1ficamente en diferentes lugares, lo que dificulta determinar la ubicaci\u00f3n exacta en la que se almacenan los Datos Personales.<\/p>\n\n<p><strong>WORDPRESS.COM (AUTOMATTIC INC.)<\/strong><\/p>\n\n<p>WordPress.com es una plataforma proporcionada por Automattic Inc. que permite al Propietario desarrollar, operar y alojar esta Aplicaci\u00f3n. <\/p>\n\n<p>Datos personales tratados: varios tipos de datos, tal y como se especifica en la pol\u00edtica de privacidad del servicio.<\/p>\n\n<p>Lugar de procesamiento: Estados Unidos &#8211; <a href=\"https:\/\/automattic.com\/privacy\/\" target=\"_blank\" rel=\"noreferrer noopener\">Pol\u00edtica de privacidad<\/a>.<\/p>\n\n<h5 class=\"wp-block-heading\">Estad\u00edsticas<\/h5>\n\n<p>Los servicios contenidos en esta secci\u00f3n permiten al Responsable del Tratamiento supervisar y analizar los datos de tr\u00e1fico y sirven para realizar un seguimiento del comportamiento del Usuario.<\/p>\n\n<p><strong>GOOGLE ANALYTICS (UNIVERSAL ANALYTICS) CON IP ANONIMIZZATO (GOOGLE IRELAND LIMITED)<\/strong><\/p>\n\n<p>Google Analytics (Universal Analytics) es un servicio anal\u00edtico de web prestado por Google Ireland Limited (\u00abGoogle\u00bb). Google utiliza los Datos Personales recopilados con el fin de rastrear y examinar el uso de esta Aplicaci\u00f3n, compilar informes y compartirlos con otros servicios desarrollados por Google. <br\/>Google puede utilizar los Datos Personales para contextualizar y personalizar los anuncios de su red publicitaria.<br\/>Esta integraci\u00f3n de Google Analytics anonimiza su direcci\u00f3n IP. La anonimizaci\u00f3n funciona abreviando la direcci\u00f3n IP de los usuarios dentro de las fronteras de los estados miembros de la Uni\u00f3n Europea o de otros pa\u00edses que forman parte del Acuerdo sobre el Espacio Econ\u00f3mico Europeo. S\u00f3lo en casos excepcionales se enviar\u00e1 la direcci\u00f3n IP a los servidores de Google y se abreviar\u00e1 dentro de los EE.UU..   <\/p>\n\n<p>Para conocer el uso que hace Google de los datos, consulte la <a href=\"https:\/\/www.google.com\/intl\/it\/policies\/privacy\/partners\/\" target=\"_blank\" rel=\"noopener\">Pol\u00edtica de socios de Google<\/a>.<\/p>\n\n<p>Datos personales tratados: Datos de uso; Herramienta de seguimiento.<\/p>\n\n<p>Lugar de procesamiento: Irlanda &#8211; <a href=\"https:\/\/business.safety.google\/privacy\/\" target=\"_blank\" rel=\"noreferrer noopener\">Pol\u00edtica de privacidad<\/a> &#8211; <a href=\"https:\/\/tools.google.com\/dlpage\/gaoptout?hl=en\" target=\"_blank\" rel=\"noreferrer noopener\">Opt Out<\/a>.<\/p>\n\n<p><strong>GOOGLE ANALYTICS 4 (GOOGLE IRELAND LIMITED)<\/strong><\/p>\n\n<p>Google Analytics es un servicio de estad\u00edsticas prestado por Google Ireland Limited (\u00abGoogle\u00bb). Google utiliza los Datos Personales recopilados con el fin de rastrear y examinar el uso de esta Aplicaci\u00f3n, compilar informes y compartirlos con otros servicios desarrollados por Google. <br\/>Google puede utilizar los Datos Personales para contextualizar y personalizar los anuncios de su red publicitaria.<br\/>En Google Analytics 4, las direcciones IP se utilizan en el momento de la recopilaci\u00f3n y luego se eliminan antes de que los datos se registren en cualquier centro de datos o servidor. Puede obtener m\u00e1s informaci\u00f3n en la <a href=\"\">documentaci\u00f3n oficial de Google<\/a>.  <\/p>\n\n<p>Para conocer el uso que hace Google de los datos, consulte la <a href=\"https:\/\/www.google.com\/intl\/it\/policies\/privacy\/partners\/\" target=\"_blank\" rel=\"noopener\">Pol\u00edtica de socios de Google<\/a>.<\/p>\n\n<p>Datos personales tratados: ciudad; datos de uso; informaci\u00f3n del navegador; informaci\u00f3n del dispositivo; latitud (de la ciudad); longitud (de la ciudad); n\u00famero de usuarios; estad\u00edsticas de sesi\u00f3n; herramientas de seguimiento.<\/p>\n\n<p>Lugar de procesamiento: Irlanda &#8211; <a href=\"https:\/\/business.safety.google\/privacy\/\" target=\"_blank\" rel=\"noreferrer noopener\">Pol\u00edtica de privacidad<\/a> &#8211; <a href=\"https:\/\/tools.google.com\/dlpage\/gaoptout?hl=it%22\" target=\"_blank\" rel=\"noopener\">Opt Out<\/a>.<\/p>\n\n<h5 class=\"wp-block-heading\">Pruebas de rendimiento de contenidos y funcionalidades (pruebas A\/B)<\/h5>\n\n<p>Los servicios contenidos en esta secci\u00f3n permiten al Responsable del Tratamiento seguir y analizar la respuesta del Usuario, en t\u00e9rminos de tr\u00e1fico o comportamiento, a los cambios en la estructura, el texto o cualquier otro componente de esta Aplicaci\u00f3n.<\/p>\n\n<p><\/p>\n\n<h5 class=\"wp-block-heading\">Mostrar contenidos de plataformas externas<\/h5>\n\n<p>Este tipo de servicio permite visualizar contenidos alojados en plataformas externas directamente desde las p\u00e1ginas de esta Aplicaci\u00f3n e interactuar con ellos.<br\/>Si se instala un servicio de este tipo, es posible que, aunque los Usuarios no lo utilicen, recopile datos de tr\u00e1fico relativos a las p\u00e1ginas en las que est\u00e1 instalado.<\/p>\n\n<p><strong>WIDGET GOOGLE MAPS (GOOGLE INC.)<\/strong><\/p>\n\n<p>Google Maps es un servicio de visualizaci\u00f3n de mapas operado por Google Inc. que permite a esta Aplicaci\u00f3n integrar dicho contenido en sus p\u00e1ginas. <\/p>\n\n<p>Datos personales tratados: Cookies; Datos de uso.<\/p>\n\n<p>Lugar de procesamiento: Estados Unidos &#8211; <a href=\"https:\/\/www.google.it\/intl\/it\/policies\/privacy\/\" target=\"_blank\" rel=\"noreferrer noopener\">Pol\u00edtica de privacidad<\/a>.<\/p>\n\n<p><strong>FONT AWESOME (FONTICONS, INC. )<\/strong><\/p>\n\n<p>Font Awesome es un servicio de visualizaci\u00f3n de estilos de fuentes operado por Fonticons, Inc. que permite a esta Aplicaci\u00f3n integrar dicho contenido en sus p\u00e1ginas. <\/p>\n\n<p>Datos personales tratados: Datos de uso.<\/p>\n\n<p>Lugar de procesamiento: Estados Unidos &#8211; <a href=\"https:\/\/fontawesome.com\/privacy\" target=\"_blank\" rel=\"noreferrer noopener\">Pol\u00edtica de privacidad<\/a>.<\/p>\n\n<p><strong>GOOGLE FONTS (GOOGLE IRELAND LIMITED)<\/strong><\/p>\n\n<p>Google Fonts es un servicio de visualizaci\u00f3n de fuentes operado por Google Ireland Limited, que permite a esta Aplicaci\u00f3n integrar dicho contenido en sus p\u00e1ginas.<\/p>\n\n<p>Datos personales tratados: Datos de Uso; diversos tipos de Datos seg\u00fan se especifica en la pol\u00edtica de privacidad del servicio.<\/p>\n\n<p>Lugar de tratamiento: Irlanda &#8211; <a href=\"https:\/\/policies.google.com\/privacy\" target=\"_blank\" rel=\"noreferrer noopener\">Pol\u00edtica de privacidad<\/a>.<\/p>\n\n<p><strong>WIDGET VIDEO YOUTUBE SENZA COOKIE (GOOGLE IRELAND LIMITED)<\/strong><\/p>\n\n<p>YouTube es un servicio de visualizaci\u00f3n de contenido de v\u00eddeo operado por Google Ireland Limited, que permite a esta Aplicaci\u00f3n incrustar dicho contenido en sus p\u00e1ginas.<br\/>Este widget est\u00e1 configurado para que YouTube no guarde informaci\u00f3n ni cookies sobre los Usuarios de esta Aplicaci\u00f3n a menos que reproduzcan el v\u00eddeo.<\/p>\n\n<p>Datos personales tratados: Datos de uso.<\/p>\n\n<p>Lugar de tratamiento: Irlanda &#8211; <a href=\"https:\/\/policies.google.com\/privacy\" target=\"_blank\" rel=\"noreferrer noopener\">Pol\u00edtica de privacidad<\/a>.<\/p>\n","protected":false},"excerpt":{"rendered":"<p>CONTROLADOR DE DATOS ISER SRL Direcci\u00f3n de correo electr\u00f3nico del titular: info@isertessuti.com TIPOS DE DATOS RECOGIDOS Entre los Datos Personales recogidos por esta Aplicaci\u00f3n, de forma independiente o a trav\u00e9s de terceros, se encuentran: Cookies; Datos de Uso; nombre; correo electr\u00f3nico; n\u00famero de tel\u00e9fono; n\u00famero de Usuarios; ciudad; informaci\u00f3n del dispositivo; estad\u00edsticas de sesi\u00f3n; latitud [&hellip;]<\/p>\n","protected":false},"author":1,"featured_media":0,"parent":0,"menu_order":0,"comment_status":"closed","ping_status":"closed","template":"","meta":{"footnotes":""},"class_list":["post-2828","page","type-page","status-publish","hentry"],"_links":{"self":[{"href":"https:\/\/isertessuti.com\/es\/wp-json\/wp\/v2\/pages\/2828","targetHints":{"allow":["GET"]}}],"collection":[{"href":"https:\/\/isertessuti.com\/es\/wp-json\/wp\/v2\/pages"}],"about":[{"href":"https:\/\/isertessuti.com\/es\/wp-json\/wp\/v2\/types\/page"}],"author":[{"embeddable":true,"href":"https:\/\/isertessuti.com\/es\/wp-json\/wp\/v2\/users\/1"}],"replies":[{"embeddable":true,"href":"https:\/\/isertessuti.com\/es\/wp-json\/wp\/v2\/comments?post=2828"}],"version-history":[{"count":1,"href":"https:\/\/isertessuti.com\/es\/wp-json\/wp\/v2\/pages\/2828\/revisions"}],"predecessor-version":[{"id":2829,"href":"https:\/\/isertessuti.com\/es\/wp-json\/wp\/v2\/pages\/2828\/revisions\/2829"}],"wp:attachment":[{"href":"https:\/\/isertessuti.com\/es\/wp-json\/wp\/v2\/media?parent=2828"}],"curies":[{"name":"wp","href":"https:\/\/api.w.org\/{rel}","templated":true}]}}