{"id":2822,"date":"2024-06-26T09:32:25","date_gmt":"2024-06-26T07:32:25","guid":{"rendered":"https:\/\/isertessuti.agomir.com\/politica-de-cookies\/"},"modified":"2024-06-28T01:16:07","modified_gmt":"2024-06-27T23:16:07","slug":"politica-de-cookies","status":"publish","type":"page","link":"https:\/\/isertessuti.com\/es\/politica-de-cookies\/","title":{"rendered":"Pol\u00edtica de cookies"},"content":{"rendered":"\n<p>Este documento contiene informaci\u00f3n sobre las tecnolog\u00edas que permiten a esta Aplicaci\u00f3n alcanzar los fines descritos a continuaci\u00f3n. Estas tecnolog\u00edas permiten al Propietario recopilar y guardar informaci\u00f3n (por ejemplo, mediante el uso de Cookies) o utilizar recursos (por ejemplo, mediante la ejecuci\u00f3n de un script) en el dispositivo del Usuario cuando este interact\u00faa con esta Aplicaci\u00f3n. <\/p>\n\n<p>En aras de la simplicidad, en este documento se hace referencia brevemente a estas tecnolog\u00edas como \u00abherramientas de seguimiento\u00bb, a menos que haya motivos para diferenciarlas.<br\/>Por ejemplo, aunque las Cookies pueden utilizarse tanto en navegadores web como m\u00f3viles, ser\u00eda inapropiado hablar de Cookies en el contexto de aplicaciones m\u00f3viles, ya que \u00e9stas son Herramientas de Seguimiento que requieren la presencia de un navegador. Por este motivo, en este documento el t\u00e9rmino \u00abcookie\u00bb s\u00f3lo se utiliza para referirse espec\u00edficamente a ese tipo concreto de herramienta de seguimiento. <\/p>\n\n<p>Algunos de los fines para los que se utilizan las Herramientas de Seguimiento tambi\u00e9n pueden requerir el consentimiento del Usuario. Si se da el consentimiento, puede revocarse libremente en cualquier momento siguiendo las instrucciones contenidas en este documento. <\/p>\n\n<p>Esta Aplicaci\u00f3n utiliza Herramientas de seguimiento gestionadas directamente por el Propietario (com\u00fanmente denominadas Herramientas de seguimiento \u00abde origen\u00bb) y Herramientas de seguimiento que habilitan servicios prestados por terceros (com\u00fanmente denominadas Herramientas de seguimiento \u00abde terceros\u00bb). A menos que se especifique lo contrario en este documento, dichos terceros tienen acceso a sus respectivas Herramientas de seguimiento. <br\/>La duraci\u00f3n y caducidad de las Cookies y Herramientas de Seguimiento similares puede variar en funci\u00f3n de lo establecido por el Responsable del Tratamiento o por cada proveedor externo. Algunas de ellas expiran al finalizar la sesi\u00f3n de navegaci\u00f3n del Usuario. <br\/>Adem\u00e1s de lo especificado en la descripci\u00f3n de cada una de las categor\u00edas a continuaci\u00f3n, los Usuarios pueden obtener informaci\u00f3n m\u00e1s detallada y actualizada sobre la duraci\u00f3n, as\u00ed como cualquier otra informaci\u00f3n relevante -como la presencia de otras Herramientas de Seguimiento- en las pol\u00edticas de privacidad de los respectivos proveedores terceros (a trav\u00e9s de los enlaces proporcionados) o poni\u00e9ndose en contacto con el Responsable del Tratamiento.<\/p>\n\n<h4 class=\"wp-block-heading\">Actividades estrictamente necesarias para garantizar el funcionamiento de esta Aplicaci\u00f3n y la prestaci\u00f3n del Servicio<\/h4>\n\n<p>Esta Aplicaci\u00f3n utiliza Cookies com\u00fanmente denominadas \u00abt\u00e9cnicas\u00bb u otras Herramientas de Seguimiento similares para llevar a cabo actividades estrictamente necesarias para garantizar el funcionamiento o la prestaci\u00f3n del Servicio.<\/p>\n\n<h5 class=\"wp-block-heading\">HERRAMIENTAS DE SEGUIMIENTO DE TERCEROS<\/h5>\n\n<p><strong>Protecci\u00f3n contra el SPAM<\/strong><br\/>Este tipo de servicios analizan el tr\u00e1fico de esta Aplicaci\u00f3n, potencialmente conteniendo Datos Personales de los Usuarios, con el fin de filtrarlo de tr\u00e1fico, mensajes y contenidos reconocidos como SPAM.<\/p>\n\n<p>GOOGLE RECAPTCHA (GOOGLE INC.)<br\/>Google reCAPTCHA es un servicio de protecci\u00f3n contra el SPAM prestado por Google Inc.<br\/>El uso del sistema reCAPTCHA est\u00e1 sujeto a la <a href=\"https:\/\/www.google.com\/intl\/it\/policies\/privacy\/\" target=\"_blank\" rel=\"noopener\">pol\u00edtica de privacidad<\/a> y a las <a href=\"https:\/\/www.google.com\/intl\/it\/policies\/terms\/\" target=\"_blank\" rel=\"noopener\">condiciones<\/a> de uso de Google. <br\/>Para conocer el uso que hace Google de los datos, consulte la <a href=\"https:\/\/www.google.com\/intl\/it\/policies\/privacy\/partners\/\" target=\"_blank\" rel=\"noopener\">Pol\u00edtica de socios de Google<\/a>.<br\/>Datos personales tratados: Cookies y datos de uso.<br\/>Lugar de procesamiento: Estados Unidos &#8211; <a href=\"https:\/\/business.safety.google\/privacy\/\" target=\"_blank\" rel=\"noreferrer noopener\">Pol\u00edtica de privacidad<\/a>.<\/p>\n\n<p>Duraci\u00f3n del almacenamiento:<\/p>\n\n<ul class=\"wp-block-list\">\n<li>_GRECAPTCHA: duraci\u00f3n de la sesi\u00f3n<\/li>\n\n\n\n<li>rc::a: no definido<\/li>\n\n\n\n<li>rc::b: duraci\u00f3n de la sesi\u00f3n<\/li>\n\n\n\n<li>rc::c: duraci\u00f3n de la sesi\u00f3n<\/li>\n<\/ul>\n\n<p><strong>Gesti\u00f3n de etiquetas<\/strong><br\/>Este tipo de servicio es funcional para la gesti\u00f3n centralizada de etiquetas o scripts utilizados en esta Aplicaci\u00f3n.<br\/>La utilizaci\u00f3n de dichos servicios conlleva el flujo de Datos de Usuario a trav\u00e9s de los mismos y, en su caso, su conservaci\u00f3n.<\/p>\n\n<p>GOOGLE TAG MANAGER (GOOGLE LLC)<br\/>Google Tag Manager es un servicio de gesti\u00f3n de etiquetas proporcionado por Google LLC.<br\/>Datos personales tratados: Cookies y datos de uso.<br\/>Lugar de procesamiento: Estados Unidos &#8211; <a href=\"https:\/\/www.google.com\/intl\/it\/policies\/privacy\/\" target=\"_blank\" rel=\"noreferrer noopener\">Pol\u00edtica de privacidad<\/a>.<\/p>\n\n<h4 class=\"wp-block-heading\">Otras actividades que implican el uso de herramientas de seguimiento<\/h4>\n\n<p><strong>Mostrar contenidos de plataformas externas<\/strong><br\/>Este tipo de servicio permite visualizar contenidos alojados en plataformas externas directamente desde las p\u00e1ginas de esta Aplicaci\u00f3n e interactuar con ellos.<br\/>Si se instala un servicio de este tipo, es posible que, aunque los Usuarios no lo utilicen, recopile datos de tr\u00e1fico relativos a las p\u00e1ginas en las que est\u00e1 instalado.<\/p>\n\n<p>WIDGET GOOGLE MAPS (GOOGLE INC.)<br\/>Google Maps es un servicio de visualizaci\u00f3n de mapas operado por Google Inc. que permite a esta Aplicaci\u00f3n integrar dicho contenido en sus p\u00e1ginas. <br\/>Datos personales tratados: Cookies y datos de uso.<br\/>Lugar de procesamiento: Estados Unidos &#8211; <a href=\"https:\/\/www.google.it\/intl\/it\/policies\/privacy\/\" target=\"_blank\" rel=\"noreferrer noopener\">Pol\u00edtica de privacidad<\/a>.<\/p>\n\n<p>WIDGET VIDEO YOUTUBE (GOOGLE IRELAND LIMITED)<br\/>YouTube es un servicio de visualizaci\u00f3n de contenido de v\u00eddeo operado por Google Ireland Limited, que permite a esta Aplicaci\u00f3n incrustar dicho contenido en sus p\u00e1ginas.<br\/>Datos personales tratados: Cookies y datos de uso.<br\/>Lugar de tratamiento: Irlanda &#8211; <a href=\"https:\/\/policies.google.com\/privacy\" target=\"_blank\" rel=\"noreferrer noopener\">Pol\u00edtica de privacidad<\/a>.<\/p>\n\n<p>Duraci\u00f3n del almacenamiento:<\/p>\n\n<ul class=\"wp-block-list\">\n<li>PREF: 8 meses<\/li>\n\n\n\n<li>VISITOR_INFO1_LIVE: 8 meses<\/li>\n\n\n\n<li>YSC: duraci\u00f3n de la sesi\u00f3n<\/li>\n<\/ul>\n\n<h5 class=\"wp-block-heading\">MEDICI\u00d3N<\/h5>\n\n<p>Esta Aplicaci\u00f3n utiliza Herramientas de Seguimiento para medir el tr\u00e1fico y analizar el comportamiento de los Usuarios con el fin de mejorar el Servicio.<\/p>\n\n<p><strong>Servicios estad\u00edsticos an\u00f3nimos<\/strong><br\/>Los servicios de esta secci\u00f3n permiten al Responsable del Tratamiento procesar y gestionar estad\u00edsticas de forma an\u00f3nima mediante el uso de Herramientas de Seguimiento de origen.<\/p>\n\n<p>GOOGLE ANALYTICS (UNIVERSAL ANALYTICS) CON IP ANONIMIZZATO (GOOGLE IRELAND LIMITED)<br\/>Google Analytics (Universal Analytics) es un servicio anal\u00edtico de web prestado por Google Ireland Limited (\u00abGoogle\u00bb). Google utiliza los Datos Personales recopilados con el fin de rastrear y examinar el uso de esta Aplicaci\u00f3n, compilar informes y compartirlos con otros servicios desarrollados por Google. <br\/>Google puede utilizar los Datos Personales para contextualizar y personalizar los anuncios de su red publicitaria.<br\/>Esta integraci\u00f3n de Google Analytics anonimiza su direcci\u00f3n IP. La anonimizaci\u00f3n funciona abreviando la direcci\u00f3n IP de los usuarios dentro de las fronteras de los estados miembros de la Uni\u00f3n Europea o de otros pa\u00edses que forman parte del Acuerdo sobre el Espacio Econ\u00f3mico Europeo. S\u00f3lo en casos excepcionales se enviar\u00e1 la direcci\u00f3n IP a los servidores de Google y se abreviar\u00e1 dentro de los EE.UU..   <br\/>Para conocer el uso que hace Google de los datos, consulte la <a href=\"https:\/\/www.google.com\/intl\/it\/policies\/privacy\/partners\/\" target=\"_blank\" rel=\"noopener\">Pol\u00edtica de socios de Google<\/a>.<br\/>Datos personales tratados: Datos de Uso y Herramienta de Seguimiento.<br\/>Lugar de procesamiento: Irlanda &#8211; <a href=\"https:\/\/business.safety.google\/privacy\/\" target=\"_blank\" rel=\"noreferrer noopener\">Pol\u00edtica de privacidad<\/a> &#8211; <a href=\"https:\/\/tools.google.com\/dlpage\/gaoptout?hl=en\" target=\"_blank\" rel=\"noreferrer noopener\">Opt Out<\/a>.<\/p>\n\n<p>Duraci\u00f3n del almacenamiento:<\/p>\n\n<ul class=\"wp-block-list\">\n<li>AMP_TOKEN: 1 hora<\/li>\n\n\n\n<li>_ga: 2 a\u00f1os<\/li>\n\n\n\n<li>_gac*: 3 meses<\/li>\n\n\n\n<li>_gat: 1 minuto<\/li>\n\n\n\n<li>_gid: 1 d\u00eda<\/li>\n<\/ul>\n\n<p><strong>WORDPRESS STAT (AUTOMATTIC INC.)<\/strong><br\/>WordPress Stats es un servicio de estad\u00edsticas proporcionado por Automattic Inc.<br\/>Datos personales tratados: Cookies y datos de uso.<br\/>Lugar de procesamiento: Estados Unidos &#8211; <a href=\"https:\/\/automattic.com\/privacy\/\" target=\"_blank\" rel=\"noreferrer noopener\">Pol\u00edtica de privacidad<\/a>.<\/p>\n\n<p>Duraci\u00f3n del almacenamiento:<\/p>\n\n<p>Google Analytics es un servicio de estad\u00edsticas prestado por Google Ireland Limited (\u00abGoogle\u00bb). Google utiliza los Datos Personales recopilados con el fin de rastrear y examinar el uso de esta Aplicaci\u00f3n, compilar informes y compartirlos con otros servicios desarrollados por Google. <br\/>Google puede utilizar los Datos Personales para contextualizar y personalizar los anuncios de su red publicitaria.<br\/>En Google Analytics 4, las direcciones IP se utilizan en el momento de la recopilaci\u00f3n y luego se eliminan antes de que los datos se registren en cualquier centro de datos o servidor. Puede obtener m\u00e1s informaci\u00f3n en la <a href=\"\">documentaci\u00f3n oficial de Google<\/a>.  <br\/>Para conocer el uso que hace Google de los datos, consulte la <a href=\"https:\/\/www.google.com\/intl\/it\/policies\/privacy\/partners\/\" target=\"_blank\" rel=\"noopener\">Pol\u00edtica de socios de Google<\/a>.<br\/>Datos Personales tratados: ciudad, Datos de Uso, informaci\u00f3n del navegador, informaci\u00f3n del dispositivo, latitud (de la ciudad), longitud (de la ciudad), n\u00famero de Usuarios, estad\u00edsticas de sesi\u00f3n y Herramientas de Seguimiento.<br\/>Lugar de procesamiento: Irlanda &#8211; <a href=\"https:\/\/business.safety.google\/privacy\/\" target=\"_blank\" rel=\"noreferrer noopener\">Pol\u00edtica de privacidad<\/a> &#8211; <a href=\"https:\/\/tools.google.com\/dlpage\/gaoptout?hl=it%22\" target=\"_blank\" rel=\"noopener\">Opt Out<\/a>.<\/p>\n\n<p>Duraci\u00f3n del almacenamiento:<\/p>\n\n<ul class=\"wp-block-list\">\n<li>_ga: 2 a\u00f1os<\/li>\n\n\n\n<li>_ga_*: 2 a\u00f1os<\/li>\n<\/ul>\n\n<p><\/p>\n\n<h5 class=\"wp-block-heading\">MARKETING<\/h5>\n\n<p>Esta Aplicaci\u00f3n utiliza Herramientas de seguimiento para ofrecer contenidos comerciales personalizados basados en el comportamiento del Usuario y para gestionar, difundir y hacer un seguimiento de los anuncios.<\/p>\n\n<p><strong>Remarketing y segmentaci\u00f3n por comportamiento<\/strong><br\/>Este tipo de servicio permite a esta Aplicaci\u00f3n y a sus socios comunicar, optimizar y servir anuncios basados en el uso anterior de esta Aplicaci\u00f3n por parte del Usuario.<br\/>Esta actividad se ve facilitada por el seguimiento de los Datos de Uso y el uso de Herramientas de Seguimiento para recopilar informaci\u00f3n que luego se transfiere a socios que gestionan actividades de remarketing y segmentaci\u00f3n por comportamiento.<br\/>Algunos servicios ofrecen una opci\u00f3n de remarketing basada en listas de direcciones de correo electr\u00f3nico.<br\/>Adem\u00e1s de las funciones de inhabilitaci\u00f3n que ofrecen los servicios que se indican a continuaci\u00f3n, puede inhabilitarse visitando la p\u00e1gina de <a href=\"http:\/\/optout.networkadvertising.org\/\" target=\"_blank\" rel=\"noopener\">inhabilitaci\u00f3n de la Network Advertising Initiative<\/a>.<\/p>\n\n<p><strong>Los usuarios tambi\u00e9n pueden optar por no participar en determinadas funciones publicitarias a trav\u00e9s de las correspondientes opciones de configuraci\u00f3n del dispositivo, como las opciones de configuraci\u00f3n de publicidad del dispositivo m\u00f3vil o la configuraci\u00f3n de publicidad gen\u00e9rica.<\/strong><\/p>\n\n<p>REMARKETING GOOGLE ADS (GOOGLE LLC)<br\/>Remarketing Google Ads es un servicio de remarketing y behavioral targeting prestado por Google LLC que vincula la actividad de esta Aplicaci\u00f3n con la red publicitaria Google Ads y la cookie de DoubleClick. <br\/>Los usuarios pueden inhabilitar las cookies de Google para la personalizaci\u00f3n de anuncios visitando la <a href=\"https:\/\/adssettings.google.com\/authenticated\" target=\"_blank\" rel=\"noopener\">Configuraci\u00f3n de anuncios<\/a> de Google.<br\/>Datos personales tratados: Cookies y datos de uso.<br\/>Lugar de procesamiento: Estados Unidos &#8211; <a href=\"https:\/\/policies.google.com\/privacy\" target=\"_blank\" rel=\"noreferrer noopener\">Pol\u00edtica de privacidad<\/a> &#8211; <a href=\"https:\/\/adssettings.google.com\/authenticated?hl=it\" target=\"_blank\" rel=\"noopener\">Opt Out<\/a>.<\/p>\n\n<p>Duraci\u00f3n del almacenamiento:<\/p>\n\n<ul class=\"wp-block-list\">\n<li>AID: 2 a\u00f1os<\/li>\n\n\n\n<li>ANID: 2 a\u00f1os<\/li>\n\n\n\n<li>Conversion: 3 meses<\/li>\n\n\n\n<li>DSID: 14 d\u00edas<\/li>\n\n\n\n<li>FCNEC: 1 a\u00f1o<\/li>\n\n\n\n<li>FLC: 10 segundos<\/li>\n\n\n\n<li>FPAU: 3 meses<\/li>\n\n\n\n<li>FPGCLAW: 3 meses<\/li>\n\n\n\n<li>FPGCLDC: 3 meses<\/li>\n\n\n\n<li>FPGCLGB: 3 meses<\/li>\n\n\n\n<li>IDE: 2 a\u00f1os<\/li>\n\n\n\n<li>NID: 6 meses<\/li>\n\n\n\n<li>RUL: 1 a\u00f1o<\/li>\n\n\n\n<li>TAID: 14 d\u00edas<\/li>\n\n\n\n<li>__gads: 2 a\u00f1os<\/li>\n\n\n\n<li>__gsas: 2 a\u00f1os<\/li>\n\n\n\n<li>_gac_: 3 meses<\/li>\n\n\n\n<li>_gac_gb_: 3 meses<\/li>\n\n\n\n<li>_gcl_ag: 3 meses<\/li>\n\n\n\n<li>_gcl_au: 3 meses<\/li>\n\n\n\n<li>_gcl_aw: 3 meses<\/li>\n\n\n\n<li>_gcl_dc: 3 meses<\/li>\n\n\n\n<li>_gcl_gb: 3 meses<\/li>\n\n\n\n<li>_gcl_gf: 3 meses<\/li>\n\n\n\n<li>_gcl_gs: 3 meses<\/li>\n\n\n\n<li>_gcl_ha: 3 meses<\/li>\n\n\n\n<li>id: 2 a\u00f1os<\/li>\n\n\n\n<li>test_cookie: 15 minutos<\/li>\n<\/ul>\n\n<p>REMARKETING CON GOOGLE ANALYTICS (GOOGLE LLC)<br\/>El remarketing con Google Analytics es un servicio de remarketing y segmentaci\u00f3n por comportamiento prestado por Google LLC que vincula la actividad de seguimiento realizada por Google Analytics y sus cookies con la red publicitaria Google Ads y la cookie Doubleclick.<br\/>Datos personales tratados: Cookies y datos de uso.<br\/>Lugar de procesamiento: Estados Unidos &#8211; <a href=\"https:\/\/policies.google.com\/privacy\" target=\"_blank\" rel=\"noreferrer noopener\">Pol\u00edtica de privacidad<\/a> &#8211; <a href=\"https:\/\/adssettings.google.com\/authenticated?hl=it\" target=\"_blank\" rel=\"noopener\">Opt Out<\/a>.<\/p>\n\n<p>Duraci\u00f3n del almacenamiento:<\/p>\n\n<ul class=\"wp-block-list\">\n<li>test_cookie: 15 minutos<\/li>\n\n\n\n<li>IDE: 2 a\u00f1os<\/li>\n\n\n\n<li>3 meses<\/li>\n<\/ul>\n\n<h4 class=\"wp-block-heading\" id=\"manage_cookies\">C\u00f3mo gestionar las preferencias y dar o revocar el consentimiento<\/h4>\n\n<p>Existen varias formas de gestionar las preferencias para las Herramientas de Seguimiento y de dar o retirar el consentimiento cuando sea necesario:<\/p>\n\n<p>Los usuarios pueden gestionar sus preferencias para las Herramientas de Seguimiento directamente a trav\u00e9s de los ajustes de su dispositivo &#8211; por ejemplo, pueden impedir el uso o almacenamiento de Herramientas de Seguimiento.<\/p>\n\n<p>Adem\u00e1s, siempre que el uso de las Herramientas de Seguimiento dependa del consentimiento, el Usuario podr\u00e1 dar o revocar dicho consentimiento estableciendo sus preferencias dentro de la pol\u00edtica de cookies o actualizando dichas preferencias a trav\u00e9s del widget de privacidad para preferencias de consentimiento, si lo hubiera.<\/p>\n\n<p>Gracias a funciones especiales del navegador o del dispositivo, tambi\u00e9n es posible eliminar las Herramientas de seguimiento guardadas anteriormente, incluidas las utilizadas para guardar las preferencias de consentimiento expresadas inicialmente por el Usuario.<\/p>\n\n<p>Otras herramientas de seguimiento en la memoria local del navegador pueden eliminarse borrando el historial de navegaci\u00f3n.<\/p>\n\n<p>En cuanto a las herramientas de seguimiento de terceros, los usuarios pueden gestionar sus preferencias visitando el enlace de exclusi\u00f3n correspondiente (si est\u00e1 disponible), utilizando las herramientas descritas en la pol\u00edtica de privacidad del tercero o poni\u00e9ndose en contacto directamente con el tercero.<\/p>\n\n<h5 class=\"wp-block-heading\">IDENTIFICAR LA CONFIGURACI\u00d3N DE LA HERRAMIENTA DE SEGUIMIENTO<\/h5>\n\n<p>Los usuarios pueden, por ejemplo, encontrar informaci\u00f3n sobre c\u00f3mo gestionar las cookies en algunos de los navegadores m\u00e1s populares en las siguientes direcciones:<\/p>\n\n<ul class=\"wp-block-list\">\n<li><a href=\"https:\/\/support.google.com\/chrome\/answer\/95647?hl=it&amp;p=cpn_cookies\" target=\"_blank\" rel=\"noreferrer noopener\"><\/a><a href=\"https:\/\/support.google.com\/chrome\/answer\/95647?hl=it&amp;p=cpn_cookies\" target=\"_blank\" rel=\"noopener\">Google Chrome<\/a><\/li>\n\n\n\n<li><a href=\"https:\/\/support.mozilla.org\/it\/kb\/Attivare%20e%20disattivare%20i%20cookie\" target=\"_blank\" rel=\"noreferrer noopener\"><\/a><a href=\"https:\/\/support.mozilla.org\/it\/kb\/Attivare%20e%20disattivare%20i%20cookie\" target=\"_blank\" rel=\"noopener\">Mozilla Firefox<\/a><\/li>\n\n\n\n<li><a href=\"https:\/\/support.apple.com\/it-it\/guide\/safari\/manage-cookies-and-website-data-sfri11471\/\" target=\"_blank\" rel=\"noreferrer noopener\"><\/a><a href=\"https:\/\/support.apple.com\/it-it\/guide\/safari\/manage-cookies-and-website-data-sfri11471\/\" target=\"_blank\" rel=\"noopener\">Apple Safari<\/a><\/li>\n\n\n\n<li><a href=\"http:\/\/windows.microsoft.com\/it-it\/windows-vista\/block-or-allow-cookies\" target=\"_blank\" rel=\"noreferrer noopener\"><\/a><a href=\"http:\/\/windows.microsoft.com\/it-it\/windows-vista\/block-or-allow-cookies\" target=\"_blank\" rel=\"noopener\">Microsoft Internet Explorer<\/a><\/li>\n\n\n\n<li><a href=\"https:\/\/support.microsoft.com\/it-it\/help\/4027947\" target=\"_blank\" rel=\"noreferrer noopener\"><\/a><a href=\"https:\/\/support.microsoft.com\/it-it\/help\/4027947\" target=\"_blank\" rel=\"noopener\">Microsoft Edge<\/a><\/li>\n\n\n\n<li><a href=\"https:\/\/support.brave.com\/hc\/articles\/360022806212-How-do-I-use-Shields-while-browsing\" target=\"_blank\" rel=\"noreferrer noopener\"><\/a><a href=\"https:\/\/support.brave.com\/hc\/articles\/360022806212-How-do-I-use-Shields-while-browsing\" target=\"_blank\" rel=\"noopener\">Brave<\/a><\/li>\n\n\n\n<li><a href=\"https:\/\/help.opera.com\/latest\/web-preferences\/#cookies\" target=\"_blank\" rel=\"noreferrer noopener\"><\/a><a href=\"https:\/\/help.opera.com\/latest\/web-preferences\/#cookies\" target=\"_blank\" rel=\"noopener\">Opera<\/a><\/li>\n<\/ul>\n\n<p>Los usuarios tambi\u00e9n pueden gestionar determinadas herramientas de seguimiento de aplicaciones m\u00f3viles desactiv\u00e1ndolas a trav\u00e9s de los ajustes correspondientes del dispositivo, como los ajustes de publicidad m\u00f3vil o los ajustes de seguimiento en general (los usuarios pueden consultar los ajustes de su dispositivo para encontrar el correspondiente).<\/p>\n\n<h5 class=\"wp-block-heading\">C\u00d3MO DESACTIVAR LA PUBLICIDAD BASADA EN INTERESES<\/h5>\n\n<p>No obstante lo anterior, se informa a los Usuarios de la posibilidad de hacer uso de la informaci\u00f3n en <a target=\"_blank\" rel=\"noreferrer noopener\" href=\"http:\/\/www.youronlinechoices.eu\/\">YourOnlineChoices<\/a> (UE y Reino Unido), <a target=\"_blank\" rel=\"noreferrer noopener\" href=\"https:\/\/thenai.org\/about-online-advertising\/\">Network Advertising Initiative<\/a> (EE.UU.) y <a target=\"_blank\" rel=\"noreferrer noopener\" href=\"https:\/\/www.aboutads.info\/consumers\/\">Digital Advertising Alliance<\/a> (EE.UU.), <a target=\"_blank\" rel=\"noreferrer noopener\" href=\"https:\/\/youradchoices.ca\/understanding-online-advertising\/\">DAAC<\/a> (Canad\u00e1), <a target=\"_blank\" rel=\"noreferrer noopener\" href=\"http:\/\/www.ddai.info\/optout\">DDAI<\/a> (Jap\u00f3n) u otros servicios similares. Con estos servicios es posible gestionar las preferencias de seguimiento de la mayor\u00eda de las herramientas publicitarias. Por lo tanto, el Responsable del Tratamiento aconseja a los Usuarios que utilicen estos recursos adem\u00e1s de la informaci\u00f3n facilitada en el presente documento. <\/p>\n\n<p>La Digital Advertising Alliance tambi\u00e9n ofrece una aplicaci\u00f3n llamada <a target=\"_blank\" rel=\"noreferrer noopener\" href=\"https:\/\/youradchoices.com\/appchoices\">AppChoices<\/a> que ayuda a los usuarios a controlar la publicidad comportamental en las aplicaciones m\u00f3viles.<\/p>\n\n<h5 class=\"wp-block-heading\">CONSECUENCIAS DE RECHAZAR EL USO DE HERRAMIENTAS DE SEGUIMIENTO<\/h5>\n\n<p>Los Usuarios son libres de decidir si permiten o no el uso de Herramientas de Seguimiento. Sin embargo, tenga en cuenta que las Herramientas de Seguimiento permiten a esta Aplicaci\u00f3n proporcionar a los Usuarios una mejor experiencia y funcionalidades avanzadas (en l\u00ednea con los prop\u00f3sitos descritos en este documento). Por lo tanto, si el Usuario decide bloquear el uso de Herramientas de seguimiento, es posible que el Propietario no pueda proporcionar las funcionalidades relacionadas.  <\/p>\n\n<h4 class=\"wp-block-heading\" id=\"owner_of_the_data\">Controlador de datos<\/h4>\n\n<p>ISER SRL<\/p>\n\n<p><strong>Direcci\u00f3n de correo electr\u00f3nico del titular:<\/strong> info@isertessuti.com<\/p>\n\n<p>Dado que el uso de Herramientas de Seguimiento de Terceros en esta Aplicaci\u00f3n no puede ser totalmente controlado por el Propietario, cualquier referencia espec\u00edfica a Herramientas de Seguimiento de Terceros debe considerarse meramente indicativa. Para obtener informaci\u00f3n completa, se invita amablemente a los Usuarios a consultar la pol\u00edtica de privacidad de los respectivos servicios de terceros enumerados en este documento. <\/p>\n\n<p>Dada la complejidad objetiva de la identificaci\u00f3n de las tecnolog\u00edas de seguimiento, se invita a los Usuarios a ponerse en contacto con el Responsable del Tratamiento si desean recibir m\u00e1s informaci\u00f3n sobre el uso de dichas tecnolog\u00edas en esta Aplicaci\u00f3n.<\/p>\n","protected":false},"excerpt":{"rendered":"<p>Este documento contiene informaci\u00f3n sobre las tecnolog\u00edas que permiten a esta Aplicaci\u00f3n alcanzar los fines descritos a continuaci\u00f3n. Estas tecnolog\u00edas permiten al Propietario recopilar y guardar informaci\u00f3n (por ejemplo, mediante el uso de Cookies) o utilizar recursos (por ejemplo, mediante la ejecuci\u00f3n de un script) en el dispositivo del Usuario cuando este interact\u00faa con esta [&hellip;]<\/p>\n","protected":false},"author":1,"featured_media":0,"parent":0,"menu_order":0,"comment_status":"closed","ping_status":"closed","template":"","meta":{"footnotes":""},"class_list":["post-2822","page","type-page","status-publish","hentry"],"_links":{"self":[{"href":"https:\/\/isertessuti.com\/es\/wp-json\/wp\/v2\/pages\/2822","targetHints":{"allow":["GET"]}}],"collection":[{"href":"https:\/\/isertessuti.com\/es\/wp-json\/wp\/v2\/pages"}],"about":[{"href":"https:\/\/isertessuti.com\/es\/wp-json\/wp\/v2\/types\/page"}],"author":[{"embeddable":true,"href":"https:\/\/isertessuti.com\/es\/wp-json\/wp\/v2\/users\/1"}],"replies":[{"embeddable":true,"href":"https:\/\/isertessuti.com\/es\/wp-json\/wp\/v2\/comments?post=2822"}],"version-history":[{"count":1,"href":"https:\/\/isertessuti.com\/es\/wp-json\/wp\/v2\/pages\/2822\/revisions"}],"predecessor-version":[{"id":2823,"href":"https:\/\/isertessuti.com\/es\/wp-json\/wp\/v2\/pages\/2822\/revisions\/2823"}],"wp:attachment":[{"href":"https:\/\/isertessuti.com\/es\/wp-json\/wp\/v2\/media?parent=2822"}],"curies":[{"name":"wp","href":"https:\/\/api.w.org\/{rel}","templated":true}]}}