{"id":2201,"date":"2024-06-18T15:11:22","date_gmt":"2024-06-18T13:11:22","guid":{"rendered":"https:\/\/isertessuti.agomir.com\/certificaciones\/"},"modified":"2024-06-27T11:28:47","modified_gmt":"2024-06-27T09:28:47","slug":"certificaciones","status":"publish","type":"page","link":"https:\/\/isertessuti.com\/es\/certificaciones\/","title":{"rendered":"Certificaciones"},"content":{"rendered":"\t\t<div data-elementor-type=\"wp-page\" data-elementor-id=\"2201\" class=\"elementor elementor-2201 elementor-39\" data-elementor-post-type=\"page\">\n\t\t\t\t<div class=\"elementor-element elementor-element-ce89db6 e-con-full e-flex e-con e-parent\" data-id=\"ce89db6\" data-element_type=\"container\">\n\t\t\t\t<div class=\"elementor-element elementor-element-67f269a elementor-widget elementor-widget-template\" data-id=\"67f269a\" data-element_type=\"widget\" data-widget_type=\"template.default\">\n\t\t\t\t<div class=\"elementor-widget-container\">\n\t\t\t\t\t\t\t<div class=\"elementor-template\">\n\t\t\t\t\t<div data-elementor-type=\"container\" data-elementor-id=\"2589\" class=\"elementor elementor-2589 elementor-360\" data-elementor-post-type=\"elementor_library\">\n\t\t\t\t<div class=\"elementor-element elementor-element-329602fc e-con-full e-flex e-con e-parent\" data-id=\"329602fc\" data-element_type=\"container\" data-settings=\"{&quot;background_background&quot;:&quot;classic&quot;}\">\n\t\t\t\t<div class=\"elementor-element elementor-element-20e047a elementor-arrows-position-inside elementor-widget elementor-widget-image-carousel\" data-id=\"20e047a\" data-element_type=\"widget\" data-settings=\"{&quot;slides_to_show&quot;:&quot;1&quot;,&quot;navigation&quot;:&quot;arrows&quot;,&quot;autoplay_speed&quot;:3000,&quot;effect&quot;:&quot;fade&quot;,&quot;speed&quot;:800,&quot;autoplay&quot;:&quot;yes&quot;,&quot;pause_on_hover&quot;:&quot;yes&quot;,&quot;pause_on_interaction&quot;:&quot;yes&quot;,&quot;infinite&quot;:&quot;yes&quot;}\" data-widget_type=\"image-carousel.default\">\n\t\t\t\t<div class=\"elementor-widget-container\">\n\t\t\t\t\t\t\t<div class=\"elementor-image-carousel-wrapper swiper\" role=\"region\" aria-roledescription=\"carousel\" aria-label=\"Carrusel de im\u00e1genes\" dir=\"ltr\">\n\t\t\t<div class=\"elementor-image-carousel swiper-wrapper swiper-image-stretch\" aria-live=\"off\">\n\t\t\t\t\t\t\t\t<div class=\"swiper-slide\" role=\"group\" aria-roledescription=\"slide\" aria-label=\"1 de 9\"><figure class=\"swiper-slide-inner\"><img decoding=\"async\" class=\"swiper-slide-image\" src=\"https:\/\/isertessuti.com\/wp-content\/uploads\/2024\/06\/Abbigliamento-tessuti-jacquard-33.webp\" alt=\"Abbigliamento-tessuti-jacquard-33\" title=\"Iser Tessuti -\"><\/figure><\/div><div class=\"swiper-slide\" role=\"group\" aria-roledescription=\"slide\" aria-label=\"2 de 9\"><figure class=\"swiper-slide-inner\"><img decoding=\"async\" class=\"swiper-slide-image\" src=\"https:\/\/isertessuti.com\/wp-content\/uploads\/2024\/06\/Iser-Tessuti-Slider-home-3-1536x787.webp\" alt=\"Iser-Tessuti-Slider-home-3\" title=\"Iser Tessuti -\"><\/figure><\/div><div class=\"swiper-slide\" role=\"group\" aria-roledescription=\"slide\" aria-label=\"3 de 9\"><figure class=\"swiper-slide-inner\"><img decoding=\"async\" class=\"swiper-slide-image\" src=\"https:\/\/isertessuti.com\/wp-content\/uploads\/2024\/06\/Tessuti-stampati-pelletteria-16.webp\" alt=\"Tessuti-stampati-pelletteria-16\" title=\"Iser Tessuti -\"><\/figure><\/div><div class=\"swiper-slide\" role=\"group\" aria-roledescription=\"slide\" aria-label=\"4 de 9\"><figure class=\"swiper-slide-inner\"><img decoding=\"async\" class=\"swiper-slide-image\" src=\"https:\/\/isertessuti.com\/wp-content\/uploads\/2024\/06\/Abbigliamento-tessuti-jacquard-27.webp\" alt=\"Abbigliamento-tessuti-jacquard-27\" title=\"Iser Tessuti -\"><\/figure><\/div><div class=\"swiper-slide\" role=\"group\" aria-roledescription=\"slide\" aria-label=\"5 de 9\"><figure class=\"swiper-slide-inner\"><img decoding=\"async\" class=\"swiper-slide-image\" src=\"https:\/\/isertessuti.com\/wp-content\/uploads\/2024\/06\/Abbigliamento-tessuti-jacquard-31.webp\" alt=\"Abbigliamento-tessuti-jacquard-31\" title=\"Iser Tessuti -\"><\/figure><\/div><div class=\"swiper-slide\" role=\"group\" aria-roledescription=\"slide\" aria-label=\"6 de 9\"><figure class=\"swiper-slide-inner\"><img decoding=\"async\" class=\"swiper-slide-image\" src=\"https:\/\/isertessuti.com\/wp-content\/uploads\/2024\/06\/Abbigliamento-tessuti-jacquard-2.webp\" alt=\"Abbigliamento-tessuti-jacquard-2\" title=\"Iser Tessuti -\"><\/figure><\/div><div class=\"swiper-slide\" role=\"group\" aria-roledescription=\"slide\" aria-label=\"7 de 9\"><figure class=\"swiper-slide-inner\"><img decoding=\"async\" class=\"swiper-slide-image\" src=\"https:\/\/isertessuti.com\/wp-content\/uploads\/2024\/06\/Iser-Tessuti-abbigliamento-rasi-5.webp\" alt=\"Iser-Tessuti-abbigliamento-rasi-5\" title=\"Iser Tessuti -\"><\/figure><\/div><div class=\"swiper-slide\" role=\"group\" aria-roledescription=\"slide\" aria-label=\"8 de 9\"><figure class=\"swiper-slide-inner\"><img decoding=\"async\" class=\"swiper-slide-image\" src=\"https:\/\/isertessuti.com\/wp-content\/uploads\/2024\/06\/Iser-Tessuti-Slider-home-5-1536x787.webp\" alt=\"Iser-Tessuti-Slider-home-5\" title=\"Iser Tessuti -\"><\/figure><\/div><div class=\"swiper-slide\" role=\"group\" aria-roledescription=\"slide\" aria-label=\"9 de 9\"><figure class=\"swiper-slide-inner\"><img decoding=\"async\" class=\"swiper-slide-image\" src=\"https:\/\/isertessuti.com\/wp-content\/uploads\/2024\/06\/Tessuto-jacquard-pelletteria-3.webp\" alt=\"Tessuto-jacquard-pelletteria-3\" title=\"Iser Tessuti -\"><\/figure><\/div>\t\t\t<\/div>\n\t\t\t\t\t\t\t\t\t\t\t\t<div class=\"elementor-swiper-button elementor-swiper-button-prev\" role=\"button\" tabindex=\"0\">\n\t\t\t\t\t\t<svg aria-hidden=\"true\" class=\"e-font-icon-svg e-eicon-chevron-left\" viewBox=\"0 0 1000 1000\" xmlns=\"http:\/\/www.w3.org\/2000\/svg\"><path d=\"M646 125C629 125 613 133 604 142L308 442C296 454 292 471 292 487 292 504 296 521 308 533L604 854C617 867 629 875 646 875 663 875 679 871 692 858 704 846 713 829 713 812 713 796 708 779 692 767L438 487 692 225C700 217 708 204 708 187 708 171 704 154 692 142 675 129 663 125 646 125Z\"><\/path><\/svg>\t\t\t\t\t<\/div>\n\t\t\t\t\t<div class=\"elementor-swiper-button elementor-swiper-button-next\" role=\"button\" tabindex=\"0\">\n\t\t\t\t\t\t<svg aria-hidden=\"true\" class=\"e-font-icon-svg e-eicon-chevron-right\" viewBox=\"0 0 1000 1000\" xmlns=\"http:\/\/www.w3.org\/2000\/svg\"><path d=\"M696 533C708 521 713 504 713 487 713 471 708 454 696 446L400 146C388 133 375 125 354 125 338 125 325 129 313 142 300 154 292 171 292 187 292 204 296 221 308 233L563 492 304 771C292 783 288 800 288 817 288 833 296 850 308 863 321 871 338 875 354 875 371 875 388 867 400 854L696 533Z\"><\/path><\/svg>\t\t\t\t\t<\/div>\n\t\t\t\t\n\t\t\t\t\t\t\t\t\t<\/div>\n\t\t\t\t\t\t<\/div>\n\t\t\t\t<\/div>\n\t\t\t\t<\/div>\n\t\t\t\t<\/div>\n\t\t\t\t<\/div>\n\t\t\t\t\t\t<\/div>\n\t\t\t\t<\/div>\n\t\t\t\t<\/div>\n\t\t<div class=\"elementor-element elementor-element-ca51286 e-flex e-con-boxed e-con e-parent\" data-id=\"ca51286\" data-element_type=\"container\">\n\t\t\t\t\t<div class=\"e-con-inner\">\n\t\t<div class=\"elementor-element elementor-element-2bfed3e e-con-full e-flex e-con e-child\" data-id=\"2bfed3e\" data-element_type=\"container\">\n\t\t\t\t<div class=\"elementor-element elementor-element-030bf10 elementor-widget elementor-widget-heading\" data-id=\"030bf10\" data-element_type=\"widget\" data-widget_type=\"heading.default\">\n\t\t\t\t<div class=\"elementor-widget-container\">\n\t\t\t\t\t<h6 class=\"elementor-heading-title elementor-size-default\"><a href=\"https:\/\/isertessuti.agomir.com\/es\/nosotros\/\" target=\"_blank\" rel=\"noopener\">NOSOTROS<\/a><\/h6>\t\t\t\t<\/div>\n\t\t\t\t<\/div>\n\t\t\t\t<div class=\"elementor-element elementor-element-364aed0 elementor-widget elementor-widget-text-editor\" data-id=\"364aed0\" data-element_type=\"widget\" data-widget_type=\"text-editor.default\">\n\t\t\t\t<div class=\"elementor-widget-container\">\n\t\t\t\t\t\t\t\t\t<p>ISER Srl es una <strong>empresa textil certificada<\/strong>. Para proporcionar una garant\u00eda adicional a los clientes sobre la calidad de sus productos terminados y de todo el proceso de producci\u00f3n, la empresa ha iniciado un <strong>proceso de certificaci\u00f3n<\/strong>. <\/p>\n<p>ISER Srl ha obtenido la importante<a href=\"https:\/\/www.oeko-tex.com\/en\/our-standards\/standard-100-by-oeko-tex\" target=\"_blank\" rel=\"noopener\"> Oeko-Tex\u00ae Standard 100<\/a>, un sistema de certificaci\u00f3n uniforme para todo el mundo textil que contempla la <strong>verificaci\u00f3n de todas las fases<\/strong> de elaboraci\u00f3n textil: desde el control inicial de las materias primas hasta el an\u00e1lisis de los semi elaborados y el control de los productos acabados.<\/p>\n<p><strong><span style=\"text-decoration: underline;\">ISER Srl protege la salud de los consumidores<\/span><\/strong><\/p>\n<p>ISER Srl utiliza exclusivamente sustancias reguladas por ley y ha prohibido por el contrario productos qu\u00edmicos conocidos por ser nocivos para la salud, as\u00ed como todas las sustancias prohibidas.<br \/>La certificaci\u00f3n Oeko-Tex\u00ae Standard 100 tambi\u00e9n garantiza que no se utilizan sustancias nocivas durante todas las fases de elaboraci\u00f3n de los tejidos.<\/p>\n\t\t\t\t\t\t\t\t<\/div>\n\t\t\t\t<\/div>\n\t\t\t\t<div class=\"elementor-element elementor-element-16263ef elementor-align-right elementor-widget elementor-widget-button\" data-id=\"16263ef\" data-element_type=\"widget\" data-widget_type=\"button.default\">\n\t\t\t\t<div class=\"elementor-widget-container\">\n\t\t\t\t\t\t\t\t\t<div class=\"elementor-button-wrapper\">\n\t\t\t\t\t<a class=\"elementor-button elementor-button-link elementor-size-sm\" href=\"https:\/\/isertessuti.agomir.com\/wp-content\/uploads\/2024\/06\/MX-3060N_20211110_150242.pdf\" target=\"_blank\" rel=\"noopener\">\n\t\t\t\t\t\t<span class=\"elementor-button-content-wrapper\">\n\t\t\t\t\t\t<span class=\"elementor-button-icon\">\n\t\t\t\t<svg xmlns=\"http:\/\/www.w3.org\/2000\/svg\" xmlns:xlink=\"http:\/\/www.w3.org\/1999\/xlink\" id=\"Livello_1\" x=\"0px\" y=\"0px\" viewBox=\"0 0 800 800\" style=\"enable-background:new 0 0 800 800;\" xml:space=\"preserve\"><g>\t<path d=\"M640,800c-0.9,0-1.9,0-2.8-0.1c0,0-0.1,0-0.1,0c-3.9-0.3-7.7-1.1-11.2-2.5c-5.2-1.9-10-5-14.2-9.2l-80-80  c-15.6-15.6-15.6-40.9,0-56.6c15.6-15.6,40.9-15.6,56.6,0l11.7,11.7V520c0-22.1,17.9-40,40-40c22.1,0,40,17.9,40,40v143.4  l11.7-11.7c15.6-15.6,40.9-15.6,56.6,0c15.6,15.6,15.6,40.9,0,56.6l-80,80c-4.2,4.2-9,7.2-14.2,9.2c-3.5,1.3-7.3,2.2-11.2,2.5  c0,0-0.1,0-0.1,0C641.9,800,640.9,800,640,800z M440,800H208c-49.5,0-76.8,0-102.5-13.1c-22.7-11.6-40.9-29.7-52.4-52.4  C40,708.8,40,681.5,40,632V168c0-49.5,0-76.8,13.1-102.5c11.6-22.7,29.7-40.9,52.4-52.4C131.2,0,158.5,0,208,0h191.7  c1,0,2.1,0,3.1,0.1c0,0,0.1,0,0.1,0c3.9,0.3,7.7,1.1,11.2,2.5c5.2,1.9,10,5,14.2,9.2l240,240c4.2,4.2,7.2,9,9.2,14.2  c1.3,3.5,2.2,7.3,2.5,11.2c0,0,0,0,0,0c0,0,0,0,0,0c0.1,1,0.1,2.1,0.1,3.1V360c0,22.1-17.9,40-40,40c-22.1,0-40-17.9-40-40v-40H464  c-26,0-43.2,0-60.3-8.7c-15.1-7.7-27.2-19.8-35-35C360,259.2,360,242,360,216V80H208c-34.7,0-57.6,0-66.2,4.4  c-7.6,3.9-13.6,9.9-17.5,17.5c-4.4,8.6-4.4,31.5-4.4,66.2v464c0,34.7,0,57.6,4.4,66.2c3.9,7.6,9.9,13.6,17.5,17.5  c8.6,4.4,31.5,4.4,66.2,4.4h232c22.1,0,40,17.9,40,40C480,782.1,462.1,800,440,800z M440.8,241.9L440.8,241.9L440.8,241.9z   M440.4,239.6c4.9,0.4,14.3,0.4,23.6,0.4h79.4L440,136.6V216C440,225.2,440,234.7,440.4,239.6z M400,640H240c-22.1,0-40-17.9-40-40  c0-22.1,17.9-40,40-40h160c22.1,0,40,17.9,40,40C440,622.1,422.1,640,400,640z M480,480H240c-22.1,0-40-17.9-40-40  c0-22.1,17.9-40,40-40h240c22.1,0,40,17.9,40,40C520,462.1,502.1,480,480,480z M280,320h-40c-22.1,0-40-17.9-40-40s17.9-40,40-40  h40c22.1,0,40,17.9,40,40S302.1,320,280,320z\"><\/path><\/g><\/svg>\t\t\t<\/span>\n\t\t\t\t\t\t\t\t\t<span class=\"elementor-button-text\">Descargar certificaci\u00f3n<\/span>\n\t\t\t\t\t<\/span>\n\t\t\t\t\t<\/a>\n\t\t\t\t<\/div>\n\t\t\t\t\t\t\t\t<\/div>\n\t\t\t\t<\/div>\n\t\t\t\t<\/div>\n\t\t<div class=\"elementor-element elementor-element-77fb8e4 e-con-full e-flex e-con e-child\" data-id=\"77fb8e4\" data-element_type=\"container\">\n\t\t\t\t<div class=\"elementor-element elementor-element-50daffb elementor-widget elementor-widget-image\" data-id=\"50daffb\" data-element_type=\"widget\" data-widget_type=\"image.default\">\n\t\t\t\t<div class=\"elementor-widget-container\">\n\t\t\t\t\t\t\t\t\t\t\t\t\t\t\t<img fetchpriority=\"high\" decoding=\"async\" width=\"500\" height=\"707\" src=\"https:\/\/isertessuti.com\/wp-content\/uploads\/2024\/06\/Iser-Tessuti-Certificazione-Oeko-Tex-Standard-100.jpg\" class=\"attachment-large size-large wp-image-2202\" alt=\"Iser Tessuti -\" srcset=\"https:\/\/isertessuti.com\/wp-content\/uploads\/2024\/06\/Iser-Tessuti-Certificazione-Oeko-Tex-Standard-100.jpg 500w, https:\/\/isertessuti.com\/wp-content\/uploads\/2024\/06\/Iser-Tessuti-Certificazione-Oeko-Tex-Standard-100-212x300.jpg 212w\" sizes=\"(max-width: 500px) 100vw, 500px\" title=\"Iser Tessuti -\">\t\t\t\t\t\t\t\t\t\t\t\t\t\t\t<\/div>\n\t\t\t\t<\/div>\n\t\t\t\t<\/div>\n\t\t\t\t\t<\/div>\n\t\t\t\t<\/div>\n\t\t\t\t<\/div>\n\t\t","protected":false},"excerpt":{"rendered":"<p>NOSOTROS ISER Srl es una empresa textil certificada. Para proporcionar una garant\u00eda adicional a los clientes sobre la calidad de sus productos terminados y de todo el proceso de producci\u00f3n, la empresa ha iniciado un proceso de certificaci\u00f3n. ISER Srl ha obtenido la importante Oeko-Tex\u00ae Standard 100, un sistema de certificaci\u00f3n uniforme para todo el [&hellip;]<\/p>\n","protected":false},"author":1,"featured_media":0,"parent":0,"menu_order":0,"comment_status":"closed","ping_status":"closed","template":"","meta":{"footnotes":""},"class_list":["post-2201","page","type-page","status-publish","hentry"],"_links":{"self":[{"href":"https:\/\/isertessuti.com\/es\/wp-json\/wp\/v2\/pages\/2201","targetHints":{"allow":["GET"]}}],"collection":[{"href":"https:\/\/isertessuti.com\/es\/wp-json\/wp\/v2\/pages"}],"about":[{"href":"https:\/\/isertessuti.com\/es\/wp-json\/wp\/v2\/types\/page"}],"author":[{"embeddable":true,"href":"https:\/\/isertessuti.com\/es\/wp-json\/wp\/v2\/users\/1"}],"replies":[{"embeddable":true,"href":"https:\/\/isertessuti.com\/es\/wp-json\/wp\/v2\/comments?post=2201"}],"version-history":[{"count":1,"href":"https:\/\/isertessuti.com\/es\/wp-json\/wp\/v2\/pages\/2201\/revisions"}],"predecessor-version":[{"id":2203,"href":"https:\/\/isertessuti.com\/es\/wp-json\/wp\/v2\/pages\/2201\/revisions\/2203"}],"wp:attachment":[{"href":"https:\/\/isertessuti.com\/es\/wp-json\/wp\/v2\/media?parent=2201"}],"curies":[{"name":"wp","href":"https:\/\/api.w.org\/{rel}","templated":true}]}}