{"id":2826,"date":"2024-06-18T14:10:13","date_gmt":"2024-06-18T12:10:13","guid":{"rendered":"https:\/\/isertessuti.agomir.com\/datenschutzbestimmungen\/"},"modified":"2024-06-28T01:31:18","modified_gmt":"2024-06-27T23:31:18","slug":"datenschutzbestimmungen","status":"publish","type":"page","link":"https:\/\/isertessuti.com\/de\/datenschutzbestimmungen\/","title":{"rendered":"Datenschutzbestimmungen"},"content":{"rendered":"\n<h4 class=\"wp-block-heading\" id=\"owner_of_the_data\">DATENVERANTWORTLICHER<\/h4>\n\n<p>ISER SRL<\/p>\n\n<p><strong>E-Mail Adresse des Inhabers:<\/strong> info@isertessuti.com<\/p>\n\n<h4 class=\"wp-block-heading\" id=\"types_of_data\">ARTEN DER ERHOBENEN DATEN<\/h4>\n\n<p>Zu den personenbezogenen Daten, die von dieser Anwendung entweder unabh\u00e4ngig oder \u00fcber Dritte erhoben werden, geh\u00f6ren: Cookies, Nutzungsdaten, Name, E-Mail, Telefonnummer, Anzahl der Nutzer, Stadt, Ger\u00e4teinformationen, Sitzungsstatistiken, Breitengrad (der Stadt), L\u00e4ngengrad (der Stadt), Browserinformationen.<\/p>\n\n<p>Ausf\u00fchrliche Informationen zu jeder Art von erfassten personenbezogenen Daten finden Sie in den entsprechenden Abschnitten dieser Datenschutzrichtlinie oder in speziellen Informationstexten, die vor der Erfassung der Daten angezeigt werden.<br\/>Personenbezogene Daten k\u00f6nnen vom Nutzer freiwillig zur Verf\u00fcgung gestellt werden oder, im Falle von Nutzerdaten, automatisch w\u00e4hrend der Nutzung dieser Anwendung gesammelt werden.<br\/>Sofern nicht anders angegeben, sind alle von dieser Anwendung angeforderten Daten obligatorisch. Wenn der Nutzer sich weigert, diese Daten mitzuteilen, kann es f\u00fcr diese Anwendung unm\u00f6glich sein, den Dienst bereitzustellen. In F\u00e4llen, in denen diese Anwendung bestimmte Daten als fakultativ bezeichnet, steht es dem Nutzer frei, diese Daten nicht mitzuteilen, ohne dass dies Auswirkungen auf die Verf\u00fcgbarkeit des Dienstes oder seinen Betrieb hat.  <br\/>Benutzer, die Zweifel daran haben, welche Daten obligatorisch sind, werden gebeten, sich an den f\u00fcr die Verarbeitung Verantwortlichen zu wenden.<br\/>Die m\u00f6gliche Verwendung von Cookies &#8211; oder anderer Tracking-Tools &#8211; durch diese Anwendung oder durch die Eigent\u00fcmer der von dieser Anwendung genutzten Dienste Dritter dient dem Zweck, den vom Nutzer angeforderten Dienst bereitzustellen, zus\u00e4tzlich zu den in diesem Dokument und in der Cookie-Richtlinie beschriebenen weiteren Zwecken.<\/p>\n\n<p>Der Nutzer \u00fcbernimmt die Verantwortung f\u00fcr die pers\u00f6nlichen Daten Dritter, die \u00fcber diese Anwendung erhalten, ver\u00f6ffentlicht oder weitergegeben werden.<\/p>\n\n<div style=\"height:30px\" aria-hidden=\"true\" class=\"wp-block-spacer\"><\/div>\n\n<h4 class=\"wp-block-heading\" id=\"place_of_processing\">WIE UND WO DIE ERHOBENEN DATEN VERARBEITET WERDEN<\/h4>\n\n<h5 class=\"wp-block-heading\">Behandlungsmethoden<\/h5>\n\n<p>Der f\u00fcr die Verarbeitung Verantwortliche ergreift geeignete Sicherheitsma\u00dfnahmen, um den unbefugten Zugriff auf personenbezogene Daten sowie deren Weitergabe, \u00c4nderung oder Vernichtung zu verhindern.<br\/>Die Verarbeitung erfolgt mit Hilfe von Informatik- und\/oder Telematikinstrumenten, wobei die organisatorischen und logischen Mittel streng auf die angegebenen Zwecke abgestimmt sind. Neben dem f\u00fcr die Verarbeitung Verantwortlichen k\u00f6nnen in einigen F\u00e4llen auch andere an der Organisation dieser Anwendung beteiligte Personen (Verwaltungs-, Vertriebs-, Marketing-, Rechts- und Systemadministratoren) oder externe Personen (z. B. dritte technische Dienstleister, Postkuriere, Hosting-Anbieter, IT-Unternehmen, Kommunikationsagenturen), die gegebenenfalls vom f\u00fcr die Verarbeitung Verantwortlichen als Datenverarbeiter benannt werden, Zugang zu den Daten haben. Die aktualisierte Liste der Datenverarbeiter kann jederzeit bei dem f\u00fcr die Verarbeitung Verantwortlichen angefordert werden.  <\/p>\n\n<h5 class=\"wp-block-heading\">Ort<\/h5>\n\n<p>Die Daten werden in den R\u00e4umlichkeiten des f\u00fcr die Verarbeitung Verantwortlichen sowie an jedem anderen Ort verarbeitet, an dem sich die an der Verarbeitung beteiligten Parteien befinden. F\u00fcr weitere Informationen wenden Sie sich bitte an den f\u00fcr die Verarbeitung Verantwortlichen. <br\/>Ihre personenbezogenen Daten k\u00f6nnen in ein anderes Land als das Land, in dem Sie sich befinden, \u00fcbermittelt werden. Weitere Informationen \u00fcber den Ort der Verarbeitung finden Sie im Abschnitt \u00fcber die Einzelheiten der Verarbeitung personenbezogener Daten. <\/p>\n\n<h5 class=\"wp-block-heading\">Konservierungszeitraum<\/h5>\n\n<p>Sofern in diesem Dokument nicht anders angegeben, werden personenbezogene Daten so lange verarbeitet und aufbewahrt, wie es der Zweck, f\u00fcr den sie erhoben wurden, erfordert, und k\u00f6nnen aufgrund gesetzlicher Verpflichtungen oder aufgrund der Zustimmung der Nutzer l\u00e4nger aufbewahrt werden.<\/p>\n\n<div style=\"height:30px\" aria-hidden=\"true\" class=\"wp-block-spacer\"><\/div>\n\n<h4 class=\"wp-block-heading\" id=\"use_collected_data\">ZWECK DER DATENVERARBEITUNG<\/h4>\n\n<p>Nutzerdaten werden erhoben, damit der f\u00fcr die Datenverarbeitung Verantwortliche den Dienst bereitstellen, gesetzlichen Verpflichtungen nachkommen, auf Anfragen oder Durchsetzungsma\u00dfnahmen reagieren, seine Rechte und Interessen (oder die von Nutzern oder Dritten) sch\u00fctzen, b\u00f6swillige oder betr\u00fcgerische Aktivit\u00e4ten aufdecken kann, sowie f\u00fcr die folgenden Zwecke: Statistiken, Kontaktaufnahme mit dem Nutzer, SPAM-Schutz, Remarketing und Behavioral Targeting, Tag-Management, Anzeige von Inhalten von externen Plattformen, Registrierung und Authentifizierung, Plattform- und Hosting-Dienste, Leistungspr\u00fcfung von Inhalten und Funktionen (A\/B-Tests), Werbung sowie Hosting und Backend-Infrastruktur.<br\/>Ausf\u00fchrliche Informationen \u00fcber die Zwecke der Verarbeitung und die f\u00fcr jeden Zweck verarbeiteten personenbezogenen Daten erh\u00e4lt der Nutzer im Abschnitt &#8222;Einzelheiten zur Verarbeitung personenbezogener Daten&#8220;.<\/p>\n\n<div style=\"height:30px\" aria-hidden=\"true\" class=\"wp-block-spacer\"><\/div>\n\n<h4 class=\"wp-block-heading\" id=\"data_processing_detailed_info\">EINZELHEITEN ZUR VERARBEITUNG PERSONENBEZOGENER DATEN<\/h4>\n\n<p>Personenbezogene Daten werden f\u00fcr die folgenden Zwecke und unter Nutzung der folgenden Dienste erhoben:<\/p>\n\n<h5 class=\"wp-block-heading\"><strong>Kontaktaufnahme mit dem Benutzer<\/strong><\/h5>\n\n<p><strong>KONTAKTFORMULAR (DIESE ANWENDUNG)<\/strong><\/p>\n\n<p>Indem der Nutzer das Kontaktformular mit seinen Daten ausf\u00fcllt, erkl\u00e4rt er sich mit deren Verwendung einverstanden, um auf Informationsanfragen, Angebote oder andere in der Kopfzeile des Formulars angegebene Anfragen zu reagieren.<\/p>\n\n<p>Verarbeitete personenbezogene Daten: E-Mail; Name.<\/p>\n\n<p><strong>TELEFONISCHER KONTAKT (DIESE ANWENDUNG)<\/strong><\/p>\n\n<p>Nutzer, die ihre Telefonnummer angegeben haben, k\u00f6nnen zu kommerziellen oder werblichen Zwecken im Zusammenhang mit dieser Anwendung sowie zur Bearbeitung von Supportanfragen kontaktiert werden.<\/p>\n\n<p>Verarbeitete personenbezogene Daten: Telefonnummer.<\/p>\n\n<h5 class=\"wp-block-heading\"><strong>Tag-Verwaltung<\/strong><\/h5>\n\n<p>Diese Art von Dienst ist f\u00fcr die zentrale Verwaltung von Tags oder Skripten, die in dieser Anwendung verwendet werden, geeignet.<br\/>Die Nutzung dieser Dienste bringt es mit sich, dass Nutzerdaten durch sie flie\u00dfen und gegebenenfalls gespeichert werden.<\/p>\n\n<p><strong>GOOGLE TAG MANAGER (GOOGLE LLC)<\/strong><\/p>\n\n<p>Google Tag Manager ist ein Tag-Management-Dienst, der von Google LLC bereitgestellt wird.<\/p>\n\n<p>Verarbeitete personenbezogene Daten: Cookies; Nutzungsdaten.<\/p>\n\n<p>Ort der Verarbeitung: Vereinigte Staaten von Amerika &#8211; <a href=\"https:\/\/www.google.com\/intl\/it\/policies\/privacy\/\" target=\"_blank\" rel=\"noreferrer noopener\">Datenschutzrichtlinie<\/a>.<\/p>\n\n<h5 class=\"wp-block-heading\"><strong>Hosting und Backend-Infrastruktur<\/strong><\/h5>\n\n<p>Diese Arten von Diensten haben die Funktion, Daten und Dateien zu hosten, die das Funktionieren dieser Anwendung erm\u00f6glichen, ihre Verbreitung erm\u00f6glichen und eine gebrauchsfertige Infrastruktur f\u00fcr die Bereitstellung bestimmter Funktionen dieser Anwendung bereitstellen.<\/p>\n\n<p>Einige der nachstehend aufgef\u00fchrten Dienste k\u00f6nnen auf geografisch verstreuten Servern betrieben werden, so dass es schwierig ist, den tats\u00e4chlichen Ort zu bestimmen, an dem personenbezogene Daten gespeichert sind.<\/p>\n\n<p><strong>GOOGLE RECAPTCHA (GOOGLE INC.)<\/strong><\/p>\n\n<p>Google reCAPTCHA ist ein Dienst zum Schutz vor SPAM, der von Google Inc.<br\/>Die Nutzung des reCAPTCHA-Systems unterliegt den <a href=\"https:\/\/www.google.com\/intl\/it\/policies\/privacy\/\" target=\"_blank\" rel=\"noopener\">Datenschutzbestimmungen<\/a> und <a href=\"https:\/\/www.google.com\/intl\/it\/policies\/terms\/\" target=\"_blank\" rel=\"noopener\">Nutzungsbedingungen<\/a> von Google. <\/p>\n\n<p>Informationen \u00fcber die Verwendung von Daten durch Google finden Sie in den <a href=\"https:\/\/www.google.com\/intl\/it\/policies\/privacy\/partners\/\" target=\"_blank\" rel=\"noopener\">Google-Partner-Richtlinien<\/a>.<\/p>\n\n<p>Verarbeitete personenbezogene Daten: Cookies; Nutzungsdaten.<\/p>\n\n<p>Ort der Verarbeitung: Vereinigte Staaten von Amerika &#8211; <a href=\"https:\/\/business.safety.google\/privacy\/\" target=\"_blank\" rel=\"noreferrer noopener\">Datenschutzrichtlinie<\/a>.<\/p>\n\n<h5 class=\"wp-block-heading\">Anzeige<\/h5>\n\n<p>Diese Art von Dienst erm\u00f6glicht es, die Daten des Nutzers f\u00fcr kommerzielle Kommunikationszwecke zu verwenden. Diese Mitteilungen werden auf dieser Anwendung in Form von Bannern und anderen Formen der Werbung angezeigt, auch in Bezug auf die Interessen des Nutzers. <br\/>Dies bedeutet nicht, dass alle personenbezogenen Daten zu diesem Zweck verwendet werden. Die Daten und Nutzungsbedingungen sind unten aufgef\u00fchrt. <br\/>Einige der unten genannten Dienste k\u00f6nnen Tracking-Tools verwenden, um den Nutzer zu identifizieren, oder die Technik des Behavioral Retargeting anwenden, d. h. auf die Interessen und das Verhalten des Nutzers zugeschnittene Werbung anzeigen, die auch au\u00dferhalb dieser Anwendung erkannt wird. F\u00fcr weitere Informationen zu diesem Thema empfehlen wir Ihnen, die Datenschutzrichtlinien der jeweiligen Dienste zu lesen. <br\/>Im Allgemeinen bieten solche Dienste die M\u00f6glichkeit, das Tracking zu deaktivieren. Zus\u00e4tzlich zu den Opt-out-Funktionen, die von den in diesem Dokument aufgef\u00fchrten Diensten angeboten werden, kann der Nutzer im Abschnitt &#8222;Deaktivieren von interessenbezogener Werbung&#8220; in diesem Dokument mehr dar\u00fcber lesen, wie er interessenbezogene Werbung deaktivieren kann. <\/p>\n\n<p><strong>REMARKETING GOOGLE ADS (GOOGLE LLC)<\/strong><\/p>\n\n<p>Remarketing Google Ads ist ein Remarketing- und Behavioral-Targeting-Service von Google LLC, der die Aktivit\u00e4ten dieser Anwendung mit dem Werbenetzwerk Google Ads und dem DoubleClick-Cookie verbindet. <\/p>\n\n<p>Die Nutzer k\u00f6nnen die Cookies von Google f\u00fcr die Anzeigenanpassung deaktivieren, indem sie die <a href=\"https:\/\/adssettings.google.com\/authenticated\" target=\"_blank\" rel=\"noopener\">Anzeigeneinstellungen<\/a> von Google besuchen.<\/p>\n\n<p>Verarbeitete personenbezogene Daten: Cookies; Nutzungsdaten.<\/p>\n\n<p>Ort der Verarbeitung: Vereinigte Staaten &#8211; <a href=\"https:\/\/policies.google.com\/privacy\" target=\"_blank\" rel=\"noreferrer noopener\">Datenschutzerkl\u00e4rung<\/a> &#8211; <a href=\"https:\/\/adssettings.google.com\/authenticated?hl=it\" target=\"_blank\" rel=\"noopener\">Opt-out<\/a>.<\/p>\n\n<p><strong>REMARKETING CON GOOGLE ANALYTICS (GOOGLE LLC)<\/strong><\/p>\n\n<p>Remarketing mit Google Analytics ist ein Remarketing- und Behavioral Targeting-Service von Google LLC, der die von Google Analytics und seinen Cookies durchgef\u00fchrten Tracking-Aktivit\u00e4ten mit dem Werbenetzwerk Google Ads und dem Doubleclick-Cookie verkn\u00fcpft.<\/p>\n\n<p>Verarbeitete personenbezogene Daten: Cookies; Nutzungsdaten.<\/p>\n\n<p>Ort der Verarbeitung: Vereinigte Staaten &#8211; <a href=\"https:\/\/policies.google.com\/privacy\" target=\"_blank\" rel=\"noreferrer noopener\">Datenschutzerkl\u00e4rung<\/a> &#8211; <a href=\"https:\/\/adssettings.google.com\/authenticated?hl=it\" target=\"_blank\" rel=\"noopener\">Opt-out<\/a>.<\/p>\n\n<h5 class=\"wp-block-heading\">Plattform- und Hostingdienste<\/h5>\n\n<p>Diese Dienste sind dazu bestimmt, Schl\u00fcsselkomponenten dieser Anwendung zu hosten und zu betreiben, so dass diese Anwendung von einer einzigen Plattform aus bereitgestellt werden kann. Diese Plattformen stellen dem Eigent\u00fcmer eine breite Palette von Tools zur Verf\u00fcgung, wie z. B. Analysetools, Verwaltung der Benutzerregistrierung, Verwaltung von Kommentaren und Datenbanken, E-Commerce, Zahlungsabwicklung usw. Die Nutzung solcher Tools beinhaltet die Erhebung und Verarbeitung personenbezogener Daten.  <br\/>Einige dieser Dienste werden \u00fcber Server betrieben, die sich an verschiedenen Orten befinden, so dass es schwierig ist, den genauen Ort zu bestimmen, an dem personenbezogene Daten gespeichert sind.<\/p>\n\n<p><strong>WORDPRESS.COM (AUTOMATTIC INC.)<\/strong><\/p>\n\n<p>WordPress.com ist eine von Automattic Inc. bereitgestellte Plattform, die es dem Eigent\u00fcmer erm\u00f6glicht, diese Anwendung zu entwickeln, zu betreiben und zu hosten. <\/p>\n\n<p>Verarbeitete personenbezogene Daten: verschiedene Arten von Daten, wie in der Datenschutzrichtlinie des Dienstes angegeben.<\/p>\n\n<p>Ort der Verarbeitung: Vereinigte Staaten von Amerika &#8211; <a href=\"https:\/\/automattic.com\/privacy\/\" target=\"_blank\" rel=\"noreferrer noopener\">Datenschutzrichtlinie<\/a>.<\/p>\n\n<h5 class=\"wp-block-heading\">Statistik<\/h5>\n\n<p>Die in diesem Abschnitt enthaltenen Dienste erm\u00f6glichen dem f\u00fcr die Datenverarbeitung Verantwortlichen die \u00dcberwachung und Analyse von Verkehrsdaten und dienen dazu, das Verhalten des Nutzers zu verfolgen.<\/p>\n\n<p><strong>GOOGLE ANALYTICS (UNIVERSAL ANALYTICS) CON IP ANONIMIZZATO (GOOGLE IRELAND LIMITED)<\/strong><\/p>\n\n<p>Google Analytics (Universal Analytics) ist ein Webanalysedienst, der von Google Ireland Limited (&#8222;Google&#8220;) bereitgestellt wird. Google verwendet die erfassten personenbezogenen Daten, um die Nutzung dieser Anwendung zu verfolgen und zu untersuchen, Berichte zu erstellen und sie mit anderen von Google entwickelten Diensten zu teilen. <br\/>Google kann personenbezogene Daten verwenden, um Anzeigen in seinem Werbenetzwerk zu kontextualisieren und zu personalisieren.<br\/>Diese Google Analytics-Integration anonymisiert Ihre IP-Adresse. Die Anonymisierung erfolgt durch K\u00fcrzung der IP-Adresse der Nutzer innerhalb der Grenzen der Mitgliedstaaten der Europ\u00e4ischen Union oder in anderen Vertragsstaaten des Abkommens \u00fcber den Europ\u00e4ischen Wirtschaftsraum. Nur in Ausnahmef\u00e4llen wird die IP-Adresse an die Server von Google \u00fcbermittelt und innerhalb der USA gek\u00fcrzt.   <\/p>\n\n<p>Informationen \u00fcber die Verwendung von Daten durch Google finden Sie in den <a href=\"https:\/\/www.google.com\/intl\/it\/policies\/privacy\/partners\/\" target=\"_blank\" rel=\"noopener\">Google-Partner-Richtlinien<\/a>.<\/p>\n\n<p>Verarbeitete personenbezogene Daten: Nutzungsdaten; Tracking-Tool.<\/p>\n\n<p>Ort der Verarbeitung: Irland &#8211; <a href=\"https:\/\/business.safety.google\/privacy\/\" target=\"_blank\" rel=\"noreferrer noopener\">Datenschutzerkl\u00e4rung<\/a> &#8211; <a href=\"https:\/\/tools.google.com\/dlpage\/gaoptout?hl=en\" target=\"_blank\" rel=\"noreferrer noopener\">Opt-out<\/a>.<\/p>\n\n<p><strong>GOOGLE ANALYTICS 4 (GOOGLE IRELAND LIMITED)<\/strong><\/p>\n\n<p>Google Analytics ist ein Statistikdienst, der von Google Ireland Limited (&#8222;Google&#8220;) bereitgestellt wird. Google verwendet die erfassten personenbezogenen Daten, um die Nutzung dieser Anwendung zu verfolgen und zu untersuchen, Berichte zu erstellen und sie mit anderen von Google entwickelten Diensten zu teilen. <br\/>Google kann personenbezogene Daten verwenden, um Anzeigen in seinem Werbenetzwerk zu kontextualisieren und zu personalisieren.<br\/>In Google Analytics 4 werden die IP-Adressen zum Zeitpunkt der Erfassung verwendet und dann gel\u00f6scht, bevor die Daten in einem Datenzentrum oder auf einem Server gespeichert werden. Weitere Informationen finden Sie in der <a href=\"\">offiziellen Dokumentation von Google<\/a>.  <\/p>\n\n<p>Informationen \u00fcber die Verwendung von Daten durch Google finden Sie in den <a href=\"https:\/\/www.google.com\/intl\/it\/policies\/privacy\/partners\/\" target=\"_blank\" rel=\"noopener\">Google-Partner-Richtlinien<\/a>.<\/p>\n\n<p>Verarbeitete personenbezogene Daten: Stadt; Nutzungsdaten; Browserinformationen; Ger\u00e4teinformationen; Breitengrad (der Stadt); L\u00e4ngengrad (der Stadt); Anzahl der Nutzer; Sitzungsstatistiken; Tracking Tools.<\/p>\n\n<p>Ort der Verarbeitung: Irland &#8211; <a href=\"https:\/\/business.safety.google\/privacy\/\" target=\"_blank\" rel=\"noreferrer noopener\">Datenschutzerkl\u00e4rung<\/a> &#8211; <a href=\"https:\/\/tools.google.com\/dlpage\/gaoptout?hl=it%22\" target=\"_blank\" rel=\"noopener\">Opt-out<\/a>.<\/p>\n\n<h5 class=\"wp-block-heading\">Leistungspr\u00fcfung von Inhalt und Funktionalit\u00e4t (A\/B-Tests)<\/h5>\n\n<p>Die in diesem Abschnitt enthaltenen Dienste erm\u00f6glichen es dem f\u00fcr die Datenverarbeitung Verantwortlichen, die Reaktion des Nutzers auf \u00c4nderungen der Struktur, des Textes oder einer anderen Komponente dieser Anwendung in Bezug auf den Verkehr oder das Verhalten zu verfolgen und zu analysieren.<\/p>\n\n<p><\/p>\n\n<h5 class=\"wp-block-heading\">Anzeige von Inhalten von externen Plattformen<\/h5>\n\n<p>Diese Art von Dienst erm\u00f6glicht es, Inhalte, die auf externen Plattformen gehostet werden, direkt auf den Seiten dieser Anwendung anzuzeigen und mit ihnen zu interagieren.<br\/>Wenn ein solcher Dienst installiert ist, ist es m\u00f6glich, dass er Verkehrsdaten \u00fcber die Seiten, auf denen er installiert ist, sammelt, auch wenn die Nutzer den Dienst nicht nutzen.<\/p>\n\n<p><strong>WIDGET GOOGLE MAPS (GOOGLE INC.)<\/strong><\/p>\n\n<p>Google Maps ist ein von Google Inc. betriebener Kartendarstellungsdienst, der es dieser Anwendung erm\u00f6glicht, solche Inhalte in ihre Seiten zu integrieren. <\/p>\n\n<p>Verarbeitete personenbezogene Daten: Cookies; Nutzungsdaten.<\/p>\n\n<p>Ort der Verarbeitung: Vereinigte Staaten von Amerika &#8211; <a href=\"https:\/\/www.google.it\/intl\/it\/policies\/privacy\/\" target=\"_blank\" rel=\"noreferrer noopener\">Datenschutzrichtlinie<\/a>.<\/p>\n\n<p><strong>FONT AWESOME (FONTICONS, INC. )<\/strong><\/p>\n\n<p>Font Awesome ist ein von Fonticons, Inc. betriebener Dienst zur Anzeige von Schriftstilen, der es dieser Anwendung erm\u00f6glicht, solche Inhalte in ihre Seiten zu integrieren. <\/p>\n\n<p>Verarbeitete personenbezogene Daten: Nutzungsdaten.<\/p>\n\n<p>Ort der Verarbeitung: Vereinigte Staaten von Amerika &#8211; <a href=\"https:\/\/fontawesome.com\/privacy\" target=\"_blank\" rel=\"noreferrer noopener\">Datenschutzrichtlinie<\/a>.<\/p>\n\n<p><strong>GOOGLE FONTS (GOOGLE IRELAND LIMITED)<\/strong><\/p>\n\n<p>Google Fonts ist ein von Google Ireland Limited betriebener Dienst zur Anzeige von Schriftarten, der es dieser Anwendung erm\u00f6glicht, solche Inhalte in ihre Seiten zu integrieren.<\/p>\n\n<p>Verarbeitete personenbezogene Daten: Nutzungsdaten; verschiedene Arten von Daten, wie in der Datenschutzrichtlinie des Dienstes angegeben.<\/p>\n\n<p>Ort der Verarbeitung: Irland &#8211; <a href=\"https:\/\/policies.google.com\/privacy\" target=\"_blank\" rel=\"noreferrer noopener\">Datenschutzerkl\u00e4rung<\/a>.<\/p>\n\n<p><strong>WIDGET VIDEO YOUTUBE SENZA COOKIE (GOOGLE IRELAND LIMITED)<\/strong><\/p>\n\n<p>YouTube ist ein von Google Ireland Limited betriebener Dienst zur Anzeige von Videoinhalten, der es dieser Anwendung erm\u00f6glicht, solche Inhalte in ihre Seiten einzubetten.<br\/>Dieses Widget ist so eingerichtet, dass YouTube keine Informationen und Cookies \u00fcber Nutzer dieser Anwendung speichert, es sei denn, sie spielen das Video ab.<\/p>\n\n<p>Verarbeitete personenbezogene Daten: Nutzungsdaten.<\/p>\n\n<p>Ort der Verarbeitung: Irland &#8211; <a href=\"https:\/\/policies.google.com\/privacy\" target=\"_blank\" rel=\"noreferrer noopener\">Datenschutzerkl\u00e4rung<\/a>.<\/p>\n","protected":false},"excerpt":{"rendered":"<p>DATENVERANTWORTLICHER ISER SRL E-Mail Adresse des Inhabers: info@isertessuti.com ARTEN DER ERHOBENEN DATEN Zu den personenbezogenen Daten, die von dieser Anwendung entweder unabh\u00e4ngig oder \u00fcber Dritte erhoben werden, geh\u00f6ren: Cookies, Nutzungsdaten, Name, E-Mail, Telefonnummer, Anzahl der Nutzer, Stadt, Ger\u00e4teinformationen, Sitzungsstatistiken, Breitengrad (der Stadt), L\u00e4ngengrad (der Stadt), Browserinformationen. Ausf\u00fchrliche Informationen zu jeder Art von erfassten personenbezogenen Daten [&hellip;]<\/p>\n","protected":false},"author":1,"featured_media":0,"parent":0,"menu_order":0,"comment_status":"closed","ping_status":"closed","template":"","meta":{"footnotes":""},"class_list":["post-2826","page","type-page","status-publish","hentry"],"_links":{"self":[{"href":"https:\/\/isertessuti.com\/de\/wp-json\/wp\/v2\/pages\/2826","targetHints":{"allow":["GET"]}}],"collection":[{"href":"https:\/\/isertessuti.com\/de\/wp-json\/wp\/v2\/pages"}],"about":[{"href":"https:\/\/isertessuti.com\/de\/wp-json\/wp\/v2\/types\/page"}],"author":[{"embeddable":true,"href":"https:\/\/isertessuti.com\/de\/wp-json\/wp\/v2\/users\/1"}],"replies":[{"embeddable":true,"href":"https:\/\/isertessuti.com\/de\/wp-json\/wp\/v2\/comments?post=2826"}],"version-history":[{"count":1,"href":"https:\/\/isertessuti.com\/de\/wp-json\/wp\/v2\/pages\/2826\/revisions"}],"predecessor-version":[{"id":2827,"href":"https:\/\/isertessuti.com\/de\/wp-json\/wp\/v2\/pages\/2826\/revisions\/2827"}],"wp:attachment":[{"href":"https:\/\/isertessuti.com\/de\/wp-json\/wp\/v2\/media?parent=2826"}],"curies":[{"name":"wp","href":"https:\/\/api.w.org\/{rel}","templated":true}]}}