{"id":2820,"date":"2024-06-26T09:32:25","date_gmt":"2024-06-26T07:32:25","guid":{"rendered":"https:\/\/isertessuti.agomir.com\/cookie-politik\/"},"modified":"2024-06-28T01:00:22","modified_gmt":"2024-06-27T23:00:22","slug":"cookie-politik","status":"publish","type":"page","link":"https:\/\/isertessuti.com\/de\/cookie-politik\/","title":{"rendered":"Cookie-Politik"},"content":{"rendered":"\n<p>Dieses Dokument enth\u00e4lt Informationen \u00fcber die Technologien, die es dieser Anwendung erm\u00f6glichen, die unten beschriebenen Zwecke zu erreichen. Diese Technologien erm\u00f6glichen es dem Eigent\u00fcmer, Informationen zu sammeln und zu speichern (z. B. durch die Verwendung von Cookies) oder Ressourcen (z. B. durch die Ausf\u00fchrung eines Skripts) auf dem Ger\u00e4t des Nutzers zu verwenden, wenn der Nutzer mit dieser Anwendung interagiert. <\/p>\n\n<p>Der Einfachheit halber werden diese Technologien in diesem Dokument kurz als &#8222;Tracking Tools&#8220; bezeichnet, es sei denn, es besteht Grund zur Differenzierung.<br\/>Obwohl Cookies beispielsweise sowohl in Web- als auch in mobilen Browsern verwendet werden k\u00f6nnen, w\u00e4re es unangemessen, \u00fcber Cookies im Zusammenhang mit mobilen Anwendungen zu sprechen, da diese Tracking-Tools das Vorhandensein eines Browsers erfordern. Aus diesem Grund wird der Begriff &#8222;Cookie&#8220; in diesem Dokument nur verwendet, um sich speziell auf diese besondere Art von Tracking-Tool zu beziehen. <\/p>\n\n<p>Einige der Zwecke, f\u00fcr die Tracking-Tools verwendet werden, k\u00f6nnen auch die Zustimmung des Nutzers erfordern. Wenn die Zustimmung erteilt wurde, kann sie jederzeit frei widerrufen werden, indem die in diesem Dokument enthaltenen Anweisungen befolgt werden. <\/p>\n\n<p>Diese Anwendung verwendet Tracking-Tools, die direkt vom Eigent\u00fcmer verwaltet werden (gemeinhin als &#8222;Erstanbieter&#8220;-Tracking-Tools bezeichnet), und Tracking-Tools, die von Dritten bereitgestellte Dienste erm\u00f6glichen (gemeinhin als &#8222;Drittanbieter&#8220;-Tracking-Tools bezeichnet). Sofern in diesem Dokument nicht anders angegeben, haben diese Dritten Zugriff auf ihre jeweiligen Tracking Tools. <br\/>Dauer und Ablauf von Cookies und \u00e4hnlichen Tracking-Tools k\u00f6nnen je nach den Einstellungen des f\u00fcr die Datenverarbeitung Verantwortlichen oder des jeweiligen Drittanbieters variieren. Einige von ihnen laufen am Ende der Browsing-Sitzung des Nutzers ab. <br\/>Zus\u00e4tzlich zu dem, was in der Beschreibung der einzelnen Kategorien unten angegeben ist, k\u00f6nnen die Nutzer detailliertere und aktuellere Informationen \u00fcber die Dauer sowie andere relevante Informationen &#8211; wie das Vorhandensein anderer Tracking-Tools &#8211; in den Datenschutzbestimmungen der jeweiligen Drittanbieter (\u00fcber die angegebenen Links) oder durch Kontaktaufnahme mit dem f\u00fcr die Verarbeitung Verantwortlichen erhalten.<\/p>\n\n<h4 class=\"wp-block-heading\">Aktivit\u00e4ten, die unbedingt erforderlich sind, um den Betrieb dieser Anwendung und die Bereitstellung des Dienstes zu gew\u00e4hrleisten<\/h4>\n\n<p>Diese Anwendung verwendet Cookies, die gemeinhin als &#8222;technische&#8220; oder \u00e4hnliche Tracking-Tools bezeichnet werden, um Aktivit\u00e4ten durchzuf\u00fchren, die unbedingt erforderlich sind, um den Betrieb oder die Bereitstellung des Dienstes zu gew\u00e4hrleisten.<\/p>\n\n<h5 class=\"wp-block-heading\">TRACKING-TOOLS VON DRITTANBIETERN<\/h5>\n\n<p><strong>SPAM-Schutz<\/strong><br\/>Diese Art von Diensten analysiert den Datenverkehr dieser Anwendung, der m\u00f6glicherweise personenbezogene Daten der Nutzer enth\u00e4lt, um ihn von Datenverkehr, Nachrichten und Inhalten zu filtern, die als SPAM erkannt werden.<\/p>\n\n<p>GOOGLE RECAPTCHA (GOOGLE INC.)<br\/>Google reCAPTCHA ist ein Dienst zum Schutz vor SPAM, der von Google Inc.<br\/>Die Nutzung des reCAPTCHA-Systems unterliegt den <a href=\"https:\/\/www.google.com\/intl\/it\/policies\/privacy\/\" target=\"_blank\" rel=\"noopener\">Datenschutzbestimmungen<\/a> und <a href=\"https:\/\/www.google.com\/intl\/it\/policies\/terms\/\" target=\"_blank\" rel=\"noopener\">Nutzungsbedingungen<\/a> von Google. <br\/>Informationen \u00fcber die Verwendung von Daten durch Google finden Sie in den <a href=\"https:\/\/www.google.com\/intl\/it\/policies\/privacy\/partners\/\" target=\"_blank\" rel=\"noopener\">Google-Partner-Richtlinien<\/a>.<br\/>Verarbeitete personenbezogene Daten: Cookies und Nutzungsdaten.<br\/>Ort der Verarbeitung: Vereinigte Staaten von Amerika &#8211; <a href=\"https:\/\/business.safety.google\/privacy\/\" target=\"_blank\" rel=\"noreferrer noopener\">Datenschutzrichtlinie<\/a>.<\/p>\n\n<p>Dauer der Lagerung:<\/p>\n\n<ul class=\"wp-block-list\">\n<li>_GRECAPTCHA: Sitzungsdauer<\/li>\n\n\n\n<li>rc::a: nicht definiert<\/li>\n\n\n\n<li>rc::b: Sitzungsdauer<\/li>\n\n\n\n<li>rc::c: Sitzungsdauer<\/li>\n<\/ul>\n\n<p><strong>Tag-Verwaltung<\/strong><br\/>Diese Art von Dienst ist f\u00fcr die zentrale Verwaltung von Tags oder Skripten, die in dieser Anwendung verwendet werden, geeignet.<br\/>Die Nutzung dieser Dienste bringt es mit sich, dass Nutzerdaten durch sie flie\u00dfen und gegebenenfalls gespeichert werden.<\/p>\n\n<p>GOOGLE TAG MANAGER (GOOGLE LLC)<br\/>Google Tag Manager ist ein Tag-Management-Dienst, der von Google LLC bereitgestellt wird.<br\/>Verarbeitete personenbezogene Daten: Cookies und Nutzungsdaten.<br\/>Ort der Verarbeitung: Vereinigte Staaten von Amerika &#8211; <a href=\"https:\/\/www.google.com\/intl\/it\/policies\/privacy\/\" target=\"_blank\" rel=\"noreferrer noopener\">Datenschutzrichtlinie<\/a>.<\/p>\n\n<h4 class=\"wp-block-heading\">Andere Aktivit\u00e4ten, die den Einsatz von Tracking Tools beinhalten<\/h4>\n\n<p><strong>Anzeige von Inhalten von externen Plattformen<\/strong><br\/>Diese Art von Dienst erm\u00f6glicht es, Inhalte, die auf externen Plattformen gehostet werden, direkt auf den Seiten dieser Anwendung anzuzeigen und mit ihnen zu interagieren.<br\/>Wenn ein solcher Dienst installiert ist, ist es m\u00f6glich, dass er Verkehrsdaten \u00fcber die Seiten, auf denen er installiert ist, sammelt, auch wenn die Nutzer den Dienst nicht nutzen.<\/p>\n\n<p>WIDGET GOOGLE MAPS (GOOGLE INC.)<br\/>Google Maps ist ein von Google Inc. betriebener Kartendarstellungsdienst, der es dieser Anwendung erm\u00f6glicht, solche Inhalte in ihre Seiten zu integrieren. <br\/>Verarbeitete personenbezogene Daten: Cookies und Nutzungsdaten.<br\/>Ort der Verarbeitung: Vereinigte Staaten von Amerika &#8211; <a href=\"https:\/\/www.google.it\/intl\/it\/policies\/privacy\/\" target=\"_blank\" rel=\"noreferrer noopener\">Datenschutzrichtlinie<\/a>.<\/p>\n\n<p>WIDGET VIDEO YOUTUBE (GOOGLE IRELAND LIMITED)<br\/>YouTube ist ein von Google Ireland Limited betriebener Dienst zur Anzeige von Videoinhalten, der es dieser Anwendung erm\u00f6glicht, solche Inhalte in ihre Seiten einzubetten.<br\/>Verarbeitete personenbezogene Daten: Cookies und Nutzungsdaten.<br\/>Ort der Verarbeitung: Irland &#8211; <a href=\"https:\/\/policies.google.com\/privacy\" target=\"_blank\" rel=\"noreferrer noopener\">Datenschutzerkl\u00e4rung<\/a>.<\/p>\n\n<p>Dauer der Lagerung:<\/p>\n\n<ul class=\"wp-block-list\">\n<li>PREF: 8 Monate<\/li>\n\n\n\n<li>VISITOR_INFO1_LIVE: 8 Monate<\/li>\n\n\n\n<li>YSC: Dauer der Sitzung<\/li>\n<\/ul>\n\n<h5 class=\"wp-block-heading\">MASSNAHMEN<\/h5>\n\n<p>Diese Anwendung verwendet Tracking Tools, um den Datenverkehr zu messen und das Verhalten der Nutzer zu analysieren, um den Dienst zu verbessern.<\/p>\n\n<p><strong>Anonymisierte Statistikdienste<\/strong><br\/>Die Dienste in diesem Abschnitt erm\u00f6glichen dem f\u00fcr die Verarbeitung Verantwortlichen die anonyme Verarbeitung und Verwaltung von Statistiken durch den Einsatz von Tracking-Tools von Erstanbietern.<\/p>\n\n<p>GOOGLE ANALYTICS (UNIVERSAL ANALYTICS) CON IP ANONIMIZZATO (GOOGLE IRELAND LIMITED)<br\/>Google Analytics (Universal Analytics) ist ein Webanalysedienst, der von Google Ireland Limited (&#8222;Google&#8220;) bereitgestellt wird. Google verwendet die erfassten personenbezogenen Daten, um die Nutzung dieser Anwendung zu verfolgen und zu untersuchen, Berichte zu erstellen und sie mit anderen von Google entwickelten Diensten zu teilen. <br\/>Google kann personenbezogene Daten verwenden, um Anzeigen in seinem Werbenetzwerk zu kontextualisieren und zu personalisieren.<br\/>Diese Google Analytics-Integration anonymisiert Ihre IP-Adresse. Die Anonymisierung erfolgt durch K\u00fcrzung der IP-Adresse der Nutzer innerhalb der Grenzen der Mitgliedstaaten der Europ\u00e4ischen Union oder in anderen Vertragsstaaten des Abkommens \u00fcber den Europ\u00e4ischen Wirtschaftsraum. Nur in Ausnahmef\u00e4llen wird die IP-Adresse an die Server von Google \u00fcbermittelt und innerhalb der USA gek\u00fcrzt.   <br\/>Informationen \u00fcber die Verwendung von Daten durch Google finden Sie in den <a href=\"https:\/\/www.google.com\/intl\/it\/policies\/privacy\/partners\/\" target=\"_blank\" rel=\"noopener\">Google-Partner-Richtlinien<\/a>.<br\/>Verarbeitete pers\u00f6nliche Daten: Nutzungsdaten und Tracking-Tool.<br\/>Ort der Verarbeitung: Irland &#8211; <a href=\"https:\/\/business.safety.google\/privacy\/\" target=\"_blank\" rel=\"noreferrer noopener\">Datenschutzerkl\u00e4rung<\/a> &#8211; <a href=\"https:\/\/tools.google.com\/dlpage\/gaoptout?hl=en\" target=\"_blank\" rel=\"noreferrer noopener\">Opt-out<\/a>.<\/p>\n\n<p>Dauer der Lagerung:<\/p>\n\n<ul class=\"wp-block-list\">\n<li>AMP_TOKEN: 1 Stunde<\/li>\n\n\n\n<li>_ga: 2 Jahre<\/li>\n\n\n\n<li>_gac*: 3 Monate<\/li>\n\n\n\n<li>_gat: 1 Minute<\/li>\n\n\n\n<li>_gid: 1 Tag<\/li>\n<\/ul>\n\n<p><strong>WORDPRESS STAT (AUTOMATTIC INC.)<\/strong><br\/>WordPress Stats ist ein Statistikdienst, der von Automattic Inc. bereitgestellt wird.<br\/>Verarbeitete personenbezogene Daten: Cookies und Nutzungsdaten.<br\/>Ort der Verarbeitung: Vereinigte Staaten von Amerika &#8211; <a href=\"https:\/\/automattic.com\/privacy\/\" target=\"_blank\" rel=\"noreferrer noopener\">Datenschutzrichtlinie<\/a>.<\/p>\n\n<p>Dauer der Lagerung:<\/p>\n\n<p>Google Analytics ist ein Statistikdienst, der von Google Ireland Limited (&#8222;Google&#8220;) bereitgestellt wird. Google verwendet die erfassten personenbezogenen Daten, um die Nutzung dieser Anwendung zu verfolgen und zu untersuchen, Berichte zu erstellen und sie mit anderen von Google entwickelten Diensten zu teilen. <br\/>Google kann personenbezogene Daten verwenden, um Anzeigen in seinem Werbenetzwerk zu kontextualisieren und zu personalisieren.<br\/>In Google Analytics 4 werden die IP-Adressen zum Zeitpunkt der Erfassung verwendet und dann gel\u00f6scht, bevor die Daten in einem Datenzentrum oder auf einem Server gespeichert werden. Weitere Informationen finden Sie in der <a href=\"\">offiziellen Dokumentation von Google<\/a>.  <br\/>Informationen \u00fcber die Verwendung von Daten durch Google finden Sie in den <a href=\"https:\/\/www.google.com\/intl\/it\/policies\/privacy\/partners\/\" target=\"_blank\" rel=\"noopener\">Google-Partner-Richtlinien<\/a>.<br\/>Verarbeitete personenbezogene Daten: Stadt, Nutzungsdaten, Browserinformationen, Ger\u00e4teinformationen, Breitengrad (der Stadt), L\u00e4ngengrad (der Stadt), Anzahl der Nutzer, Sitzungsstatistiken und Tracking Tools.<br\/>Ort der Verarbeitung: Irland &#8211; <a href=\"https:\/\/business.safety.google\/privacy\/\" target=\"_blank\" rel=\"noreferrer noopener\">Datenschutzerkl\u00e4rung<\/a> &#8211; <a href=\"https:\/\/tools.google.com\/dlpage\/gaoptout?hl=it%22\" target=\"_blank\" rel=\"noopener\">Opt-out<\/a>.<\/p>\n\n<p>Dauer der Lagerung:<\/p>\n\n<ul class=\"wp-block-list\">\n<li>_ga: 2 Jahre<\/li>\n\n\n\n<li>_ga_*: 2 Jahre<\/li>\n<\/ul>\n\n<p><\/p>\n\n<h5 class=\"wp-block-heading\">VERMARKTUNG<\/h5>\n\n<p>Diese Anwendung verwendet Tracking-Tools, um ma\u00dfgeschneiderte kommerzielle Inhalte auf der Grundlage des Verhaltens des Nutzers bereitzustellen und um Werbung zu verwalten, zu verbreiten und zu verfolgen.<\/p>\n\n<p><strong>Remarketing und verhaltensorientiertes Targeting<\/strong><br\/>Diese Art von Dienst erm\u00f6glicht es dieser Anwendung und ihren Partnern, auf der Grundlage der bisherigen Nutzung dieser Anwendung durch den Nutzer zu kommunizieren, zu optimieren und Werbung zu schalten.<br\/>Diese Art von Dienst erm\u00f6glicht es dieser Anwendung und ihren Partnern, auf der Grundlage der bisherigen Nutzung dieser Anwendung durch den Nutzer zu kommunizieren, zu optimieren und Werbung zu schalten.<br\/>Einige Dienste bieten eine Remarketing-Option auf der Grundlage von E-Mail-Adresslisten.<br\/>Zus\u00e4tzlich zu den Opt-out-Funktionen, die von den unten genannten Diensten angeboten werden, k\u00f6nnen Sie sich auf der Opt-out-Seite der <a href=\"http:\/\/optout.networkadvertising.org\/\" target=\"_blank\" rel=\"noopener\">Network Advertising Initiative abmelden<\/a>.<\/p>\n\n<p><strong>Die Nutzer k\u00f6nnen sich auch daf\u00fcr entscheiden, an bestimmten Werbefunktionen nicht teilzunehmen, indem sie die entsprechenden Ger\u00e4tekonfigurationsoptionen nutzen, z. B. die Konfigurationsoptionen f\u00fcr die Werbung auf mobilen Ger\u00e4ten oder die allgemeine Werbekonfiguration. <\/strong><\/p>\n\n<p>REMARKETING GOOGLE ADS (GOOGLE LLC)<br\/>Remarketing Google Ads ist ein Remarketing- und Behavioral-Targeting-Service von Google LLC, der die Aktivit\u00e4ten dieser Anwendung mit dem Werbenetzwerk Google Ads und dem DoubleClick-Cookie verbindet. <br\/>Die Nutzer k\u00f6nnen die Cookies von Google f\u00fcr die Anzeigenanpassung deaktivieren, indem sie die <a href=\"https:\/\/adssettings.google.com\/authenticated\" target=\"_blank\" rel=\"noopener\">Anzeigeneinstellungen<\/a> von Google besuchen.<br\/>Verarbeitete personenbezogene Daten: Cookies und Nutzungsdaten.<br\/>Ort der Verarbeitung: Vereinigte Staaten &#8211; <a href=\"https:\/\/policies.google.com\/privacy\" target=\"_blank\" rel=\"noreferrer noopener\">Datenschutzerkl\u00e4rung<\/a> &#8211; <a href=\"https:\/\/adssettings.google.com\/authenticated?hl=it\" target=\"_blank\" rel=\"noopener\">Opt-out<\/a>.<\/p>\n\n<p>Dauer der Lagerung:<\/p>\n\n<ul class=\"wp-block-list\">\n<li>AID: 2 Jahre<\/li>\n\n\n\n<li>ANID: 2 Jahre<\/li>\n\n\n\n<li>Conversion: 3 Monate<\/li>\n\n\n\n<li>DSID: 14 Tage<\/li>\n\n\n\n<li>FCNEC: 1 Jahr<\/li>\n\n\n\n<li>FLC: 10 Sekunden<\/li>\n\n\n\n<li>FPAU: 3 Monate<\/li>\n\n\n\n<li>FPGCLAW: 3 Monate<\/li>\n\n\n\n<li>FPGCLDC: 3 Monate<\/li>\n\n\n\n<li>FPGCLGB: 3 Monate<\/li>\n\n\n\n<li>IDE: 2 Jahre<\/li>\n\n\n\n<li>NID: 6 Monate<\/li>\n\n\n\n<li>RUL: 1 Jahr<\/li>\n\n\n\n<li>TAID: 14 Tagei<\/li>\n\n\n\n<li>__gads: 2 Jahre<\/li>\n\n\n\n<li>__gsas: 2 Jahre<\/li>\n\n\n\n<li>_gac_: 3 Monate<\/li>\n\n\n\n<li>_gac_gb_: 3 Monate<\/li>\n\n\n\n<li>_gcl_ag: 3 Monate<\/li>\n\n\n\n<li>_gcl_au: 3 Monate<\/li>\n\n\n\n<li>_gcl_aw: 3 Monate<\/li>\n\n\n\n<li>_gcl_dc: 3 Monate<\/li>\n\n\n\n<li>_gcl_gb: 3 Monate<\/li>\n\n\n\n<li>_gcl_gf: 3 Monate<\/li>\n\n\n\n<li>_gcl_gs: 3 Monate<\/li>\n\n\n\n<li>_gcl_ha: 3 Monate<\/li>\n\n\n\n<li>id: 2 Jahre<\/li>\n\n\n\n<li>test_cookie: 15 Minuten<\/li>\n<\/ul>\n\n<p>REMARKETING CON GOOGLE ANALYTICS (GOOGLE LLC)<br\/>Remarketing mit Google Analytics ist ein Remarketing- und Behavioral Targeting-Service von Google LLC, der die von Google Analytics und seinen Cookies durchgef\u00fchrten Tracking-Aktivit\u00e4ten mit dem Werbenetzwerk Google Ads und dem Doubleclick-Cookie verkn\u00fcpft.<br\/>Verarbeitete personenbezogene Daten: Cookies und Nutzungsdaten.<br\/>Ort der Verarbeitung: Vereinigte Staaten &#8211; <a href=\"https:\/\/policies.google.com\/privacy\" target=\"_blank\" rel=\"noreferrer noopener\">Datenschutzerkl\u00e4rung<\/a> &#8211; <a href=\"https:\/\/adssettings.google.com\/authenticated?hl=it\" target=\"_blank\" rel=\"noopener\">Opt-out<\/a>.<\/p>\n\n<p>Dauer der Lagerung:<\/p>\n\n<ul class=\"wp-block-list\">\n<li>test_cookie: 15 Minuten<\/li>\n\n\n\n<li>IDE: 2 Jahre<\/li>\n\n\n\n<li>_gcl_*: 3 Monate<\/li>\n<\/ul>\n\n<h4 class=\"wp-block-heading\" id=\"manage_cookies\">Verwaltung der Pr\u00e4ferenzen und Erteilung oder Widerruf der Zustimmung<\/h4>\n\n<p>Es gibt mehrere M\u00f6glichkeiten, die Pr\u00e4ferenzen f\u00fcr Tracking Tools zu verwalten und gegebenenfalls die Zustimmung zu erteilen oder zu widerrufen:<\/p>\n\n<p>Die Nutzer k\u00f6nnen ihre Pr\u00e4ferenzen f\u00fcr Tracking-Tools direkt \u00fcber ihre Ger\u00e4teeinstellungen verwalten &#8211; so k\u00f6nnen sie beispielsweise die Verwendung oder Speicherung von Tracking-Tools verhindern.<\/p>\n\n<p>Wenn die Verwendung von Tracking-Tools von der Zustimmung abh\u00e4ngt, kann der Nutzer diese Zustimmung erteilen oder widerrufen, indem er seine Pr\u00e4ferenzen in der Cookie-Richtlinie festlegt oder indem er diese Pr\u00e4ferenzen \u00fcber das Datenschutz-Widget f\u00fcr die Zustimmungspr\u00e4ferenzen aktualisiert, falls vorhanden.<\/p>\n\n<p>Dank spezieller Funktionen des Browsers oder des Ger\u00e4ts ist es auch m\u00f6glich, zuvor gespeicherte Tracking-Tools zu entfernen, einschlie\u00dflich derjenigen, die zur Speicherung der urspr\u00fcnglich vom Nutzer ge\u00e4u\u00dferten Einwilligungspr\u00e4ferenzen verwendet wurden.<\/p>\n\n<p>Andere Tracking-Tools im lokalen Browser-Speicher k\u00f6nnen durch L\u00f6schen des Browserverlaufs entfernt werden.<\/p>\n\n<p>Was die Tracking-Tools von Dritten betrifft, so k\u00f6nnen die Nutzer ihre Pr\u00e4ferenzen \u00fcber den entsprechenden Opt-out-Link (falls vorhanden), \u00fcber die in der Datenschutzrichtlinie des Dritten beschriebenen Tools oder durch direkte Kontaktaufnahme mit dem Dritten verwalten.<\/p>\n\n<h5 class=\"wp-block-heading\">EINSTELLUNGEN DES TRACKING-TOOLS IDENTIFIZIEREN<\/h5>\n\n<p>Informationen \u00fcber die Verwaltung von Cookies in den g\u00e4ngigsten Browsern finden die Nutzer beispielsweise unter den folgenden Adressen:<\/p>\n\n<ul class=\"wp-block-list\">\n<li><a href=\"https:\/\/support.google.com\/chrome\/answer\/95647?hl=it&amp;p=cpn_cookies\" target=\"_blank\" rel=\"noreferrer noopener\"><\/a><a href=\"https:\/\/support.google.com\/chrome\/answer\/95647?hl=it&amp;p=cpn_cookies\" target=\"_blank\" rel=\"noopener\">Google Chrome<\/a><\/li>\n\n\n\n<li><a href=\"https:\/\/support.mozilla.org\/it\/kb\/Attivare%20e%20disattivare%20i%20cookie\" target=\"_blank\" rel=\"noreferrer noopener\"><\/a><a href=\"https:\/\/support.mozilla.org\/it\/kb\/Attivare%20e%20disattivare%20i%20cookie\" target=\"_blank\" rel=\"noopener\">Mozilla Firefox<\/a><\/li>\n\n\n\n<li><a href=\"https:\/\/support.apple.com\/it-it\/guide\/safari\/manage-cookies-and-website-data-sfri11471\/\" target=\"_blank\" rel=\"noreferrer noopener\"><\/a><a href=\"https:\/\/support.apple.com\/it-it\/guide\/safari\/manage-cookies-and-website-data-sfri11471\/\" target=\"_blank\" rel=\"noopener\">Apple Safari<\/a><\/li>\n\n\n\n<li><a href=\"http:\/\/windows.microsoft.com\/it-it\/windows-vista\/block-or-allow-cookies\" target=\"_blank\" rel=\"noreferrer noopener\"><\/a><a href=\"http:\/\/windows.microsoft.com\/it-it\/windows-vista\/block-or-allow-cookies\" target=\"_blank\" rel=\"noopener\">Microsoft Internet Explorer<\/a><\/li>\n\n\n\n<li><a href=\"https:\/\/support.microsoft.com\/it-it\/help\/4027947\" target=\"_blank\" rel=\"noreferrer noopener\"><\/a><a href=\"https:\/\/support.microsoft.com\/it-it\/help\/4027947\" target=\"_blank\" rel=\"noopener\">Microsoft Edge<\/a><\/li>\n\n\n\n<li><a href=\"https:\/\/support.brave.com\/hc\/articles\/360022806212-How-do-I-use-Shields-while-browsing\" target=\"_blank\" rel=\"noreferrer noopener\"><\/a><a href=\"https:\/\/support.brave.com\/hc\/articles\/360022806212-How-do-I-use-Shields-while-browsing\" target=\"_blank\" rel=\"noopener\">Brave<\/a><\/li>\n\n\n\n<li><a href=\"https:\/\/help.opera.com\/latest\/web-preferences\/#cookies\" target=\"_blank\" rel=\"noreferrer noopener\"><\/a><a href=\"https:\/\/help.opera.com\/latest\/web-preferences\/#cookies\" target=\"_blank\" rel=\"noopener\">Opera<\/a><\/li>\n<\/ul>\n\n<p>Die Nutzer k\u00f6nnen auch bestimmte Tracking-Tools f\u00fcr mobile Anwendungen verwalten, indem sie diese \u00fcber die entsprechenden Ger\u00e4teeinstellungen deaktivieren, z. B. \u00fcber die Einstellungen f\u00fcr mobile Werbung oder die Tracking-Einstellungen im Allgemeinen (die Nutzer k\u00f6nnen die entsprechenden Einstellungen in ihren Ger\u00e4teeinstellungen finden).<\/p>\n\n<h5 class=\"wp-block-heading\">WIE MAN INTERESSENBEZOGENE WERBUNG DEAKTIVIERT<\/h5>\n\n<p>Ungeachtet des Vorstehenden werden die Nutzer \u00fcber die M\u00f6glichkeit informiert, die Informationen \u00fcber <a target=\"_blank\" rel=\"noreferrer noopener\" href=\"http:\/\/www.youronlinechoices.eu\/\">YourOnlineChoices<\/a> (EU und UK), <a target=\"_blank\" rel=\"noreferrer noopener\" href=\"https:\/\/thenai.org\/about-online-advertising\/\">Network Advertising Initiative<\/a> (USA) und <a target=\"_blank\" rel=\"noreferrer noopener\" href=\"https:\/\/www.aboutads.info\/consumers\/\">Digital Advertising Alliance<\/a> (USA), <a target=\"_blank\" rel=\"noreferrer noopener\" href=\"https:\/\/youradchoices.ca\/understanding-online-advertising\/\">DAAC<\/a> (Kanada), <a target=\"_blank\" rel=\"noreferrer noopener\" href=\"http:\/\/www.ddai.info\/optout\">DDAI<\/a> (Japan) oder andere \u00e4hnliche Dienste zu nutzen. Mit diesen Diensten ist es m\u00f6glich, die Tracking-Pr\u00e4ferenzen der meisten Werbetools zu verwalten. Der f\u00fcr die Verarbeitung Verantwortliche r\u00e4t den Nutzern daher, diese Ressourcen zus\u00e4tzlich zu den hier bereitgestellten Informationen zu nutzen. <\/p>\n\n<p>Die Digital Advertising Alliance bietet auch eine Anwendung namens <a target=\"_blank\" rel=\"noreferrer noopener\" href=\"https:\/\/youradchoices.com\/appchoices\">AppChoices<\/a> an, die den Nutzern hilft, verhaltensbezogene Werbung in mobilen Anwendungen zu kontrollieren.<\/p>\n\n<h5 class=\"wp-block-heading\">FOLGEN DER VERWEIGERUNG DES EINSATZES VON TRACKING-TOOLS<\/h5>\n\n<p>Es steht den Nutzern frei zu entscheiden, ob sie die Verwendung von Tracking Tools zulassen wollen oder nicht. Bitte beachten Sie jedoch, dass die Tracking-Tools es dieser Anwendung erm\u00f6glichen, den Nutzern ein besseres Erlebnis und erweiterte Funktionen zu bieten (im Einklang mit den in diesem Dokument beschriebenen Zwecken). Wenn der Nutzer beschlie\u00dft, die Verwendung von Tracking-Tools zu blockieren, kann der Eigent\u00fcmer daher m\u00f6glicherweise die entsprechenden Funktionen nicht bereitstellen.  <\/p>\n\n<h4 class=\"wp-block-heading\" id=\"owner_of_the_data\">Datenkontrolleur<\/h4>\n\n<p>ISER SRL<\/p>\n\n<p><strong>E-Mail Adresse des Inhabers:<\/strong> info@isertessuti.com<\/p>\n\n<p>Da die Verwendung von Tracking-Tools von Dritten in dieser Anwendung nicht vollst\u00e4ndig vom Eigent\u00fcmer kontrolliert werden kann, ist jeder spezifische Verweis auf Tracking-Tools von Dritten nur als Hinweis zu verstehen. Um vollst\u00e4ndige Informationen zu erhalten, werden die Nutzer gebeten, die Datenschutzbestimmungen der jeweiligen in diesem Dokument aufgef\u00fchrten Drittanbieterdienste zu konsultieren. <\/p>\n\n<p>In Anbetracht der objektiven Komplexit\u00e4t der Identifizierung von Tracking-Technologien werden die Nutzer gebeten, sich an den f\u00fcr die Verarbeitung Verantwortlichen zu wenden, wenn sie weitere Informationen \u00fcber die Verwendung solcher Technologien in dieser Anwendung erhalten m\u00f6chten.<\/p>\n","protected":false},"excerpt":{"rendered":"<p>Dieses Dokument enth\u00e4lt Informationen \u00fcber die Technologien, die es dieser Anwendung erm\u00f6glichen, die unten beschriebenen Zwecke zu erreichen. Diese Technologien erm\u00f6glichen es dem Eigent\u00fcmer, Informationen zu sammeln und zu speichern (z. B. durch die Verwendung von Cookies) oder Ressourcen (z. B. durch die Ausf\u00fchrung eines Skripts) auf dem Ger\u00e4t des Nutzers zu verwenden, wenn der [&hellip;]<\/p>\n","protected":false},"author":1,"featured_media":0,"parent":0,"menu_order":0,"comment_status":"closed","ping_status":"closed","template":"","meta":{"footnotes":""},"class_list":["post-2820","page","type-page","status-publish","hentry"],"_links":{"self":[{"href":"https:\/\/isertessuti.com\/de\/wp-json\/wp\/v2\/pages\/2820","targetHints":{"allow":["GET"]}}],"collection":[{"href":"https:\/\/isertessuti.com\/de\/wp-json\/wp\/v2\/pages"}],"about":[{"href":"https:\/\/isertessuti.com\/de\/wp-json\/wp\/v2\/types\/page"}],"author":[{"embeddable":true,"href":"https:\/\/isertessuti.com\/de\/wp-json\/wp\/v2\/users\/1"}],"replies":[{"embeddable":true,"href":"https:\/\/isertessuti.com\/de\/wp-json\/wp\/v2\/comments?post=2820"}],"version-history":[{"count":1,"href":"https:\/\/isertessuti.com\/de\/wp-json\/wp\/v2\/pages\/2820\/revisions"}],"predecessor-version":[{"id":2821,"href":"https:\/\/isertessuti.com\/de\/wp-json\/wp\/v2\/pages\/2820\/revisions\/2821"}],"wp:attachment":[{"href":"https:\/\/isertessuti.com\/de\/wp-json\/wp\/v2\/media?parent=2820"}],"curies":[{"name":"wp","href":"https:\/\/api.w.org\/{rel}","templated":true}]}}