{"id":2743,"date":"2024-06-18T15:23:21","date_gmt":"2024-06-18T13:23:21","guid":{"rendered":"https:\/\/isertessuti.agomir.com\/industrielle-stoffe\/"},"modified":"2024-06-28T10:01:04","modified_gmt":"2024-06-28T08:01:04","slug":"industrielle-stoffe","status":"publish","type":"page","link":"https:\/\/isertessuti.com\/de\/industrielle-stoffe\/","title":{"rendered":"Industrielle Stoffe"},"content":{"rendered":"\t\t<div data-elementor-type=\"wp-page\" data-elementor-id=\"2743\" class=\"elementor elementor-2743 elementor-72\" data-elementor-post-type=\"page\">\n\t\t\t\t<div class=\"elementor-element elementor-element-ff979f7 e-con-full e-flex e-con e-parent\" data-id=\"ff979f7\" data-element_type=\"container\">\n\t\t\t\t<div class=\"elementor-element elementor-element-36a1700 elementor-widget elementor-widget-template\" data-id=\"36a1700\" data-element_type=\"widget\" data-widget_type=\"template.default\">\n\t\t\t\t<div class=\"elementor-widget-container\">\n\t\t\t\t\t\t\t<div class=\"elementor-template\">\n\t\t\t\t\t<div data-elementor-type=\"container\" data-elementor-id=\"2583\" class=\"elementor elementor-2583 elementor-360\" data-elementor-post-type=\"elementor_library\">\n\t\t\t\t<div class=\"elementor-element elementor-element-329602fc e-con-full e-flex e-con e-parent\" data-id=\"329602fc\" data-element_type=\"container\" data-settings=\"{&quot;background_background&quot;:&quot;classic&quot;}\">\n\t\t\t\t<div class=\"elementor-element elementor-element-20e047a elementor-arrows-position-inside elementor-widget elementor-widget-image-carousel\" data-id=\"20e047a\" data-element_type=\"widget\" data-settings=\"{&quot;slides_to_show&quot;:&quot;1&quot;,&quot;navigation&quot;:&quot;arrows&quot;,&quot;autoplay_speed&quot;:3000,&quot;effect&quot;:&quot;fade&quot;,&quot;speed&quot;:800,&quot;autoplay&quot;:&quot;yes&quot;,&quot;pause_on_hover&quot;:&quot;yes&quot;,&quot;pause_on_interaction&quot;:&quot;yes&quot;,&quot;infinite&quot;:&quot;yes&quot;}\" data-widget_type=\"image-carousel.default\">\n\t\t\t\t<div class=\"elementor-widget-container\">\n\t\t\t\t\t\t\t<div class=\"elementor-image-carousel-wrapper swiper\" role=\"region\" aria-roledescription=\"carousel\" aria-label=\"Bild Karussell\" dir=\"ltr\">\n\t\t\t<div class=\"elementor-image-carousel swiper-wrapper swiper-image-stretch\" aria-live=\"off\">\n\t\t\t\t\t\t\t\t<div class=\"swiper-slide\" role=\"group\" aria-roledescription=\"slide\" aria-label=\"1 von 9\"><figure class=\"swiper-slide-inner\"><img decoding=\"async\" class=\"swiper-slide-image\" src=\"https:\/\/isertessuti.com\/wp-content\/uploads\/2024\/06\/Abbigliamento-tessuti-jacquard-33.webp\" alt=\"Abbigliamento-tessuti-jacquard-33\" title=\"Iser Tessuti -\"><\/figure><\/div><div class=\"swiper-slide\" role=\"group\" aria-roledescription=\"slide\" aria-label=\"2 von 9\"><figure class=\"swiper-slide-inner\"><img decoding=\"async\" class=\"swiper-slide-image\" src=\"https:\/\/isertessuti.com\/wp-content\/uploads\/2024\/06\/Iser-Tessuti-Slider-home-3-1536x787.webp\" alt=\"Iser-Tessuti-Slider-home-3\" title=\"Iser Tessuti -\"><\/figure><\/div><div class=\"swiper-slide\" role=\"group\" aria-roledescription=\"slide\" aria-label=\"3 von 9\"><figure class=\"swiper-slide-inner\"><img decoding=\"async\" class=\"swiper-slide-image\" src=\"https:\/\/isertessuti.com\/wp-content\/uploads\/2024\/06\/Tessuti-stampati-pelletteria-16.webp\" alt=\"Tessuti-stampati-pelletteria-16\" title=\"Iser Tessuti -\"><\/figure><\/div><div class=\"swiper-slide\" role=\"group\" aria-roledescription=\"slide\" aria-label=\"4 von 9\"><figure class=\"swiper-slide-inner\"><img decoding=\"async\" class=\"swiper-slide-image\" src=\"https:\/\/isertessuti.com\/wp-content\/uploads\/2024\/06\/Abbigliamento-tessuti-jacquard-27.webp\" alt=\"Abbigliamento-tessuti-jacquard-27\" title=\"Iser Tessuti -\"><\/figure><\/div><div class=\"swiper-slide\" role=\"group\" aria-roledescription=\"slide\" aria-label=\"5 von 9\"><figure class=\"swiper-slide-inner\"><img decoding=\"async\" class=\"swiper-slide-image\" src=\"https:\/\/isertessuti.com\/wp-content\/uploads\/2024\/06\/Abbigliamento-tessuti-jacquard-31.webp\" alt=\"Abbigliamento-tessuti-jacquard-31\" title=\"Iser Tessuti -\"><\/figure><\/div><div class=\"swiper-slide\" role=\"group\" aria-roledescription=\"slide\" aria-label=\"6 von 9\"><figure class=\"swiper-slide-inner\"><img decoding=\"async\" class=\"swiper-slide-image\" src=\"https:\/\/isertessuti.com\/wp-content\/uploads\/2024\/06\/Abbigliamento-tessuti-jacquard-2.webp\" alt=\"Abbigliamento-tessuti-jacquard-2\" title=\"Iser Tessuti -\"><\/figure><\/div><div class=\"swiper-slide\" role=\"group\" aria-roledescription=\"slide\" aria-label=\"7 von 9\"><figure class=\"swiper-slide-inner\"><img decoding=\"async\" class=\"swiper-slide-image\" src=\"https:\/\/isertessuti.com\/wp-content\/uploads\/2024\/06\/Iser-Tessuti-abbigliamento-rasi-5.webp\" alt=\"Iser-Tessuti-abbigliamento-rasi-5\" title=\"Iser Tessuti -\"><\/figure><\/div><div class=\"swiper-slide\" role=\"group\" aria-roledescription=\"slide\" aria-label=\"8 von 9\"><figure class=\"swiper-slide-inner\"><img decoding=\"async\" class=\"swiper-slide-image\" src=\"https:\/\/isertessuti.com\/wp-content\/uploads\/2024\/06\/Iser-Tessuti-Slider-home-5-1536x787.webp\" alt=\"Iser-Tessuti-Slider-home-5\" title=\"Iser Tessuti -\"><\/figure><\/div><div class=\"swiper-slide\" role=\"group\" aria-roledescription=\"slide\" aria-label=\"9 von 9\"><figure class=\"swiper-slide-inner\"><img decoding=\"async\" class=\"swiper-slide-image\" src=\"https:\/\/isertessuti.com\/wp-content\/uploads\/2024\/06\/Tessuto-jacquard-pelletteria-3.webp\" alt=\"Tessuto-jacquard-pelletteria-3\" title=\"Iser Tessuti -\"><\/figure><\/div>\t\t\t<\/div>\n\t\t\t\t\t\t\t\t\t\t\t\t<div class=\"elementor-swiper-button elementor-swiper-button-prev\" role=\"button\" tabindex=\"0\">\n\t\t\t\t\t\t<svg aria-hidden=\"true\" class=\"e-font-icon-svg e-eicon-chevron-left\" viewBox=\"0 0 1000 1000\" xmlns=\"http:\/\/www.w3.org\/2000\/svg\"><path d=\"M646 125C629 125 613 133 604 142L308 442C296 454 292 471 292 487 292 504 296 521 308 533L604 854C617 867 629 875 646 875 663 875 679 871 692 858 704 846 713 829 713 812 713 796 708 779 692 767L438 487 692 225C700 217 708 204 708 187 708 171 704 154 692 142 675 129 663 125 646 125Z\"><\/path><\/svg>\t\t\t\t\t<\/div>\n\t\t\t\t\t<div class=\"elementor-swiper-button elementor-swiper-button-next\" role=\"button\" tabindex=\"0\">\n\t\t\t\t\t\t<svg aria-hidden=\"true\" class=\"e-font-icon-svg e-eicon-chevron-right\" viewBox=\"0 0 1000 1000\" xmlns=\"http:\/\/www.w3.org\/2000\/svg\"><path d=\"M696 533C708 521 713 504 713 487 713 471 708 454 696 446L400 146C388 133 375 125 354 125 338 125 325 129 313 142 300 154 292 171 292 187 292 204 296 221 308 233L563 492 304 771C292 783 288 800 288 817 288 833 296 850 308 863 321 871 338 875 354 875 371 875 388 867 400 854L696 533Z\"><\/path><\/svg>\t\t\t\t\t<\/div>\n\t\t\t\t\n\t\t\t\t\t\t\t\t\t<\/div>\n\t\t\t\t\t\t<\/div>\n\t\t\t\t<\/div>\n\t\t\t\t<\/div>\n\t\t\t\t<\/div>\n\t\t\t\t<\/div>\n\t\t\t\t\t\t<\/div>\n\t\t\t\t<\/div>\n\t\t\t\t<\/div>\n\t\t<div class=\"elementor-element elementor-element-f268209 e-flex e-con-boxed e-con e-parent\" data-id=\"f268209\" data-element_type=\"container\">\n\t\t\t\t\t<div class=\"e-con-inner\">\n\t\t<div class=\"elementor-element elementor-element-deb2c93 e-con-full e-flex e-con e-child\" data-id=\"deb2c93\" data-element_type=\"container\">\n\t\t\t\t<div class=\"elementor-element elementor-element-d66c33f elementor-widget elementor-widget-heading\" data-id=\"d66c33f\" data-element_type=\"widget\" data-widget_type=\"heading.default\">\n\t\t\t\t<div class=\"elementor-widget-container\">\n\t\t\t\t\t<h6 class=\"elementor-heading-title elementor-size-default\"><a href=\"https:\/\/isertessuti.agomir.com\/de\/kollektionen\/\" target=\"_blank\" rel=\"noopener\">KOLLEKTIONEN<\/a><\/h6>\t\t\t\t<\/div>\n\t\t\t\t<\/div>\n\t\t\t\t<div class=\"elementor-element elementor-element-51ffd76 elementor-widget elementor-widget-text-editor\" data-id=\"51ffd76\" data-element_type=\"widget\" data-widget_type=\"text-editor.default\">\n\t\t\t\t<div class=\"elementor-widget-container\">\n\t\t\t\t\t\t\t\t\t<p>Die von der Fa. ISER Srl angebotenen industriellen Stoffe umfassen <strong>diverse Stoffe<\/strong> f\u00fcr den Einsatz in der <strong>Papierverarbeitung<\/strong> und als Accessoire f\u00fcr die <strong>Herstellung von B\u00e4ndern und Kunstblumen<\/strong>. F\u00fcr die Papierverarbeitung bietet die in Lecco ans\u00e4ssige <strong>Textilfirma mit Papier kaschierte Stoffe<\/strong> an, darunter Viskosetaft, Acetat-Taft, Taft mit Moir\u00e9-Effekt.<\/p>\n<p>In diesem Bereich sind auch <strong>schwere Taftstoffe<\/strong> erh\u00e4ltlich, die sich besonders gut f\u00fcr Einrichtungszubeh\u00f6r wie St\u00fchle, Kissen, etc. eignen, dicke und widerstandsf\u00e4hige Stoffe aus <strong>weichem Satin<\/strong>, die optimal f\u00fcr T\u00fcten und Shopping bags eingesetzt werden k\u00f6nnen und K\u00f6perstoffe f\u00fcr denselben Verwendungszweck.<\/p>\n<p>Zur Herstellung von B\u00e4ndern eignen sich insbesondere Stoffe aus Viskosetaft, Grosgrain-Stoffe, Stoffe aus Viskose- oder Acetat-Satin mit Spezialausr\u00fcstung f\u00fcr B\u00e4nder oder Kunstblumen.<\/p>\n\t\t\t\t\t\t\t\t<\/div>\n\t\t\t\t<\/div>\n\t\t\t\t<div class=\"elementor-element elementor-element-7598dc2 elementor-align-right elementor-widget elementor-widget-button\" data-id=\"7598dc2\" data-element_type=\"widget\" data-widget_type=\"button.default\">\n\t\t\t\t<div class=\"elementor-widget-container\">\n\t\t\t\t\t\t\t\t\t<div class=\"elementor-button-wrapper\">\n\t\t\t\t\t<a class=\"elementor-button elementor-button-link elementor-size-sm\" href=\"https:\/\/isertessuti.agomir.com\/de\/kontakt\/\" target=\"_blank\" rel=\"noopener\">\n\t\t\t\t\t\t<span class=\"elementor-button-content-wrapper\">\n\t\t\t\t\t\t<span class=\"elementor-button-icon\">\n\t\t\t\t<svg xmlns=\"http:\/\/www.w3.org\/2000\/svg\" id=\"Livello_2\" viewBox=\"0 0 666.67 466.67\"><defs><style>.cls-1{stroke-width:0px;}<\/style><\/defs><g id=\"Livello_1-2\"><path class=\"cls-1\" d=\"m666.67,233.33c0-11.91-6.25-22.35-15.64-28.25-1.73-2.52-3.7-4.9-5.9-7.11L456.9,9.76c-13.02-13.02-34.12-13.02-47.14,0-13.02,13.02-13.02,34.12,0,47.14l143.1,143.1H33.33c-18.41,0-33.33,14.92-33.33,33.33s14.92,33.33,33.33,33.33h519.53l-143.1,143.1c-13.02,13.02-13.02,34.12,0,47.14,6.51,6.51,15.04,9.76,23.57,9.76s17.06-3.25,23.57-9.76l188.21-188.21c2.21-2.21,4.17-4.59,5.91-7.11,9.39-5.9,15.64-16.34,15.64-28.25Z\"><\/path><\/g><\/svg>\t\t\t<\/span>\n\t\t\t\t\t\t\t\t\t<span class=\"elementor-button-text\">Kontakt<\/span>\n\t\t\t\t\t<\/span>\n\t\t\t\t\t<\/a>\n\t\t\t\t<\/div>\n\t\t\t\t\t\t\t\t<\/div>\n\t\t\t\t<\/div>\n\t\t\t\t<\/div>\n\t\t<div class=\"elementor-element elementor-element-705cb4a e-con-full e-flex e-con e-child\" data-id=\"705cb4a\" data-element_type=\"container\">\n\t\t\t\t<div class=\"elementor-element elementor-element-ad3fe95 elementor-widget elementor-widget-image\" data-id=\"ad3fe95\" data-element_type=\"widget\" data-widget_type=\"image.default\">\n\t\t\t\t<div class=\"elementor-widget-container\">\n\t\t\t\t\t\t\t\t\t\t\t\t\t\t\t<img fetchpriority=\"high\" decoding=\"async\" width=\"800\" height=\"533\" src=\"https:\/\/isertessuti.com\/wp-content\/uploads\/2024\/06\/Tessuti-tele-saglie-1.webp\" class=\"attachment-large size-large wp-image-2593\" alt=\"Iser Tessuti -\" srcset=\"https:\/\/isertessuti.com\/wp-content\/uploads\/2024\/06\/Tessuti-tele-saglie-1.webp 816w, https:\/\/isertessuti.com\/wp-content\/uploads\/2024\/06\/Tessuti-tele-saglie-1-300x200.webp 300w, https:\/\/isertessuti.com\/wp-content\/uploads\/2024\/06\/Tessuti-tele-saglie-1-768x512.webp 768w\" sizes=\"(max-width: 800px) 100vw, 800px\" title=\"Iser Tessuti -\">\t\t\t\t\t\t\t\t\t\t\t\t\t\t\t<\/div>\n\t\t\t\t<\/div>\n\t\t\t\t<\/div>\n\t\t\t\t\t<\/div>\n\t\t\t\t<\/div>\n\t\t<div class=\"elementor-element elementor-element-4b369ef e-con-full e-flex e-con e-parent\" data-id=\"4b369ef\" data-element_type=\"container\">\n\t\t\t\t<div class=\"elementor-element elementor-element-c989752 elementor-widget elementor-widget-gallery\" data-id=\"c989752\" data-element_type=\"widget\" data-settings=\"{&quot;gap&quot;:{&quot;unit&quot;:&quot;px&quot;,&quot;size&quot;:8,&quot;sizes&quot;:[]},&quot;aspect_ratio&quot;:&quot;4:3&quot;,&quot;columns_tablet&quot;:4,&quot;columns_mobile&quot;:2,&quot;gap_tablet&quot;:{&quot;unit&quot;:&quot;px&quot;,&quot;size&quot;:4,&quot;sizes&quot;:[]},&quot;gap_mobile&quot;:{&quot;unit&quot;:&quot;px&quot;,&quot;size&quot;:4,&quot;sizes&quot;:[]},&quot;lazyload&quot;:&quot;yes&quot;,&quot;gallery_layout&quot;:&quot;grid&quot;,&quot;columns&quot;:4,&quot;link_to&quot;:&quot;file&quot;,&quot;overlay_background&quot;:&quot;yes&quot;,&quot;content_hover_animation&quot;:&quot;fade-in&quot;}\" data-widget_type=\"gallery.default\">\n\t\t\t\t<div class=\"elementor-widget-container\">\n\t\t\t\t\t\t\t<div class=\"elementor-gallery__container\">\n\t\t\t\t\t\t\t<a class=\"e-gallery-item elementor-gallery-item elementor-animated-content\" href=\"https:\/\/isertessuti.com\/wp-content\/uploads\/2024\/06\/Iser-Tessuti-abbigliamento-rasi-1.webp\" data-elementor-open-lightbox=\"yes\" data-elementor-lightbox-slideshow=\"c989752\" data-e-action-hash=\"#elementor-action%3Aaction%3Dlightbox%26settings%3DeyJpZCI6MzU2LCJ1cmwiOiJodHRwczpcL1wvaXNlcnRlc3N1dGkuY29tXC93cC1jb250ZW50XC91cGxvYWRzXC8yMDI0XC8wNlwvSXNlci1UZXNzdXRpLWFiYmlnbGlhbWVudG8tcmFzaS0xLndlYnAiLCJzbGlkZXNob3ciOiJjOTg5NzUyIn0%3D\">\n\t\t\t\t\t<div class=\"e-gallery-image elementor-gallery-item__image\" data-thumbnail=\"https:\/\/isertessuti.com\/wp-content\/uploads\/2024\/06\/Iser-Tessuti-abbigliamento-rasi-1-768x510.webp\" data-width=\"768\" data-height=\"510\" aria-label=\"\" role=\"img\" ><\/div>\n\t\t\t\t\t\t\t\t\t\t\t<div class=\"elementor-gallery-item__overlay\"><\/div>\n\t\t\t\t\t\t\t\t\t\t\t\t\t\t<\/a>\n\t\t\t\t\t\t\t<a class=\"e-gallery-item elementor-gallery-item elementor-animated-content\" href=\"https:\/\/isertessuti.com\/wp-content\/uploads\/2024\/06\/Tessuti-tele-saglie-7.webp\" data-elementor-open-lightbox=\"yes\" data-elementor-lightbox-slideshow=\"c989752\" data-e-action-hash=\"#elementor-action%3Aaction%3Dlightbox%26settings%3DeyJpZCI6NzQ1LCJ1cmwiOiJodHRwczpcL1wvaXNlcnRlc3N1dGkuY29tXC93cC1jb250ZW50XC91cGxvYWRzXC8yMDI0XC8wNlwvVGVzc3V0aS10ZWxlLXNhZ2xpZS03LndlYnAiLCJzbGlkZXNob3ciOiJjOTg5NzUyIn0%3D\">\n\t\t\t\t\t<div class=\"e-gallery-image elementor-gallery-item__image\" data-thumbnail=\"https:\/\/isertessuti.com\/wp-content\/uploads\/2024\/06\/Tessuti-tele-saglie-7-768x512.webp\" data-width=\"768\" data-height=\"512\" aria-label=\"\" role=\"img\" ><\/div>\n\t\t\t\t\t\t\t\t\t\t\t<div class=\"elementor-gallery-item__overlay\"><\/div>\n\t\t\t\t\t\t\t\t\t\t\t\t\t\t<\/a>\n\t\t\t\t\t\t\t<a class=\"e-gallery-item elementor-gallery-item elementor-animated-content\" href=\"https:\/\/isertessuti.com\/wp-content\/uploads\/2024\/06\/Finissaggi-tessuti-13.webp\" data-elementor-open-lightbox=\"yes\" data-elementor-lightbox-slideshow=\"c989752\" data-e-action-hash=\"#elementor-action%3Aaction%3Dlightbox%26settings%3DeyJpZCI6Nzc4LCJ1cmwiOiJodHRwczpcL1wvaXNlcnRlc3N1dGkuY29tXC93cC1jb250ZW50XC91cGxvYWRzXC8yMDI0XC8wNlwvRmluaXNzYWdnaS10ZXNzdXRpLTEzLndlYnAiLCJzbGlkZXNob3ciOiJjOTg5NzUyIn0%3D\">\n\t\t\t\t\t<div class=\"e-gallery-image elementor-gallery-item__image\" data-thumbnail=\"https:\/\/isertessuti.com\/wp-content\/uploads\/2024\/06\/Finissaggi-tessuti-13-768x512.webp\" data-width=\"768\" data-height=\"512\" aria-label=\"\" role=\"img\" ><\/div>\n\t\t\t\t\t\t\t\t\t\t\t<div class=\"elementor-gallery-item__overlay\"><\/div>\n\t\t\t\t\t\t\t\t\t\t\t\t\t\t<\/a>\n\t\t\t\t\t\t\t<a class=\"e-gallery-item elementor-gallery-item elementor-animated-content\" href=\"https:\/\/isertessuti.com\/wp-content\/uploads\/2024\/06\/Tessuti-tele-saglie-8.webp\" data-elementor-open-lightbox=\"yes\" data-elementor-lightbox-slideshow=\"c989752\" data-e-action-hash=\"#elementor-action%3Aaction%3Dlightbox%26settings%3DeyJpZCI6NzU0LCJ1cmwiOiJodHRwczpcL1wvaXNlcnRlc3N1dGkuY29tXC93cC1jb250ZW50XC91cGxvYWRzXC8yMDI0XC8wNlwvVGVzc3V0aS10ZWxlLXNhZ2xpZS04LndlYnAiLCJzbGlkZXNob3ciOiJjOTg5NzUyIn0%3D\">\n\t\t\t\t\t<div class=\"e-gallery-image elementor-gallery-item__image\" data-thumbnail=\"https:\/\/isertessuti.com\/wp-content\/uploads\/2024\/06\/Tessuti-tele-saglie-8-768x512.webp\" data-width=\"768\" data-height=\"512\" aria-label=\"\" role=\"img\" ><\/div>\n\t\t\t\t\t\t\t\t\t\t\t<div class=\"elementor-gallery-item__overlay\"><\/div>\n\t\t\t\t\t\t\t\t\t\t\t\t\t\t<\/a>\n\t\t\t\t\t<\/div>\n\t\t\t\t\t<\/div>\n\t\t\t\t<\/div>\n\t\t\t\t<\/div>\n\t\t\t\t<\/div>\n\t\t","protected":false},"excerpt":{"rendered":"<p>KOLLEKTIONEN Die von der Fa. ISER Srl angebotenen industriellen Stoffe umfassen diverse Stoffe f\u00fcr den Einsatz in der Papierverarbeitung und als Accessoire f\u00fcr die Herstellung von B\u00e4ndern und Kunstblumen. F\u00fcr die Papierverarbeitung bietet die in Lecco ans\u00e4ssige Textilfirma mit Papier kaschierte Stoffe an, darunter Viskosetaft, Acetat-Taft, Taft mit Moir\u00e9-Effekt. In diesem Bereich sind auch schwere [&hellip;]<\/p>\n","protected":false},"author":1,"featured_media":0,"parent":0,"menu_order":0,"comment_status":"closed","ping_status":"closed","template":"","meta":{"footnotes":""},"class_list":["post-2743","page","type-page","status-publish","hentry"],"_links":{"self":[{"href":"https:\/\/isertessuti.com\/de\/wp-json\/wp\/v2\/pages\/2743","targetHints":{"allow":["GET"]}}],"collection":[{"href":"https:\/\/isertessuti.com\/de\/wp-json\/wp\/v2\/pages"}],"about":[{"href":"https:\/\/isertessuti.com\/de\/wp-json\/wp\/v2\/types\/page"}],"author":[{"embeddable":true,"href":"https:\/\/isertessuti.com\/de\/wp-json\/wp\/v2\/users\/1"}],"replies":[{"embeddable":true,"href":"https:\/\/isertessuti.com\/de\/wp-json\/wp\/v2\/comments?post=2743"}],"version-history":[{"count":2,"href":"https:\/\/isertessuti.com\/de\/wp-json\/wp\/v2\/pages\/2743\/revisions"}],"predecessor-version":[{"id":2846,"href":"https:\/\/isertessuti.com\/de\/wp-json\/wp\/v2\/pages\/2743\/revisions\/2846"}],"wp:attachment":[{"href":"https:\/\/isertessuti.com\/de\/wp-json\/wp\/v2\/media?parent=2743"}],"curies":[{"name":"wp","href":"https:\/\/api.w.org\/{rel}","templated":true}]}}