{"id":2659,"date":"2024-06-18T15:15:43","date_gmt":"2024-06-18T13:15:43","guid":{"rendered":"https:\/\/isertessuti.agomir.com\/leistungen\/faerberei\/"},"modified":"2024-06-27T15:23:37","modified_gmt":"2024-06-27T13:23:37","slug":"faerberei","status":"publish","type":"page","link":"https:\/\/isertessuti.com\/de\/leistungen\/faerberei\/","title":{"rendered":"F\u00e4rberei"},"content":{"rendered":"\t\t<div data-elementor-type=\"wp-page\" data-elementor-id=\"2659\" class=\"elementor elementor-2659 elementor-45\" data-elementor-post-type=\"page\">\n\t\t\t\t<div class=\"elementor-element elementor-element-c42c08c e-con-full e-flex e-con e-parent\" data-id=\"c42c08c\" data-element_type=\"container\">\n\t\t\t\t<div class=\"elementor-element elementor-element-258f21d elementor-widget elementor-widget-template\" data-id=\"258f21d\" data-element_type=\"widget\" data-widget_type=\"template.default\">\n\t\t\t\t<div class=\"elementor-widget-container\">\n\t\t\t\t\t\t\t<div class=\"elementor-template\">\n\t\t\t\t\t<div data-elementor-type=\"container\" data-elementor-id=\"2583\" class=\"elementor elementor-2583 elementor-360\" data-elementor-post-type=\"elementor_library\">\n\t\t\t\t<div class=\"elementor-element elementor-element-329602fc e-con-full e-flex e-con e-parent\" data-id=\"329602fc\" data-element_type=\"container\" data-settings=\"{&quot;background_background&quot;:&quot;classic&quot;}\">\n\t\t\t\t<div class=\"elementor-element elementor-element-20e047a elementor-arrows-position-inside elementor-widget elementor-widget-image-carousel\" data-id=\"20e047a\" data-element_type=\"widget\" data-settings=\"{&quot;slides_to_show&quot;:&quot;1&quot;,&quot;navigation&quot;:&quot;arrows&quot;,&quot;autoplay_speed&quot;:3000,&quot;effect&quot;:&quot;fade&quot;,&quot;speed&quot;:800,&quot;autoplay&quot;:&quot;yes&quot;,&quot;pause_on_hover&quot;:&quot;yes&quot;,&quot;pause_on_interaction&quot;:&quot;yes&quot;,&quot;infinite&quot;:&quot;yes&quot;}\" data-widget_type=\"image-carousel.default\">\n\t\t\t\t<div class=\"elementor-widget-container\">\n\t\t\t\t\t\t\t<div class=\"elementor-image-carousel-wrapper swiper\" role=\"region\" aria-roledescription=\"carousel\" aria-label=\"Bild Karussell\" dir=\"ltr\">\n\t\t\t<div class=\"elementor-image-carousel swiper-wrapper swiper-image-stretch\" aria-live=\"off\">\n\t\t\t\t\t\t\t\t<div class=\"swiper-slide\" role=\"group\" aria-roledescription=\"slide\" aria-label=\"1 von 9\"><figure class=\"swiper-slide-inner\"><img decoding=\"async\" class=\"swiper-slide-image\" src=\"https:\/\/isertessuti.com\/wp-content\/uploads\/2024\/06\/Abbigliamento-tessuti-jacquard-33.webp\" alt=\"Abbigliamento-tessuti-jacquard-33\" title=\"Iser Tessuti -\"><\/figure><\/div><div class=\"swiper-slide\" role=\"group\" aria-roledescription=\"slide\" aria-label=\"2 von 9\"><figure class=\"swiper-slide-inner\"><img decoding=\"async\" class=\"swiper-slide-image\" src=\"https:\/\/isertessuti.com\/wp-content\/uploads\/2024\/06\/Iser-Tessuti-Slider-home-3-1536x787.webp\" alt=\"Iser-Tessuti-Slider-home-3\" title=\"Iser Tessuti -\"><\/figure><\/div><div class=\"swiper-slide\" role=\"group\" aria-roledescription=\"slide\" aria-label=\"3 von 9\"><figure class=\"swiper-slide-inner\"><img decoding=\"async\" class=\"swiper-slide-image\" src=\"https:\/\/isertessuti.com\/wp-content\/uploads\/2024\/06\/Tessuti-stampati-pelletteria-16.webp\" alt=\"Tessuti-stampati-pelletteria-16\" title=\"Iser Tessuti -\"><\/figure><\/div><div class=\"swiper-slide\" role=\"group\" aria-roledescription=\"slide\" aria-label=\"4 von 9\"><figure class=\"swiper-slide-inner\"><img decoding=\"async\" class=\"swiper-slide-image\" src=\"https:\/\/isertessuti.com\/wp-content\/uploads\/2024\/06\/Abbigliamento-tessuti-jacquard-27.webp\" alt=\"Abbigliamento-tessuti-jacquard-27\" title=\"Iser Tessuti -\"><\/figure><\/div><div class=\"swiper-slide\" role=\"group\" aria-roledescription=\"slide\" aria-label=\"5 von 9\"><figure class=\"swiper-slide-inner\"><img decoding=\"async\" class=\"swiper-slide-image\" src=\"https:\/\/isertessuti.com\/wp-content\/uploads\/2024\/06\/Abbigliamento-tessuti-jacquard-31.webp\" alt=\"Abbigliamento-tessuti-jacquard-31\" title=\"Iser Tessuti -\"><\/figure><\/div><div class=\"swiper-slide\" role=\"group\" aria-roledescription=\"slide\" aria-label=\"6 von 9\"><figure class=\"swiper-slide-inner\"><img decoding=\"async\" class=\"swiper-slide-image\" src=\"https:\/\/isertessuti.com\/wp-content\/uploads\/2024\/06\/Abbigliamento-tessuti-jacquard-2.webp\" alt=\"Abbigliamento-tessuti-jacquard-2\" title=\"Iser Tessuti -\"><\/figure><\/div><div class=\"swiper-slide\" role=\"group\" aria-roledescription=\"slide\" aria-label=\"7 von 9\"><figure class=\"swiper-slide-inner\"><img decoding=\"async\" class=\"swiper-slide-image\" src=\"https:\/\/isertessuti.com\/wp-content\/uploads\/2024\/06\/Iser-Tessuti-abbigliamento-rasi-5.webp\" alt=\"Iser-Tessuti-abbigliamento-rasi-5\" title=\"Iser Tessuti -\"><\/figure><\/div><div class=\"swiper-slide\" role=\"group\" aria-roledescription=\"slide\" aria-label=\"8 von 9\"><figure class=\"swiper-slide-inner\"><img decoding=\"async\" class=\"swiper-slide-image\" src=\"https:\/\/isertessuti.com\/wp-content\/uploads\/2024\/06\/Iser-Tessuti-Slider-home-5-1536x787.webp\" alt=\"Iser-Tessuti-Slider-home-5\" title=\"Iser Tessuti -\"><\/figure><\/div><div class=\"swiper-slide\" role=\"group\" aria-roledescription=\"slide\" aria-label=\"9 von 9\"><figure class=\"swiper-slide-inner\"><img decoding=\"async\" class=\"swiper-slide-image\" src=\"https:\/\/isertessuti.com\/wp-content\/uploads\/2024\/06\/Tessuto-jacquard-pelletteria-3.webp\" alt=\"Tessuto-jacquard-pelletteria-3\" title=\"Iser Tessuti -\"><\/figure><\/div>\t\t\t<\/div>\n\t\t\t\t\t\t\t\t\t\t\t\t<div class=\"elementor-swiper-button elementor-swiper-button-prev\" role=\"button\" tabindex=\"0\">\n\t\t\t\t\t\t<svg aria-hidden=\"true\" class=\"e-font-icon-svg e-eicon-chevron-left\" viewBox=\"0 0 1000 1000\" xmlns=\"http:\/\/www.w3.org\/2000\/svg\"><path d=\"M646 125C629 125 613 133 604 142L308 442C296 454 292 471 292 487 292 504 296 521 308 533L604 854C617 867 629 875 646 875 663 875 679 871 692 858 704 846 713 829 713 812 713 796 708 779 692 767L438 487 692 225C700 217 708 204 708 187 708 171 704 154 692 142 675 129 663 125 646 125Z\"><\/path><\/svg>\t\t\t\t\t<\/div>\n\t\t\t\t\t<div class=\"elementor-swiper-button elementor-swiper-button-next\" role=\"button\" tabindex=\"0\">\n\t\t\t\t\t\t<svg aria-hidden=\"true\" class=\"e-font-icon-svg e-eicon-chevron-right\" viewBox=\"0 0 1000 1000\" xmlns=\"http:\/\/www.w3.org\/2000\/svg\"><path d=\"M696 533C708 521 713 504 713 487 713 471 708 454 696 446L400 146C388 133 375 125 354 125 338 125 325 129 313 142 300 154 292 171 292 187 292 204 296 221 308 233L563 492 304 771C292 783 288 800 288 817 288 833 296 850 308 863 321 871 338 875 354 875 371 875 388 867 400 854L696 533Z\"><\/path><\/svg>\t\t\t\t\t<\/div>\n\t\t\t\t\n\t\t\t\t\t\t\t\t\t<\/div>\n\t\t\t\t\t\t<\/div>\n\t\t\t\t<\/div>\n\t\t\t\t<\/div>\n\t\t\t\t<\/div>\n\t\t\t\t<\/div>\n\t\t\t\t\t\t<\/div>\n\t\t\t\t<\/div>\n\t\t\t\t<\/div>\n\t\t<div class=\"elementor-element elementor-element-7bc61f2 e-flex e-con-boxed e-con e-parent\" data-id=\"7bc61f2\" data-element_type=\"container\">\n\t\t\t\t\t<div class=\"e-con-inner\">\n\t\t<div class=\"elementor-element elementor-element-023c261 e-con-full e-flex e-con e-child\" data-id=\"023c261\" data-element_type=\"container\">\n\t\t\t\t<div class=\"elementor-element elementor-element-faae190 elementor-widget elementor-widget-heading\" data-id=\"faae190\" data-element_type=\"widget\" data-widget_type=\"heading.default\">\n\t\t\t\t<div class=\"elementor-widget-container\">\n\t\t\t\t\t<h6 class=\"elementor-heading-title elementor-size-default\"><a href=\"https:\/\/isertessuti.agomir.com\/de\/leistungen\/\" target=\"_blank\" rel=\"noopener\">LEISTUNGEN<\/a><\/h6>\t\t\t\t<\/div>\n\t\t\t\t<\/div>\n\t\t\t\t<div class=\"elementor-element elementor-element-9656fa2 elementor-widget elementor-widget-text-editor\" data-id=\"9656fa2\" data-element_type=\"widget\" data-widget_type=\"text-editor.default\">\n\t\t\t\t<div class=\"elementor-widget-container\">\n\t\t\t\t\t\t\t\t\t<p>Die Abteilung verf\u00fcgt \u00fcber <strong>folgende Anlagen<\/strong>: eine Reinigungslinie im Kontinuebetrieb, sechs F\u00e4rbemaschinen, zwei Hochtemperatur-Jigger, zw\u00f6lf atmosph\u00e4rische Jigger, drei Ower zum Strangf\u00e4rben, zwei Foulards zum F\u00e4rben mit Reaktivfarbstoffen, eine St\u00fcckf\u00e4rbeanlage und eine Waschlinie.<\/p>\n<p>In der F\u00e4rberei der Fa. ISER werden sowohl die in der internen Weberei produzierten Rohgewebe als auch direkt vom Kunden gelieferte, f\u00e4rbebereite Stoffe bearbeitet. In beiden F\u00e4llen erfolgt die Bearbeitung mit gr\u00f6\u00dfter Sorgfalt: Jeder Stoff wird vor der Auslieferung oder Versendung an den Kunden einer gewissenhaften <strong>Qualit\u00e4tskontrolle<\/strong> unterzogen.<\/p>\n\t\t\t\t\t\t\t\t<\/div>\n\t\t\t\t<\/div>\n\t\t\t\t<div class=\"elementor-element elementor-element-94a0aaf elementor-align-right elementor-widget elementor-widget-button\" data-id=\"94a0aaf\" data-element_type=\"widget\" data-widget_type=\"button.default\">\n\t\t\t\t<div class=\"elementor-widget-container\">\n\t\t\t\t\t\t\t\t\t<div class=\"elementor-button-wrapper\">\n\t\t\t\t\t<a class=\"elementor-button elementor-button-link elementor-size-sm\" href=\"https:\/\/isertessuti.agomir.com\/de\/kontakt\/\" target=\"_blank\" rel=\"noopener\">\n\t\t\t\t\t\t<span class=\"elementor-button-content-wrapper\">\n\t\t\t\t\t\t<span class=\"elementor-button-icon\">\n\t\t\t\t<svg xmlns=\"http:\/\/www.w3.org\/2000\/svg\" id=\"Livello_2\" viewBox=\"0 0 666.67 466.67\"><defs><style>.cls-1{stroke-width:0px;}<\/style><\/defs><g id=\"Livello_1-2\"><path class=\"cls-1\" d=\"m666.67,233.33c0-11.91-6.25-22.35-15.64-28.25-1.73-2.52-3.7-4.9-5.9-7.11L456.9,9.76c-13.02-13.02-34.12-13.02-47.14,0-13.02,13.02-13.02,34.12,0,47.14l143.1,143.1H33.33c-18.41,0-33.33,14.92-33.33,33.33s14.92,33.33,33.33,33.33h519.53l-143.1,143.1c-13.02,13.02-13.02,34.12,0,47.14,6.51,6.51,15.04,9.76,23.57,9.76s17.06-3.25,23.57-9.76l188.21-188.21c2.21-2.21,4.17-4.59,5.91-7.11,9.39-5.9,15.64-16.34,15.64-28.25Z\"><\/path><\/g><\/svg>\t\t\t<\/span>\n\t\t\t\t\t\t\t\t\t<span class=\"elementor-button-text\">Kontakt<\/span>\n\t\t\t\t\t<\/span>\n\t\t\t\t\t<\/a>\n\t\t\t\t<\/div>\n\t\t\t\t\t\t\t\t<\/div>\n\t\t\t\t<\/div>\n\t\t\t\t<\/div>\n\t\t<div class=\"elementor-element elementor-element-f49f61e e-con-full e-flex e-con e-child\" data-id=\"f49f61e\" data-element_type=\"container\">\n\t\t\t\t<div class=\"elementor-element elementor-element-c11f254 elementor-widget elementor-widget-video\" data-id=\"c11f254\" data-element_type=\"widget\" data-settings=\"{&quot;youtube_url&quot;:&quot;https:\\\/\\\/youtu.be\\\/bz1w50sIoTQ&quot;,&quot;yt_privacy&quot;:&quot;yes&quot;,&quot;show_image_overlay&quot;:&quot;yes&quot;,&quot;image_overlay&quot;:{&quot;url&quot;:&quot;https:\\\/\\\/isertessuti.agomir.com\\\/wp-content\\\/uploads\\\/2024\\\/06\\\/Chisiamo-Isertessuti-35.webp&quot;,&quot;id&quot;:865,&quot;size&quot;:&quot;&quot;,&quot;alt&quot;:&quot;&quot;,&quot;source&quot;:&quot;library&quot;},&quot;video_type&quot;:&quot;youtube&quot;,&quot;controls&quot;:&quot;yes&quot;}\" data-widget_type=\"video.default\">\n\t\t\t\t<div class=\"elementor-widget-container\">\n\t\t\t\t\t\t\t<div class=\"elementor-wrapper elementor-open-inline\">\n\t\t\t<div class=\"elementor-video\"><\/div>\t\t\t\t<div class=\"elementor-custom-embed-image-overlay\" style=\"background-image: url(https:\/\/isertessuti.com\/wp-content\/uploads\/2024\/06\/Chisiamo-Isertessuti-35-1024x680.webp);\">\n\t\t\t\t\t\t\t\t\t\t\t\t\t\t\t\t<div class=\"elementor-custom-embed-play\" role=\"button\" aria-label=\"Video abspielen\" tabindex=\"0\">\n\t\t\t\t\t\t\t<svg aria-hidden=\"true\" class=\"e-font-icon-svg e-far-play-circle\" viewBox=\"0 0 512 512\" xmlns=\"http:\/\/www.w3.org\/2000\/svg\"><path d=\"M371.7 238l-176-107c-15.8-8.8-35.7 2.5-35.7 21v208c0 18.4 19.8 29.8 35.7 21l176-101c16.4-9.1 16.4-32.8 0-42zM504 256C504 119 393 8 256 8S8 119 8 256s111 248 248 248 248-111 248-248zm-448 0c0-110.5 89.5-200 200-200s200 89.5 200 200-89.5 200-200 200S56 366.5 56 256z\"><\/path><\/svg>\t\t\t\t\t\t<\/div>\n\t\t\t\t\t\t\t\t\t<\/div>\n\t\t\t\t\t<\/div>\n\t\t\t\t\t\t<\/div>\n\t\t\t\t<\/div>\n\t\t\t\t<\/div>\n\t\t\t\t\t<\/div>\n\t\t\t\t<\/div>\n\t\t\t\t<\/div>\n\t\t","protected":false},"excerpt":{"rendered":"<p>LEISTUNGEN Die Abteilung verf\u00fcgt \u00fcber folgende Anlagen: eine Reinigungslinie im Kontinuebetrieb, sechs F\u00e4rbemaschinen, zwei Hochtemperatur-Jigger, zw\u00f6lf atmosph\u00e4rische Jigger, drei Ower zum Strangf\u00e4rben, zwei Foulards zum F\u00e4rben mit Reaktivfarbstoffen, eine St\u00fcckf\u00e4rbeanlage und eine Waschlinie. In der F\u00e4rberei der Fa. ISER werden sowohl die in der internen Weberei produzierten Rohgewebe als auch direkt vom Kunden gelieferte, f\u00e4rbebereite [&hellip;]<\/p>\n","protected":false},"author":1,"featured_media":0,"parent":2627,"menu_order":0,"comment_status":"closed","ping_status":"closed","template":"","meta":{"footnotes":""},"class_list":["post-2659","page","type-page","status-publish","hentry"],"_links":{"self":[{"href":"https:\/\/isertessuti.com\/de\/wp-json\/wp\/v2\/pages\/2659","targetHints":{"allow":["GET"]}}],"collection":[{"href":"https:\/\/isertessuti.com\/de\/wp-json\/wp\/v2\/pages"}],"about":[{"href":"https:\/\/isertessuti.com\/de\/wp-json\/wp\/v2\/types\/page"}],"author":[{"embeddable":true,"href":"https:\/\/isertessuti.com\/de\/wp-json\/wp\/v2\/users\/1"}],"replies":[{"embeddable":true,"href":"https:\/\/isertessuti.com\/de\/wp-json\/wp\/v2\/comments?post=2659"}],"version-history":[{"count":1,"href":"https:\/\/isertessuti.com\/de\/wp-json\/wp\/v2\/pages\/2659\/revisions"}],"predecessor-version":[{"id":2660,"href":"https:\/\/isertessuti.com\/de\/wp-json\/wp\/v2\/pages\/2659\/revisions\/2660"}],"up":[{"embeddable":true,"href":"https:\/\/isertessuti.com\/de\/wp-json\/wp\/v2\/pages\/2627"}],"wp:attachment":[{"href":"https:\/\/isertessuti.com\/de\/wp-json\/wp\/v2\/media?parent=2659"}],"curies":[{"name":"wp","href":"https:\/\/api.w.org\/{rel}","templated":true}]}}